{"id":21666,"date":"2022-02-17T04:44:45","date_gmt":"2022-02-17T03:44:45","guid":{"rendered":"https:\/\/www.kryptoakademie24.de\/?page_id=21666"},"modified":"2023-01-15T05:19:53","modified_gmt":"2023-01-15T04:19:53","slug":"agentur","status":"publish","type":"page","link":"https:\/\/www.kryptoakademie24.de\/tr\/agentur","title":{"rendered":"Kripto Para Ajans\u0131"},"content":{"rendered":"<div class=\"shariff shariff-align-flex-start shariff-widget-align-flex-start\"><ul class=\"shariff-buttons theme-default orientation-horizontal buttonsize-medium\"><li class=\"shariff-button mastodon shariff-nocustomcolor\" style=\"background-color:#563ACC\"><a href=\"https:\/\/s2f.kytta.dev\/?text=Agentur%20f%C3%BCr%20Kryptow%C3%A4hrungen https%3A%2F%2Fwww.kryptoakademie24.de%2Ftr%2Fagentur\" title=\"Mastodon&#039;da Payla\u015f\" aria-label=\"Mastodon&#039;da Payla\u015f\" role=\"button\" rel=\"noopener nofollow\" class=\"shariff-link\" style=\"; background-color:#6364FF; color:#fff\" target=\"_blank\"><span class=\"shariff-icon\" style=\"\"><svg width=\"75\" height=\"79\" viewbox=\"0 0 75 79\" fill=\"none\" xmlns=\"http:\/\/www.w3.org\/2000\/svg\"><path d=\"M37.813-.025C32.462-.058 27.114.13 21.79.598c-8.544.621-17.214 5.58-20.203 13.931C-1.12 23.318.408 32.622.465 41.65c.375 7.316.943 14.78 3.392 21.73 4.365 9.465 14.781 14.537 24.782 15.385 7.64.698 15.761-.213 22.517-4.026a54.1 54.1 0 0 0 .01-6.232c-6.855 1.316-14.101 2.609-21.049 1.074-3.883-.88-6.876-4.237-7.25-8.215-1.53-3.988 3.78-.43 5.584-.883 9.048 1.224 18.282.776 27.303-.462 7.044-.837 14.26-4.788 16.65-11.833 2.263-6.135 1.215-12.79 1.698-19.177.06-3.84.09-7.692-.262-11.52C72.596 7.844 63.223.981 53.834.684a219.453 219.453 0 0 0-16.022-.71zm11.294 12.882c5.5-.067 10.801 4.143 11.67 9.653.338 1.48.471 3 .471 4.515v21.088h-8.357c-.07-7.588.153-15.182-.131-22.765-.587-4.368-7.04-5.747-9.672-2.397-2.422 3.04-1.47 7.155-1.67 10.735v6.392h-8.307c-.146-4.996.359-10.045-.404-15.002-1.108-4.218-7.809-5.565-10.094-1.666-1.685 3.046-.712 6.634-.976 9.936v14.767h-8.354c.109-8.165-.238-16.344.215-24.5.674-5.346 5.095-10.389 10.676-10.627 4.902-.739 10.103 2.038 12.053 6.631.375 1.435 1.76 1.932 1.994.084 1.844-3.704 5.501-6.739 9.785-6.771.367-.044.735-.068 1.101-.073z\"\/><defs><lineargradient id=\"paint0_linear_549_34\" x1=\"37.0692\" y1=\"0\" x2=\"37.0692\" y2=\"79\" gradientunits=\"userSpaceOnUse\"><stop stop-color=\"#6364FF\"\/><stop offset=\"1\" stop-color=\"#563ACC\"\/><\/lineargradient><\/defs><\/svg><\/span><span class=\"shariff-text\">Payla\u015f<\/span>&nbsp;<\/a><\/li><li class=\"shariff-button facebook shariff-nocustomcolor\" style=\"background-color:#4273c8\"><a href=\"https:\/\/www.facebook.com\/sharer\/sharer.php?u=https%3A%2F%2Fwww.kryptoakademie24.de%2Ftr%2Fagentur\" title=\"Facebook&#039;ta Payla\u015f\" aria-label=\"Facebook&#039;ta Payla\u015f\" role=\"button\" rel=\"nofollow\" class=\"shariff-link\" style=\"; background-color:#3b5998; color:#fff\" target=\"_blank\"><span class=\"shariff-icon\" style=\"\"><svg width=\"32px\" height=\"20px\" xmlns=\"http:\/\/www.w3.org\/2000\/svg\" viewbox=\"0 0 18 32\"><path fill=\"#3b5998\" d=\"M17.1 0.2v4.7h-2.8q-1.5 0-2.1 0.6t-0.5 1.9v3.4h5.2l-0.7 5.3h-4.5v13.6h-5.5v-13.6h-4.5v-5.3h4.5v-3.9q0-3.3 1.9-5.2t5-1.8q2.6 0 4.1 0.2z\"\/><\/svg><\/span><span class=\"shariff-text\">Payla\u015f<\/span>&nbsp;<\/a><\/li><li class=\"shariff-button linkedin shariff-nocustomcolor\" style=\"background-color:#1488bf\"><a href=\"https:\/\/www.linkedin.com\/sharing\/share-offsite\/?url=https%3A%2F%2Fwww.kryptoakademie24.de%2Ftr%2Fagentur\" title=\"LinkedIn&#039;de Payla\u015f\" aria-label=\"LinkedIn&#039;de Payla\u015f\" role=\"button\" rel=\"noopener nofollow\" class=\"shariff-link\" style=\"; background-color:#0077b5; color:#fff\" target=\"_blank\"><span class=\"shariff-icon\" style=\"\"><svg width=\"32px\" height=\"20px\" xmlns=\"http:\/\/www.w3.org\/2000\/svg\" viewbox=\"0 0 27 32\"><path fill=\"#0077b5\" d=\"M6.2 11.2v17.7h-5.9v-17.7h5.9zM6.6 5.7q0 1.3-0.9 2.2t-2.4 0.9h0q-1.5 0-2.4-0.9t-0.9-2.2 0.9-2.2 2.4-0.9 2.4 0.9 0.9 2.2zM27.4 18.7v10.1h-5.9v-9.5q0-1.9-0.7-2.9t-2.3-1.1q-1.1 0-1.9 0.6t-1.2 1.5q-0.2 0.5-0.2 1.4v9.9h-5.9q0-7.1 0-11.6t0-5.3l0-0.9h5.9v2.6h0q0.4-0.6 0.7-1t1-0.9 1.6-0.8 2-0.3q3 0 4.9 2t1.9 6z\"\/><\/svg><\/span><span class=\"shariff-text\">Payla\u015f<\/span>&nbsp;<\/a><\/li><li class=\"shariff-button info shariff-nocustomcolor\" style=\"background-color:#eee\"><a href=\"https:\/\/www.kryptoakademie24.de\/tr\/whitepaper\/\" title=\"Whitepaper\" aria-label=\"Whitepaper\" role=\"button\" rel=\"noopener \" class=\"shariff-link\" style=\"; background-color:#fff; color:#fff\" target=\"_blank\"><span class=\"shariff-icon\" style=\"\"><svg width=\"32px\" height=\"20px\" xmlns=\"http:\/\/www.w3.org\/2000\/svg\" viewbox=\"0 0 11 32\"><path fill=\"#999\" d=\"M11.4 24v2.3q0 0.5-0.3 0.8t-0.8 0.4h-9.1q-0.5 0-0.8-0.4t-0.4-0.8v-2.3q0-0.5 0.4-0.8t0.8-0.4h1.1v-6.8h-1.1q-0.5 0-0.8-0.4t-0.4-0.8v-2.3q0-0.5 0.4-0.8t0.8-0.4h6.8q0.5 0 0.8 0.4t0.4 0.8v10.3h1.1q0.5 0 0.8 0.4t0.3 0.8zM9.2 3.4v3.4q0 0.5-0.4 0.8t-0.8 0.4h-4.6q-0.4 0-0.8-0.4t-0.4-0.8v-3.4q0-0.4 0.4-0.8t0.8-0.4h4.6q0.5 0 0.8 0.4t0.4 0.8z\"\/><\/svg><\/span><\/a><\/li><\/ul><\/div><p><img decoding=\"async\" loading=\"lazy\" class=\"alignnone wp-image-25540 size-full\" src=\"https:\/\/www.kryptoakademie24.de\/wp-content\/uploads\/2022\/12\/vision-e1671787353811.png\" alt=\"\" width=\"994\" height=\"119\" srcset=\"https:\/\/www.kryptoakademie24.de\/wp-content\/uploads\/2022\/12\/vision-e1671787353811.png 994w, https:\/\/www.kryptoakademie24.de\/wp-content\/uploads\/2022\/12\/vision-e1671787353811-300x36.png 300w, https:\/\/www.kryptoakademie24.de\/wp-content\/uploads\/2022\/12\/vision-e1671787353811-768x92.png 768w\" sizes=\"(max-width: 994px) 100vw, 994px\" \/><\/p>\n<blockquote>\n<h5><strong>Cryptoverse dan\u0131\u015fmanl\u0131k<\/strong><\/h5>\n<\/blockquote>\n<hr \/>\n<p>2019'dan beri blockchain ve web2 tabanl\u0131 ve merkezi olmayan teknolojileri yo\u011fun bir \u015fekilde ara\u015ft\u0131r\u0131yoruz. \u00d6zellikle kripto evreninden en iyi ve en kazan\u00e7l\u0131 stratejiler i\u00e7in profesyonel hizmetler ve dan\u0131\u015fmanl\u0131k sunuyoruz. Projenize veya fikrinize blok zincirinde do\u011frulamadan merkezi olmayan borsalarda listelemeye kadar e\u015flik ediyoruz. Uzman bir SEO ve 20 y\u0131l\u0131 a\u015fk\u0131n deneyime sahip bir online pazarlama ajans\u0131 olarak, fikrinizin ba\u015far\u0131s\u0131 garantilidir.<\/p>\n<p><span style=\"color: #00ffff;\"><strong>Kripto ve SEO uzman\u0131 yan\u0131n\u0131zda \u235f<\/strong><\/span><br \/>\n<strong>\u2b50 NFT &amp; Kripto Projeleri<\/strong><br \/>\n<strong>\u2b50 Kripto Yat\u0131r\u0131m Tavsiyeleri<\/strong><br \/>\n<strong>Ko\u00e7luk &amp; Seminerler<\/strong><br \/>\n<strong>\ud83d\ude80 <a href=\"https:\/\/www.kryptoakademie24.de\/tr\/whitepaper\/\">Whitepaper<\/a><\/strong><br \/>\n<strong>\ud83d\ude80 <a href=\"https:\/\/www.kryptoakademie24.de\/tr\/roadmap\/\">Yol Haritas\u0131<\/a><\/strong><br \/>\n<strong>\ud83d\ude80 <a href=\"https:\/\/www.kryptoakademie24.de\/tr\/swap\/\">Takas paralar\u0131<\/a>!<\/strong><\/p>\n<hr \/>\n<blockquote>\n<h5><strong>NFT Ajans\u0131<\/strong><\/h5>\n<\/blockquote>\n<hr \/>\n<h6>Blok zincirindeki toplulu\u011funuz \u235f<\/h6>\n<p><span style=\"color: #00ffff;\"><strong>\u235f Almanya'n\u0131n ilk profesyonel NFT ajans\u0131 \u235f<\/strong><\/span><br \/>\nMetapass NFT ile d\u00fcnyan\u0131n en etkili ve iddial\u0131 topluluklar\u0131ndan birini in\u015fa ediyoruz. Metapass NFT sahibi olarak, Kryptoakademie24'\u00fcn ilk destek\u00e7ilerinden ve hayranlar\u0131ndan biri olacaks\u0131n\u0131z ve \u015firketin ba\u015far\u0131s\u0131na s\u00fcrekli olarak kat\u0131lacaks\u0131n\u0131z. Metapass NFT'lerin ihra\u00e7 edilen miktar\u0131 9000 adet ile s\u0131n\u0131rl\u0131d\u0131r.<br \/>\n<strong>\ud83d\ude80 NFT Koleksiyonunuz<\/strong><br \/>\n<strong>\ud83d\udc8e NFT Yat\u0131r\u0131m Ajans\u0131<\/strong><br \/>\n<strong>\ud83d\udc8e NFT Pazarlama Ajans\u0131<\/strong><br \/>\n<strong>\u2b50 Opensea C\u00fczdan olu\u015fturma<\/strong><\/p>\n<hr \/>\n<blockquote>\n<h5><strong>WEB 3 ve Ak\u0131ll\u0131 S\u00f6zle\u015fmeler<\/strong><\/h5>\n<\/blockquote>\n<hr \/>\n<h6>\u235f Kriptoverse eri\u015fiminiz \u235f<\/h6>\n<p><span style=\"color: #00ffff;\"><strong>Metaverse i\u00e7in motor \u235f<\/strong><\/span><br \/>\nDeneyimli bir Web3 ajans\u0131 olarak, blok zinciri, kripto para birimleri ve de\u011fi\u015ftirilemez tokenler (NFT'ler) gibi Web3 teknolojilerinin kullan\u0131m\u0131 konusunda size kapsaml\u0131 tavsiye ve destek sunuyoruz. Bir c\u00fczdan kurmaktan kripto para ve NFT al\u0131m sat\u0131m\u0131na, Web3 teknolojilerini kendi web sitenize veya uygulamalar\u0131n\u0131za entegre etmeye kadar her konuda g\u00fcvenilir orta\u011f\u0131n\u0131z\u0131z.<br \/>\n.<br \/>\n<strong>\ud83d\udc8e \u0130\u015f s\u00fcre\u00e7lerine entegrasyon<\/strong><br \/>\n<strong>\ud83d\udc8e Kripto Komut Dosyalar\u0131<\/strong><br \/>\n<strong>\ud83d\udc8e Solidity programlama\u00a0<\/strong><br \/>\n<strong>\u2b50 Fikirlerin hayata ge\u00e7irilmesi<\/strong><\/p>\n<hr \/>\n<blockquote>\n<h5><strong>\u0130\u015fletmeler i\u00e7in ICO<\/strong><\/h5>\n<\/blockquote>\n<hr \/>\n<h6>\u235f Kripto yat\u0131r\u0131m kitle fonlaman\u0131z\u0131 ba\u015flat\u0131n \u235f<\/h6>\n<p><span style=\"color: #00ffff;\"><strong>\u235f G\u00fcveniniz i\u00e7in te\u015fekk\u00fcr ederiz \u235f<\/strong><\/span><br \/>\nBir ICO ajans\u0131 olarak, \u0130lk Para Tekliflerinin (ICO) uygulanmas\u0131nda size profesyonel destek sunuyoruz. Deneyimli uzmanlar\u0131m\u0131z planlamadan uygulamaya kadar size e\u015flik eder ve ICO'nuzun ve kripto para biriminizin ba\u015far\u0131l\u0131 olmas\u0131n\u0131 sa\u011flar.<br \/>\n<strong>\ud83d\udc8e <a href=\"https:\/\/www.kryptoakademie24.de\/tr\/ico\/\">ICO \/ IEO Dan\u0131\u015fmanl\u0131k<\/a><\/strong><br \/>\n<strong>\ud83d\udc8e Whatsapp Deste\u011fi (Business)<\/strong><br \/>\n<strong>\ud83d\udc8e <a href=\"https:\/\/www.kryptoakademie24.de\/tr\/coin\/\">CoinMap<\/a> (Demo)<\/strong><br \/>\n<strong>\u2b50 \u00d6n Sat\u0131\u015f NFT CoinShop!<\/strong><\/p>\n<hr \/>\n<blockquote>\n<h5><strong>Kripto Ticareti \/ Yat\u0131r\u0131m <\/strong><\/h5>\n<\/blockquote>\n<hr \/>\n<h6>\u235f Kriptoverse eri\u015fiminiz \u235f<\/h6>\n<p><span style=\"color: #00ffff;\"><strong>Analizler ve uzmanlarla ba\u015far\u0131l\u0131 yat\u0131r\u0131m \u235f<\/strong><\/span><\/p>\n<p><strong>Yat\u0131r\u0131m tavsiyesi<\/strong>Finansal hedeflerinizi ve risk tolerans\u0131n\u0131z\u0131 anlamak i\u00e7in size bireysel bir dan\u0131\u015fmanl\u0131k hizmeti sunuyoruz. Bu bilgilere dayanarak, uygun kripto para birimlerini ve yat\u0131r\u0131m stratejilerini \u00f6neriyoruz.<\/p>\n<p><strong>Portf\u00f6y y\u00f6netimi<\/strong>: Kripto portf\u00f6y\u00fcn\u00fcz\u00fc y\u00f6netiyor ve yat\u0131r\u0131mlar\u0131n\u0131z\u0131n dengeli ve hedefleriniz do\u011frultusunda kalmas\u0131n\u0131 sa\u011fl\u0131yoruz. Bu, maksimum getiri elde etmek i\u00e7in portf\u00f6y\u00fcn d\u00fczenli olarak izlenmesini ve ayarlanmas\u0131n\u0131 i\u00e7erir.<\/p>\n<p><strong>OnChain pazar analizi<\/strong>: Hangi kripto paralara yat\u0131r\u0131m yapaca\u011f\u0131n\u0131za karar vermenize yard\u0131mc\u0131 olmak i\u00e7in kapsaml\u0131 piyasa ara\u015ft\u0131rma verilerine ve analizlerine eri\u015fim sunuyoruz.<\/p>\n<p><strong>\ud83d\udc8e <a href=\"https:\/\/www.kryptoakademie24.de\/tr\/metamask\/\">Metamask C\u00fczdan\u0131 Y\u00fckleyin<\/a><\/strong><br \/>\n<strong>\ud83d\udc8e <a href=\"https:\/\/www.kryptoakademie24.de\/tr\/whitepaper\/\">Teknik incelemenin tamam\u0131<\/a><\/strong><br \/>\n<strong>\ud83d\udc8e <a href=\"https:\/\/www.kryptoakademie24.de\/tr\/coin\/\">CREO Coinmap<\/a><\/strong><\/p>\n<hr \/>\n<p><img decoding=\"async\" loading=\"lazy\" class=\"alignnone wp-image-22039 size-large\" src=\"https:\/\/www.kryptoakademie24.de\/wp-content\/uploads\/2022\/03\/blockchain-greenenergy-02-e1670980864566-1024x248.png\" alt=\"\" width=\"800\" height=\"194\" srcset=\"https:\/\/www.kryptoakademie24.de\/wp-content\/uploads\/2022\/03\/blockchain-greenenergy-02-e1670980864566-1024x248.png 1024w, https:\/\/www.kryptoakademie24.de\/wp-content\/uploads\/2022\/03\/blockchain-greenenergy-02-e1670980864566-300x73.png 300w, https:\/\/www.kryptoakademie24.de\/wp-content\/uploads\/2022\/03\/blockchain-greenenergy-02-e1670980864566-768x186.png 768w, https:\/\/www.kryptoakademie24.de\/wp-content\/uploads\/2022\/03\/blockchain-greenenergy-02-e1670980864566.png 1200w\" sizes=\"(max-width: 800px) 100vw, 800px\" \/><\/p>\n<div class=\"shariff shariff-align-flex-start shariff-widget-align-flex-start\"><ul class=\"shariff-buttons theme-default orientation-horizontal buttonsize-medium\"><li class=\"shariff-button mastodon shariff-nocustomcolor\" style=\"background-color:#563ACC\"><a href=\"https:\/\/s2f.kytta.dev\/?text=Agentur%20f%C3%BCr%20Kryptow%C3%A4hrungen https%3A%2F%2Fwww.kryptoakademie24.de%2Ftr%2Fagentur\" title=\"Mastodon&#039;da Payla\u015f\" aria-label=\"Mastodon&#039;da Payla\u015f\" role=\"button\" rel=\"noopener nofollow\" class=\"shariff-link\" style=\"; background-color:#6364FF; color:#fff\" target=\"_blank\"><span class=\"shariff-icon\" style=\"\"><svg width=\"75\" height=\"79\" viewbox=\"0 0 75 79\" fill=\"none\" xmlns=\"http:\/\/www.w3.org\/2000\/svg\"><path d=\"M37.813-.025C32.462-.058 27.114.13 21.79.598c-8.544.621-17.214 5.58-20.203 13.931C-1.12 23.318.408 32.622.465 41.65c.375 7.316.943 14.78 3.392 21.73 4.365 9.465 14.781 14.537 24.782 15.385 7.64.698 15.761-.213 22.517-4.026a54.1 54.1 0 0 0 .01-6.232c-6.855 1.316-14.101 2.609-21.049 1.074-3.883-.88-6.876-4.237-7.25-8.215-1.53-3.988 3.78-.43 5.584-.883 9.048 1.224 18.282.776 27.303-.462 7.044-.837 14.26-4.788 16.65-11.833 2.263-6.135 1.215-12.79 1.698-19.177.06-3.84.09-7.692-.262-11.52C72.596 7.844 63.223.981 53.834.684a219.453 219.453 0 0 0-16.022-.71zm11.294 12.882c5.5-.067 10.801 4.143 11.67 9.653.338 1.48.471 3 .471 4.515v21.088h-8.357c-.07-7.588.153-15.182-.131-22.765-.587-4.368-7.04-5.747-9.672-2.397-2.422 3.04-1.47 7.155-1.67 10.735v6.392h-8.307c-.146-4.996.359-10.045-.404-15.002-1.108-4.218-7.809-5.565-10.094-1.666-1.685 3.046-.712 6.634-.976 9.936v14.767h-8.354c.109-8.165-.238-16.344.215-24.5.674-5.346 5.095-10.389 10.676-10.627 4.902-.739 10.103 2.038 12.053 6.631.375 1.435 1.76 1.932 1.994.084 1.844-3.704 5.501-6.739 9.785-6.771.367-.044.735-.068 1.101-.073z\"\/><defs><lineargradient id=\"paint0_linear_549_34\" x1=\"37.0692\" y1=\"0\" x2=\"37.0692\" y2=\"79\" gradientunits=\"userSpaceOnUse\"><stop stop-color=\"#6364FF\"\/><stop offset=\"1\" stop-color=\"#563ACC\"\/><\/lineargradient><\/defs><\/svg><\/span><span class=\"shariff-text\">Payla\u015f<\/span>&nbsp;<\/a><\/li><li class=\"shariff-button facebook shariff-nocustomcolor\" style=\"background-color:#4273c8\"><a href=\"https:\/\/www.facebook.com\/sharer\/sharer.php?u=https%3A%2F%2Fwww.kryptoakademie24.de%2Ftr%2Fagentur\" title=\"Facebook&#039;ta Payla\u015f\" aria-label=\"Facebook&#039;ta Payla\u015f\" role=\"button\" rel=\"nofollow\" class=\"shariff-link\" style=\"; background-color:#3b5998; color:#fff\" target=\"_blank\"><span class=\"shariff-icon\" style=\"\"><svg width=\"32px\" height=\"20px\" xmlns=\"http:\/\/www.w3.org\/2000\/svg\" viewbox=\"0 0 18 32\"><path fill=\"#3b5998\" d=\"M17.1 0.2v4.7h-2.8q-1.5 0-2.1 0.6t-0.5 1.9v3.4h5.2l-0.7 5.3h-4.5v13.6h-5.5v-13.6h-4.5v-5.3h4.5v-3.9q0-3.3 1.9-5.2t5-1.8q2.6 0 4.1 0.2z\"\/><\/svg><\/span><span class=\"shariff-text\">Payla\u015f<\/span>&nbsp;<\/a><\/li><li class=\"shariff-button linkedin shariff-nocustomcolor\" style=\"background-color:#1488bf\"><a href=\"https:\/\/www.linkedin.com\/sharing\/share-offsite\/?url=https%3A%2F%2Fwww.kryptoakademie24.de%2Ftr%2Fagentur\" title=\"LinkedIn&#039;de Payla\u015f\" aria-label=\"LinkedIn&#039;de Payla\u015f\" role=\"button\" rel=\"noopener nofollow\" class=\"shariff-link\" style=\"; background-color:#0077b5; color:#fff\" target=\"_blank\"><span class=\"shariff-icon\" style=\"\"><svg width=\"32px\" height=\"20px\" xmlns=\"http:\/\/www.w3.org\/2000\/svg\" viewbox=\"0 0 27 32\"><path fill=\"#0077b5\" d=\"M6.2 11.2v17.7h-5.9v-17.7h5.9zM6.6 5.7q0 1.3-0.9 2.2t-2.4 0.9h0q-1.5 0-2.4-0.9t-0.9-2.2 0.9-2.2 2.4-0.9 2.4 0.9 0.9 2.2zM27.4 18.7v10.1h-5.9v-9.5q0-1.9-0.7-2.9t-2.3-1.1q-1.1 0-1.9 0.6t-1.2 1.5q-0.2 0.5-0.2 1.4v9.9h-5.9q0-7.1 0-11.6t0-5.3l0-0.9h5.9v2.6h0q0.4-0.6 0.7-1t1-0.9 1.6-0.8 2-0.3q3 0 4.9 2t1.9 6z\"\/><\/svg><\/span><span class=\"shariff-text\">Payla\u015f<\/span>&nbsp;<\/a><\/li><li class=\"shariff-button info shariff-nocustomcolor\" style=\"background-color:#eee\"><a href=\"https:\/\/www.kryptoakademie24.de\/tr\/whitepaper\/\" title=\"Whitepaper\" aria-label=\"Whitepaper\" role=\"button\" rel=\"noopener \" class=\"shariff-link\" style=\"; background-color:#fff; color:#fff\" target=\"_blank\"><span class=\"shariff-icon\" style=\"\"><svg width=\"32px\" height=\"20px\" xmlns=\"http:\/\/www.w3.org\/2000\/svg\" viewbox=\"0 0 11 32\"><path fill=\"#999\" d=\"M11.4 24v2.3q0 0.5-0.3 0.8t-0.8 0.4h-9.1q-0.5 0-0.8-0.4t-0.4-0.8v-2.3q0-0.5 0.4-0.8t0.8-0.4h1.1v-6.8h-1.1q-0.5 0-0.8-0.4t-0.4-0.8v-2.3q0-0.5 0.4-0.8t0.8-0.4h6.8q0.5 0 0.8 0.4t0.4 0.8v10.3h1.1q0.5 0 0.8 0.4t0.3 0.8zM9.2 3.4v3.4q0 0.5-0.4 0.8t-0.8 0.4h-4.6q-0.4 0-0.8-0.4t-0.4-0.8v-3.4q0-0.4 0.4-0.8t0.8-0.4h4.6q0.5 0 0.8 0.4t0.4 0.8z\"\/><\/svg><\/span><\/a><\/li><\/ul><\/div>","protected":false},"excerpt":{"rendered":"<p>Cryptoverse Consulting 2019'dan beri blockchain ve web2 tabanl\u0131 ve merkezi olmayan teknolojileri yo\u011fun bir \u015fekilde ara\u015ft\u0131r\u0131yoruz. Profesyonel hizmetler sunuyoruz ve<\/p>","protected":false},"author":1,"featured_media":0,"parent":0,"menu_order":0,"comment_status":"closed","ping_status":"closed","template":"","meta":{"om_disable_all_campaigns":false,"_mi_skip_tracking":false,"footnotes":""},"aioseo_notices":[],"_links":{"self":[{"href":"https:\/\/www.kryptoakademie24.de\/tr\/wp-json\/wp\/v2\/pages\/21666"}],"collection":[{"href":"https:\/\/www.kryptoakademie24.de\/tr\/wp-json\/wp\/v2\/pages"}],"about":[{"href":"https:\/\/www.kryptoakademie24.de\/tr\/wp-json\/wp\/v2\/types\/page"}],"author":[{"embeddable":true,"href":"https:\/\/www.kryptoakademie24.de\/tr\/wp-json\/wp\/v2\/users\/1"}],"replies":[{"embeddable":true,"href":"https:\/\/www.kryptoakademie24.de\/tr\/wp-json\/wp\/v2\/comments?post=21666"}],"version-history":[{"count":23,"href":"https:\/\/www.kryptoakademie24.de\/tr\/wp-json\/wp\/v2\/pages\/21666\/revisions"}],"predecessor-version":[{"id":25698,"href":"https:\/\/www.kryptoakademie24.de\/tr\/wp-json\/wp\/v2\/pages\/21666\/revisions\/25698"}],"wp:attachment":[{"href":"https:\/\/www.kryptoakademie24.de\/tr\/wp-json\/wp\/v2\/media?parent=21666"}],"curies":[{"name":"wp","href":"https:\/\/api.w.org\/{rel}","templated":true}]}}