{"id":21670,"date":"2022-02-17T04:46:06","date_gmt":"2022-02-17T03:46:06","guid":{"rendered":"https:\/\/www.kryptoakademie24.de\/?page_id=21670"},"modified":"2023-01-23T05:58:30","modified_gmt":"2023-01-23T04:58:30","slug":"blockchain","status":"publish","type":"page","link":"https:\/\/www.kryptoakademie24.de\/tr\/blockchain","title":{"rendered":""},"content":{"rendered":"<div class=\"shariff shariff-align-flex-start shariff-widget-align-flex-start\"><ul class=\"shariff-buttons theme-default orientation-horizontal buttonsize-medium\"><li class=\"shariff-button mastodon shariff-nocustomcolor\" style=\"background-color:#563ACC\"><a href=\"https:\/\/s2f.kytta.dev\/?text= https%3A%2F%2Fwww.kryptoakademie24.de%2Ftr%2Fblockchain\" title=\"Mastodon&#039;da Payla\u015f\" aria-label=\"Mastodon&#039;da Payla\u015f\" role=\"button\" rel=\"noopener nofollow\" class=\"shariff-link\" style=\"; background-color:#6364FF; color:#fff\" target=\"_blank\"><span class=\"shariff-icon\" style=\"\"><svg width=\"75\" height=\"79\" viewbox=\"0 0 75 79\" fill=\"none\" xmlns=\"http:\/\/www.w3.org\/2000\/svg\"><path d=\"M37.813-.025C32.462-.058 27.114.13 21.79.598c-8.544.621-17.214 5.58-20.203 13.931C-1.12 23.318.408 32.622.465 41.65c.375 7.316.943 14.78 3.392 21.73 4.365 9.465 14.781 14.537 24.782 15.385 7.64.698 15.761-.213 22.517-4.026a54.1 54.1 0 0 0 .01-6.232c-6.855 1.316-14.101 2.609-21.049 1.074-3.883-.88-6.876-4.237-7.25-8.215-1.53-3.988 3.78-.43 5.584-.883 9.048 1.224 18.282.776 27.303-.462 7.044-.837 14.26-4.788 16.65-11.833 2.263-6.135 1.215-12.79 1.698-19.177.06-3.84.09-7.692-.262-11.52C72.596 7.844 63.223.981 53.834.684a219.453 219.453 0 0 0-16.022-.71zm11.294 12.882c5.5-.067 10.801 4.143 11.67 9.653.338 1.48.471 3 .471 4.515v21.088h-8.357c-.07-7.588.153-15.182-.131-22.765-.587-4.368-7.04-5.747-9.672-2.397-2.422 3.04-1.47 7.155-1.67 10.735v6.392h-8.307c-.146-4.996.359-10.045-.404-15.002-1.108-4.218-7.809-5.565-10.094-1.666-1.685 3.046-.712 6.634-.976 9.936v14.767h-8.354c.109-8.165-.238-16.344.215-24.5.674-5.346 5.095-10.389 10.676-10.627 4.902-.739 10.103 2.038 12.053 6.631.375 1.435 1.76 1.932 1.994.084 1.844-3.704 5.501-6.739 9.785-6.771.367-.044.735-.068 1.101-.073z\"\/><defs><lineargradient id=\"paint0_linear_549_34\" x1=\"37.0692\" y1=\"0\" x2=\"37.0692\" y2=\"79\" gradientunits=\"userSpaceOnUse\"><stop stop-color=\"#6364FF\"\/><stop offset=\"1\" stop-color=\"#563ACC\"\/><\/lineargradient><\/defs><\/svg><\/span><span class=\"shariff-text\">Payla\u015f<\/span>&nbsp;<\/a><\/li><li class=\"shariff-button facebook shariff-nocustomcolor\" style=\"background-color:#4273c8\"><a href=\"https:\/\/www.facebook.com\/sharer\/sharer.php?u=https%3A%2F%2Fwww.kryptoakademie24.de%2Ftr%2Fblockchain\" title=\"Facebook&#039;ta Payla\u015f\" aria-label=\"Facebook&#039;ta Payla\u015f\" role=\"button\" rel=\"nofollow\" class=\"shariff-link\" style=\"; background-color:#3b5998; color:#fff\" target=\"_blank\"><span class=\"shariff-icon\" style=\"\"><svg width=\"32px\" height=\"20px\" xmlns=\"http:\/\/www.w3.org\/2000\/svg\" viewbox=\"0 0 18 32\"><path fill=\"#3b5998\" d=\"M17.1 0.2v4.7h-2.8q-1.5 0-2.1 0.6t-0.5 1.9v3.4h5.2l-0.7 5.3h-4.5v13.6h-5.5v-13.6h-4.5v-5.3h4.5v-3.9q0-3.3 1.9-5.2t5-1.8q2.6 0 4.1 0.2z\"\/><\/svg><\/span><span class=\"shariff-text\">Payla\u015f<\/span>&nbsp;<\/a><\/li><li class=\"shariff-button linkedin shariff-nocustomcolor\" style=\"background-color:#1488bf\"><a href=\"https:\/\/www.linkedin.com\/sharing\/share-offsite\/?url=https%3A%2F%2Fwww.kryptoakademie24.de%2Ftr%2Fblockchain\" title=\"LinkedIn&#039;de Payla\u015f\" aria-label=\"LinkedIn&#039;de Payla\u015f\" role=\"button\" rel=\"noopener nofollow\" class=\"shariff-link\" style=\"; background-color:#0077b5; color:#fff\" target=\"_blank\"><span class=\"shariff-icon\" style=\"\"><svg width=\"32px\" height=\"20px\" xmlns=\"http:\/\/www.w3.org\/2000\/svg\" viewbox=\"0 0 27 32\"><path fill=\"#0077b5\" d=\"M6.2 11.2v17.7h-5.9v-17.7h5.9zM6.6 5.7q0 1.3-0.9 2.2t-2.4 0.9h0q-1.5 0-2.4-0.9t-0.9-2.2 0.9-2.2 2.4-0.9 2.4 0.9 0.9 2.2zM27.4 18.7v10.1h-5.9v-9.5q0-1.9-0.7-2.9t-2.3-1.1q-1.1 0-1.9 0.6t-1.2 1.5q-0.2 0.5-0.2 1.4v9.9h-5.9q0-7.1 0-11.6t0-5.3l0-0.9h5.9v2.6h0q0.4-0.6 0.7-1t1-0.9 1.6-0.8 2-0.3q3 0 4.9 2t1.9 6z\"\/><\/svg><\/span><span class=\"shariff-text\">Payla\u015f<\/span>&nbsp;<\/a><\/li><li class=\"shariff-button info shariff-nocustomcolor\" style=\"background-color:#eee\"><a href=\"https:\/\/www.kryptoakademie24.de\/tr\/whitepaper\/\" title=\"Whitepaper\" aria-label=\"Whitepaper\" role=\"button\" rel=\"noopener \" class=\"shariff-link\" style=\"; background-color:#fff; color:#fff\" target=\"_blank\"><span class=\"shariff-icon\" style=\"\"><svg width=\"32px\" height=\"20px\" xmlns=\"http:\/\/www.w3.org\/2000\/svg\" viewbox=\"0 0 11 32\"><path fill=\"#999\" d=\"M11.4 24v2.3q0 0.5-0.3 0.8t-0.8 0.4h-9.1q-0.5 0-0.8-0.4t-0.4-0.8v-2.3q0-0.5 0.4-0.8t0.8-0.4h1.1v-6.8h-1.1q-0.5 0-0.8-0.4t-0.4-0.8v-2.3q0-0.5 0.4-0.8t0.8-0.4h6.8q0.5 0 0.8 0.4t0.4 0.8v10.3h1.1q0.5 0 0.8 0.4t0.3 0.8zM9.2 3.4v3.4q0 0.5-0.4 0.8t-0.8 0.4h-4.6q-0.4 0-0.8-0.4t-0.4-0.8v-3.4q0-0.4 0.4-0.8t0.8-0.4h4.6q0.5 0 0.8 0.4t0.4 0.8z\"\/><\/svg><\/span><\/a><\/li><\/ul><\/div><p><img decoding=\"async\" loading=\"lazy\" class=\"alignnone size-full wp-image-22039\" src=\"https:\/\/www.kryptoakademie24.de\/wp-content\/uploads\/2022\/03\/blockchain-greenenergy-02-e1670980864566.png\" alt=\"\" width=\"1200\" height=\"291\" srcset=\"https:\/\/www.kryptoakademie24.de\/wp-content\/uploads\/2022\/03\/blockchain-greenenergy-02-e1670980864566.png 1200w, https:\/\/www.kryptoakademie24.de\/wp-content\/uploads\/2022\/03\/blockchain-greenenergy-02-e1670980864566-300x73.png 300w, https:\/\/www.kryptoakademie24.de\/wp-content\/uploads\/2022\/03\/blockchain-greenenergy-02-e1670980864566-1024x248.png 1024w, https:\/\/www.kryptoakademie24.de\/wp-content\/uploads\/2022\/03\/blockchain-greenenergy-02-e1670980864566-768x186.png 768w\" sizes=\"(max-width: 1200px) 100vw, 1200px\" \/><\/p>\n<blockquote>\n<h4><span style=\"font-size: 13pt;\"><strong>\u2b50 Blockchain Devrimi<\/strong><\/span><\/h4>\n<\/blockquote>\n<hr \/>\n<p><span style=\"color: #00ffff;\"><strong>\u235f D\u00fcnya bir paradigma de\u011fi\u015fiminin ortas\u0131nda\u235f<\/strong><\/span><br \/>\n<strong>Blockchain teknolojisi insanl\u0131\u011f\u0131 matbaa ve internetin toplam\u0131ndan daha fazla de\u011fi\u015ftirecek<\/strong>. Yeni bir d\u00f6nem ba\u015fl\u0131yor ve daha adil bir parasal de\u011fer sistemi i\u00e7in paradigma de\u011fi\u015fimi art\u0131k durdurulamaz.<\/p>\n<p>Blok zinciri devrimi t\u00fcm h\u0131z\u0131yla devam ediyor ve son y\u0131llarda bir\u00e7ok end\u00fcstriyi ve sekt\u00f6r\u00fc de\u011fi\u015ftirdi. \u0130lk olarak kripto para birimi Bitcoin i\u00e7in geli\u015ftirilen blok zinciri teknolojisi, g\u00fcn\u00fcm\u00fczde pek \u00e7ok alanda kullan\u0131lan \u00e7ok y\u00f6nl\u00fc ve g\u00fc\u00e7l\u00fc bir platforma d\u00f6n\u00fc\u015ft\u00fc.<\/p>\n<p>Blok zinciri, verilerin g\u00fcvenli ve \u015feffaf bir \u015fekilde saklanmas\u0131n\u0131 ve i\u015flenmesini m\u00fcmk\u00fcn k\u0131lar. Veriler bloklar halinde sakland\u0131\u011f\u0131ndan ve her blo\u011fun t\u00fcm kullan\u0131c\u0131lar taraf\u0131ndan onaylanmas\u0131 gerekti\u011finden, blok zinciri \u00e7ok g\u00fcvenli ve kurcalamaya kar\u015f\u0131 dayan\u0131kl\u0131d\u0131r. Bu da onu finansal i\u015flemlerden t\u0131bbi kay\u0131tlara kadar her t\u00fcrl\u00fc de\u011fer al\u0131\u015fveri\u015fi i\u00e7in ideal bir platform haline getirmektedir.<\/p>\n<p><span style=\"color: #00ffff;\"><strong>Bizi destekleyin \u235f<\/strong><\/span><br \/>\n<strong>\ud83d\ude80 <a href=\"https:\/\/www.kryptoakademie24.de\/tr\/whitepaper\/\">Whitepaper<\/a><\/strong><br \/>\n<strong>\ud83d\ude80 <a href=\"https:\/\/www.kryptoakademie24.de\/tr\/roadmap\/\">Yol Haritas\u0131<\/a><\/strong><br \/>\n<strong>\ud83d\ude80 <a href=\"https:\/\/www.kryptoakademie24.de\/tr\/coin\/\">CoinMap CREO Coin<\/a><\/strong><br \/>\n<strong>\u2b50 <a href=\"https:\/\/www.kryptoakademie24.de\/tr\/swap\/\">Takas paralar\u0131<\/a>!<\/strong><br \/>\n\u2b50\u2b50\u2b50\u2b50\u2b50\u2b50\u2b50\u2b50\u2b50\u2b50\u2b50\u2b50\u2b50\u2b50\u2b50\u2b50<\/p>\n<hr \/>\n<blockquote>\n<h4><span style=\"font-size: 13pt;\"><strong>\u2b50 Blok zinciri teknolojisi<\/strong><\/span><\/h4>\n<\/blockquote>\n<hr \/>\n<p><span style=\"color: #00ffff;\"><strong>Muhtemelen d\u00fcnyadaki en faydal\u0131 teknik inceleme \u235f<\/strong><\/span><br \/>\nDe\u011fi\u015fmez blok zinciri sistemi, otorite sahibi \u00fc\u00e7\u00fcnc\u00fc bir tarafa g\u00fcvenme ihtiyac\u0131n\u0131 ortadan kald\u0131r\u0131r. Her t\u00fcrl\u00fc s\u00f6zle\u015fme i\u00e7in bankalara, noterlere veya yetkililere ihtiya\u00e7 yoktur. H\u00fck\u00fcmetler ve yetkililer, kullan\u0131c\u0131lar\u0131n kendileri taraf\u0131ndan merkezi olmayan bir \u015fekilde y\u00f6netildikleri ve kontrol edildikleri i\u00e7in blok zinciri teknolojisine dayal\u0131 hizmetlere eri\u015femezler. Blok zinciri teknolojisi \u00fczerinde \u00e7al\u0131\u015fabilecek projeler s\u0131n\u0131rs\u0131zd\u0131r.  Blok zinciri teknolojisi, Ethereum ve POS mutabakat mekanizmas\u0131n\u0131n icad\u0131yla h\u0131zla b\u00fcy\u00fcyen milyarlarca dolarl\u0131k bir pazar\u0131n ortas\u0131ndad\u0131r.<br \/>\n<strong>\ud83d\ude80 <a href=\"https:\/\/www.kryptoakademie24.de\/tr\/whitepaper\/\">Ethereum Vitalik Buterin<\/a><\/strong><br \/>\n<strong>\ud83d\ude80 <a href=\"https:\/\/www.kryptoakademie24.de\/tr\/roadmap\/\">Yol Haritas\u0131<\/a><\/strong><br \/>\n<strong>\ud83d\ude80 <a href=\"https:\/\/www.kryptoakademie24.de\/tr\/team\/\">Tak\u0131m<\/a><\/strong><br \/>\n<strong>\u2b50 <a href=\"https:\/\/www.kryptoakademie24.de\/tr\/swap\/\">Takas paralar\u0131<\/a>!<\/strong><br \/>\n\u2b50\u2b50\u2b50\u2b50\u2b50\u2b50\u2b50\u2b50\u2b50\u2b50\u2b50\u2b50\u2b50\u2b50\u2b50\u2b50<\/p>\n<blockquote>\n<h4><span style=\"font-size: 13pt;\"><strong>\u2b50 A.I. Devrimi (Yapay Zeka)<\/strong><\/span><\/h4>\n<\/blockquote>\n<hr \/>\n<p><span style=\"color: #00ffff;\"><strong>\u235f Gelece\u011fin blok zinciri teknolojisinin anahtar\u0131 \u235f<\/strong><\/span><br \/>\nY\u0131llard\u0131r bilgisayar tabanl\u0131 makine zekas\u0131 alan\u0131ndaki en ileri teknolojileri ara\u015ft\u0131r\u0131yor ve bunlar\u0131 blok zinciri devrimiyle ili\u015fkilendiriyoruz.<br \/>\n<span style=\"color: #ffffff;\"><strong>\ud83e\udd16 OpenAi Chatgpt \u00d6\u011freticileri <\/strong><\/span><br \/>\n<span style=\"color: #ffffff;\"><strong>\ud83e\udd16 Yapay Zeka Nedir? <\/strong><\/span><br \/>\n<span style=\"color: #ffffff;\"><strong>\ud83e\udd16 A.I. Ara\u015ft\u0131rma Merkezi<\/strong><\/span><br \/>\n<span style=\"color: #ffffff;\"><strong>\ud83e\udd16 A.I. Yapay Zeka<\/strong><\/span><\/p>\n<hr \/>\n<p>\u2b50\u2b50\u2b50\u2b50\u2b50\u2b50\u2b50\u2b50\u2b50\u2b50\u2b50\u2b50\u2b50\u2b50\u2b50\u2b50<\/p>\n<blockquote>\n<h4><span style=\"font-size: 13pt;\"><strong>\u2b50 Qbit - Kuantum Teknolojisi<\/strong><\/span><\/h4>\n<\/blockquote>\n<hr \/>\n<p><span style=\"color: #00ffff;\"><strong>Yeni bir bilgi \u00e7a\u011f\u0131na haz\u0131r \u235f<\/strong><\/span><br \/>\nYapay zeka alan\u0131ndaki en ileri teknolojiler \u00fczerinde y\u0131llard\u0131r yo\u011fun ara\u015ft\u0131rmalar yap\u0131yoruz.<br \/>\n<strong>\u2b50 Kuantum Bilgisayar Dok\u00fcmanlar\u0131 <\/strong><br \/>\n<strong>\u2b50 Qubit &amp; Blockchain Ara\u015ft\u0131rmas\u0131 <\/strong><br \/>\n<strong>\u2b50 QAISEO Token (\u00e7ok yak\u0131nda)<\/strong><\/p>\n<blockquote>\n<h4><span style=\"font-size: 13pt;\"><strong>\u2b50 Ak\u0131ll\u0131 S\u00f6zle\u015fmeler <\/strong><\/span><\/h4>\n<\/blockquote>\n<hr \/>\n<p><span style=\"color: #00ffff;\"><strong>Blok zinciri i\u00e7in kurallar ve yasalar \u235f<\/strong><\/span><\/p>\n<p>Solidity ve Smart Contracts ile i\u015fbirli\u011fi i\u00e7inde gelecek vaat eden blockchain projeleri geli\u015ftiriyoruz. Projelerimizle, kullan\u0131c\u0131 i\u00e7in temel iyile\u015ftirmeler sa\u011flama amac\u0131na sahip uygulamalar\u0131 ve yaz\u0131l\u0131mlar\u0131 programl\u0131yoruz.<\/p>\n<p>Ak\u0131ll\u0131 s\u00f6zle\u015fmeler, belirli ko\u015fullar sa\u011fland\u0131\u011f\u0131nda \u00f6demelerin otomatik olarak yap\u0131lmas\u0131n\u0131 sa\u011flayabilir. \u00d6rne\u011fin, bir ak\u0131ll\u0131 s\u00f6zle\u015fme kira veya ipotek \u00f6demesini otomatik olarak ger\u00e7ekle\u015ftirmek i\u00e7in kullan\u0131labilir.<\/p>\n<p>Tedarik zinciri y\u00f6netimi: Ak\u0131ll\u0131 s\u00f6zle\u015fmeler, \u00fcr\u00fcnlerin ve malzemelerin men\u015fei hakk\u0131ndaki bilgileri depolayarak ve i\u015fleyerek tedarik zincirlerinde \u015feffafl\u0131\u011f\u0131 art\u0131rmaya yard\u0131mc\u0131 olabilir.<strong>\ud83d\ude80 Ak\u0131ll\u0131 S\u00f6zle\u015fmeler Nedir<\/strong><br \/>\n<strong>\ud83d\ude80 <a href=\"https:\/\/www.kryptoakademie24.de\/tr\/intern\/smart-contracts.html\/\">Ak\u0131ll\u0131 s\u00f6zle\u015fmeler nedir?<\/a><\/strong><br \/>\n<strong>\ud83d\ude80 <a href=\"https:\/\/chat.whatsapp.com\/IxynZGexDbICK9swF5niYP\">Solidity Ekibi (Whatsapp Grubu)<\/a><\/strong><br \/>\n<strong>\u2b50 <a href=\"https:\/\/www.kryptoakademie24.de\/tr\/whitepaper\/\">Ak\u0131ll\u0131 S\u00f6zle\u015fmeler kavramlar\u0131n\u0131 i\u00e7eren Whitepaper<\/a><\/strong><br \/>\n<strong>\u2b50 <a href=\"https:\/\/www.kryptoakademie24.de\/tr\/whitepaper\/\">Ak\u0131ll\u0131 S\u00f6zle\u015fme Telegram Kanal\u0131<\/a><\/strong><br \/>\n\u2b50\u2b50\u2b50\u2b50\u2b50\u2b50\u2b50\u2b50\u2b50\u2b50\u2b50\u2b50\u2b50\u2b50\u2b50\u2b50<\/p>\n<hr \/>\n<blockquote>\n<h4><span style=\"font-size: 13pt;\"><strong>\u2b50 Saniyede 8 milyar i\u015flem.<\/strong><\/span><\/h4>\n<\/blockquote>\n<p><span style=\"color: #00ffff;\"><strong>Muhtemelen d\u00fcnyadaki en faydal\u0131 teknik inceleme \u235f<\/strong><\/span><br \/>\nBurada bir coin haritas\u0131 olarak saklanan t\u00fcm verileri ve bilgileri bulacaks\u0131n\u0131z. ICO CREO Coin konseptimizi bilin\u00e7li bir \u015fekilde ve en g\u00fc\u00e7l\u00fc ON Chain analiz ara\u00e7lar\u0131yla geli\u015ftirdik. Hedef, CREO Coin'i en iyi borsalarda listelemek ve yat\u0131r\u0131mc\u0131lar\u0131n \u00f6n sat\u0131\u015f a\u015famas\u0131nda ba\u015far\u0131ya kat\u0131lmalar\u0131na izin vermek olacakt\u0131r.<br \/>\n<strong>\ud83d\ude80 <a href=\"https:\/\/www.kryptoakademie24.de\/tr\/whitepaper\/\">Whitepaper<\/a><\/strong><br \/>\n<strong>\ud83d\ude80 <a href=\"https:\/\/www.kryptoakademie24.de\/tr\/roadmap\/\">Yol Haritas\u0131<\/a><\/strong><br \/>\n<strong>\ud83d\ude80 <a href=\"https:\/\/www.kryptoakademie24.de\/tr\/team\/\">Tak\u0131m<\/a><\/strong><br \/>\n<strong>\u2b50 <a href=\"https:\/\/www.kryptoakademie24.de\/tr\/swap\/\">Takas paralar\u0131<\/a>!<\/strong><br \/>\n\u2b50\u2b50\u2b50\u2b50\u2b50\u2b50\u2b50\u2b50\u2b50\u2b50\u2b50\u2b50\u2b50\u2b50\u2b50\u2b50<\/p>\n<hr \/>\n<blockquote>\n<h4><span style=\"font-size: 13pt;\"><strong>B\u00fcy\u00fck S\u0131f\u0131rlama \/ Vatanda\u015fl\u0131k Geliri<\/strong><\/span><\/h4>\n<\/blockquote>\n<hr \/>\n<p><span style=\"color: #00ffff;\"><strong>Muhtemelen d\u00fcnyadaki en faydal\u0131 teknik inceleme \u235f<\/strong><\/span><br \/>\nBurada bir coin haritas\u0131 olarak saklanan t\u00fcm verileri ve bilgileri bulacaks\u0131n\u0131z. ICO CREO Coin konseptimizi bilin\u00e7li bir \u015fekilde ve en g\u00fc\u00e7l\u00fc ON Chain analiz ara\u00e7lar\u0131yla geli\u015ftirdik. Hedef, CREO Coin'i en iyi borsalarda listelemek ve yat\u0131r\u0131mc\u0131lar\u0131n \u00f6n sat\u0131\u015f a\u015famas\u0131nda ba\u015far\u0131ya kat\u0131lmalar\u0131na izin vermek olacakt\u0131r.<br \/>\n<strong>\ud83d\ude80 <a href=\"https:\/\/www.kryptoakademie24.de\/tr\/whitepaper\/\">Whitepaper<\/a><\/strong><br \/>\n<strong>\ud83d\ude80 <a href=\"https:\/\/www.kryptoakademie24.de\/tr\/roadmap\/\">Yol Haritas\u0131<\/a><\/strong><br \/>\n<strong>\ud83d\ude80 <a href=\"https:\/\/www.kryptoakademie24.de\/tr\/team\/\">Tak\u0131m<\/a><\/strong><br \/>\n<strong>\u2b50 <a href=\"https:\/\/www.kryptoakademie24.de\/tr\/swap\/\">Takas paralar\u0131<\/a>!<\/strong><br \/>\n\u2b50\u2b50\u2b50\u2b50\u2b50\u2b50\u2b50\u2b50\u2b50\u2b50\u2b50\u2b50\u2b50\u2b50\u2b50\u2b50<\/p>\n<hr \/>\n<blockquote>\n<h4><span style=\"font-size: 13pt;\"><strong>\u2b50 Misyonumuz \/ Vizyonumuz<\/strong><\/span><\/h4>\n<\/blockquote>\n<hr \/>\n<p><span style=\"color: #00ffff;\"><strong>Muhtemelen d\u00fcnyadaki en faydal\u0131 teknik inceleme \u235f<\/strong><\/span><br \/>\nBurada bir coin haritas\u0131 olarak saklanan t\u00fcm verileri ve bilgileri bulacaks\u0131n\u0131z. ICO CREO Coin konseptimizi bilin\u00e7li bir \u015fekilde ve en g\u00fc\u00e7l\u00fc ON Chain analiz ara\u00e7lar\u0131yla geli\u015ftirdik. Hedef, CREO Coin'i en iyi borsalarda listelemek ve yat\u0131r\u0131mc\u0131lar\u0131n \u00f6n sat\u0131\u015f a\u015famas\u0131nda ba\u015far\u0131ya kat\u0131lmalar\u0131na izin vermek olacakt\u0131r.<br \/>\n<strong>\ud83d\ude80 <a href=\"https:\/\/www.kryptoakademie24.de\/tr\/whitepaper\/\">Whitepaper<\/a><\/strong><br \/>\n<strong>\ud83d\ude80 <a href=\"https:\/\/www.kryptoakademie24.de\/tr\/roadmap\/\">Yol Haritas\u0131<\/a><\/strong><br \/>\n<strong>\ud83d\ude80 <a href=\"https:\/\/www.kryptoakademie24.de\/tr\/team\/\">Tak\u0131m<\/a><\/strong><br \/>\n<strong>\u2b50 <a href=\"https:\/\/www.kryptoakademie24.de\/tr\/swap\/\">Takas paralar\u0131<\/a>!<\/strong><br \/>\n\u2b50\u2b50\u2b50\u2b50\u2b50\u2b50\u2b50\u2b50\u2b50\u2b50\u2b50\u2b50\u2b50\u2b50\u2b50\u2b50<\/p>\n<hr \/>\n<blockquote>\n<h4><span style=\"font-size: 13pt;\"><strong>\u2b50 CREO Coin Sat\u0131n Al &amp; Takas Et <\/strong><\/span><\/h4>\n<\/blockquote>\n<hr \/>\n<p><span style=\"color: #00ffff;\"><strong>Muhtemelen d\u00fcnyadaki en faydal\u0131 teknik inceleme \u235f<\/strong><\/span><br \/>\nBurada bir coin haritas\u0131 olarak saklanan t\u00fcm verileri ve bilgileri bulacaks\u0131n\u0131z. ICO CREO Coin konseptimizi bilin\u00e7li bir \u015fekilde ve en g\u00fc\u00e7l\u00fc ON Chain analiz ara\u00e7lar\u0131yla geli\u015ftirdik. Hedef, CREO Coin'i en iyi borsalarda listelemek ve yat\u0131r\u0131mc\u0131lar\u0131n \u00f6n sat\u0131\u015f a\u015famas\u0131nda ba\u015far\u0131ya kat\u0131lmalar\u0131na izin vermek olacakt\u0131r.<br \/>\n<strong>\ud83d\ude80 <a href=\"https:\/\/www.kryptoakademie24.de\/tr\/whitepaper\/\">Whitepaper<\/a><\/strong><br \/>\n<strong>\ud83d\ude80 <a href=\"https:\/\/www.kryptoakademie24.de\/tr\/roadmap\/\">Yol Haritas\u0131<\/a><\/strong><br \/>\n<strong>\ud83d\ude80 <a href=\"https:\/\/www.kryptoakademie24.de\/tr\/team\/\">Tak\u0131m<\/a><\/strong><br \/>\n<strong>\u2b50 <a href=\"https:\/\/www.kryptoakademie24.de\/tr\/swap\/\">Takas paralar\u0131<\/a>!<\/strong><br \/>\n\u2b50\u2b50\u2b50\u2b50\u2b50\u2b50\u2b50\u2b50\u2b50\u2b50\u2b50\u2b50\u2b50\u2b50\u2b50\u2b50<\/p>\n<hr \/>\n<blockquote>\n<h4><span style=\"font-size: 13pt;\"><strong>\u2b50 Blockchain kurslar\u0131 \/ seminerleri <\/strong><\/span><\/h4>\n<\/blockquote>\n<hr \/>\n<p><span style=\"color: #00ffff;\"><strong>Muhtemelen d\u00fcnyadaki en faydal\u0131 teknik inceleme \u235f<\/strong><\/span><br \/>\nBurada bir coin haritas\u0131 olarak saklanan t\u00fcm verileri ve bilgileri bulacaks\u0131n\u0131z. ICO CREO Coin konseptimizi bilin\u00e7li bir \u015fekilde ve en g\u00fc\u00e7l\u00fc ON Chain analiz ara\u00e7lar\u0131yla geli\u015ftirdik. Hedef, CREO Coin'i en iyi borsalarda listelemek ve yat\u0131r\u0131mc\u0131lar\u0131n \u00f6n sat\u0131\u015f a\u015famas\u0131nda ba\u015far\u0131ya kat\u0131lmalar\u0131na izin vermek olacakt\u0131r.<br \/>\n<strong>\ud83d\ude80 <a href=\"https:\/\/www.kryptoakademie24.de\/tr\/whitepaper\/\">Whitepaper<\/a><\/strong><br \/>\n<strong>\ud83d\ude80 <a href=\"https:\/\/www.kryptoakademie24.de\/tr\/roadmap\/\">Yol Haritas\u0131<\/a><\/strong><br \/>\n<strong>\ud83d\ude80 <a href=\"https:\/\/www.kryptoakademie24.de\/tr\/team\/\">Tak\u0131m<\/a><\/strong><br \/>\n<strong>\u2b50 <a href=\"https:\/\/www.kryptoakademie24.de\/tr\/swap\/\">Takas paralar\u0131<\/a>!<\/strong><br \/>\n\u2b50\u2b50\u2b50\u2b50\u2b50\u2b50\u2b50\u2b50\u2b50\u2b50\u2b50\u2b50\u2b50\u2b50\u2b50\u2b50<\/p>\n<hr \/>\n<p><img decoding=\"async\" loading=\"lazy\" class=\"alignnone size-full wp-image-22039\" src=\"https:\/\/www.kryptoakademie24.de\/wp-content\/uploads\/2022\/03\/blockchain-greenenergy-02-e1670980864566.png\" alt=\"\" width=\"1200\" height=\"291\" srcset=\"https:\/\/www.kryptoakademie24.de\/wp-content\/uploads\/2022\/03\/blockchain-greenenergy-02-e1670980864566.png 1200w, https:\/\/www.kryptoakademie24.de\/wp-content\/uploads\/2022\/03\/blockchain-greenenergy-02-e1670980864566-300x73.png 300w, https:\/\/www.kryptoakademie24.de\/wp-content\/uploads\/2022\/03\/blockchain-greenenergy-02-e1670980864566-1024x248.png 1024w, https:\/\/www.kryptoakademie24.de\/wp-content\/uploads\/2022\/03\/blockchain-greenenergy-02-e1670980864566-768x186.png 768w\" sizes=\"(max-width: 1200px) 100vw, 1200px\" \/><\/p>\n<div class=\"shariff shariff-align-flex-start shariff-widget-align-flex-start\"><ul class=\"shariff-buttons theme-default orientation-horizontal buttonsize-medium\"><li class=\"shariff-button mastodon shariff-nocustomcolor\" style=\"background-color:#563ACC\"><a href=\"https:\/\/s2f.kytta.dev\/?text= https%3A%2F%2Fwww.kryptoakademie24.de%2Ftr%2Fblockchain\" title=\"Mastodon&#039;da Payla\u015f\" aria-label=\"Mastodon&#039;da Payla\u015f\" role=\"button\" rel=\"noopener nofollow\" class=\"shariff-link\" style=\"; background-color:#6364FF; color:#fff\" target=\"_blank\"><span class=\"shariff-icon\" style=\"\"><svg width=\"75\" height=\"79\" viewbox=\"0 0 75 79\" fill=\"none\" xmlns=\"http:\/\/www.w3.org\/2000\/svg\"><path d=\"M37.813-.025C32.462-.058 27.114.13 21.79.598c-8.544.621-17.214 5.58-20.203 13.931C-1.12 23.318.408 32.622.465 41.65c.375 7.316.943 14.78 3.392 21.73 4.365 9.465 14.781 14.537 24.782 15.385 7.64.698 15.761-.213 22.517-4.026a54.1 54.1 0 0 0 .01-6.232c-6.855 1.316-14.101 2.609-21.049 1.074-3.883-.88-6.876-4.237-7.25-8.215-1.53-3.988 3.78-.43 5.584-.883 9.048 1.224 18.282.776 27.303-.462 7.044-.837 14.26-4.788 16.65-11.833 2.263-6.135 1.215-12.79 1.698-19.177.06-3.84.09-7.692-.262-11.52C72.596 7.844 63.223.981 53.834.684a219.453 219.453 0 0 0-16.022-.71zm11.294 12.882c5.5-.067 10.801 4.143 11.67 9.653.338 1.48.471 3 .471 4.515v21.088h-8.357c-.07-7.588.153-15.182-.131-22.765-.587-4.368-7.04-5.747-9.672-2.397-2.422 3.04-1.47 7.155-1.67 10.735v6.392h-8.307c-.146-4.996.359-10.045-.404-15.002-1.108-4.218-7.809-5.565-10.094-1.666-1.685 3.046-.712 6.634-.976 9.936v14.767h-8.354c.109-8.165-.238-16.344.215-24.5.674-5.346 5.095-10.389 10.676-10.627 4.902-.739 10.103 2.038 12.053 6.631.375 1.435 1.76 1.932 1.994.084 1.844-3.704 5.501-6.739 9.785-6.771.367-.044.735-.068 1.101-.073z\"\/><defs><lineargradient id=\"paint0_linear_549_34\" x1=\"37.0692\" y1=\"0\" x2=\"37.0692\" y2=\"79\" gradientunits=\"userSpaceOnUse\"><stop stop-color=\"#6364FF\"\/><stop offset=\"1\" stop-color=\"#563ACC\"\/><\/lineargradient><\/defs><\/svg><\/span><span class=\"shariff-text\">Payla\u015f<\/span>&nbsp;<\/a><\/li><li class=\"shariff-button facebook shariff-nocustomcolor\" style=\"background-color:#4273c8\"><a href=\"https:\/\/www.facebook.com\/sharer\/sharer.php?u=https%3A%2F%2Fwww.kryptoakademie24.de%2Ftr%2Fblockchain\" title=\"Facebook&#039;ta Payla\u015f\" aria-label=\"Facebook&#039;ta Payla\u015f\" role=\"button\" rel=\"nofollow\" class=\"shariff-link\" style=\"; background-color:#3b5998; color:#fff\" target=\"_blank\"><span class=\"shariff-icon\" style=\"\"><svg width=\"32px\" height=\"20px\" xmlns=\"http:\/\/www.w3.org\/2000\/svg\" viewbox=\"0 0 18 32\"><path fill=\"#3b5998\" d=\"M17.1 0.2v4.7h-2.8q-1.5 0-2.1 0.6t-0.5 1.9v3.4h5.2l-0.7 5.3h-4.5v13.6h-5.5v-13.6h-4.5v-5.3h4.5v-3.9q0-3.3 1.9-5.2t5-1.8q2.6 0 4.1 0.2z\"\/><\/svg><\/span><span class=\"shariff-text\">Payla\u015f<\/span>&nbsp;<\/a><\/li><li class=\"shariff-button linkedin shariff-nocustomcolor\" style=\"background-color:#1488bf\"><a href=\"https:\/\/www.linkedin.com\/sharing\/share-offsite\/?url=https%3A%2F%2Fwww.kryptoakademie24.de%2Ftr%2Fblockchain\" title=\"LinkedIn&#039;de Payla\u015f\" aria-label=\"LinkedIn&#039;de Payla\u015f\" role=\"button\" rel=\"noopener nofollow\" class=\"shariff-link\" style=\"; background-color:#0077b5; color:#fff\" target=\"_blank\"><span class=\"shariff-icon\" style=\"\"><svg width=\"32px\" height=\"20px\" xmlns=\"http:\/\/www.w3.org\/2000\/svg\" viewbox=\"0 0 27 32\"><path fill=\"#0077b5\" d=\"M6.2 11.2v17.7h-5.9v-17.7h5.9zM6.6 5.7q0 1.3-0.9 2.2t-2.4 0.9h0q-1.5 0-2.4-0.9t-0.9-2.2 0.9-2.2 2.4-0.9 2.4 0.9 0.9 2.2zM27.4 18.7v10.1h-5.9v-9.5q0-1.9-0.7-2.9t-2.3-1.1q-1.1 0-1.9 0.6t-1.2 1.5q-0.2 0.5-0.2 1.4v9.9h-5.9q0-7.1 0-11.6t0-5.3l0-0.9h5.9v2.6h0q0.4-0.6 0.7-1t1-0.9 1.6-0.8 2-0.3q3 0 4.9 2t1.9 6z\"\/><\/svg><\/span><span class=\"shariff-text\">Payla\u015f<\/span>&nbsp;<\/a><\/li><li class=\"shariff-button info shariff-nocustomcolor\" style=\"background-color:#eee\"><a href=\"https:\/\/www.kryptoakademie24.de\/tr\/whitepaper\/\" title=\"Whitepaper\" aria-label=\"Whitepaper\" role=\"button\" rel=\"noopener \" class=\"shariff-link\" style=\"; background-color:#fff; color:#fff\" target=\"_blank\"><span class=\"shariff-icon\" style=\"\"><svg width=\"32px\" height=\"20px\" xmlns=\"http:\/\/www.w3.org\/2000\/svg\" viewbox=\"0 0 11 32\"><path fill=\"#999\" d=\"M11.4 24v2.3q0 0.5-0.3 0.8t-0.8 0.4h-9.1q-0.5 0-0.8-0.4t-0.4-0.8v-2.3q0-0.5 0.4-0.8t0.8-0.4h1.1v-6.8h-1.1q-0.5 0-0.8-0.4t-0.4-0.8v-2.3q0-0.5 0.4-0.8t0.8-0.4h6.8q0.5 0 0.8 0.4t0.4 0.8v10.3h1.1q0.5 0 0.8 0.4t0.3 0.8zM9.2 3.4v3.4q0 0.5-0.4 0.8t-0.8 0.4h-4.6q-0.4 0-0.8-0.4t-0.4-0.8v-3.4q0-0.4 0.4-0.8t0.8-0.4h4.6q0.5 0 0.8 0.4t0.4 0.8z\"\/><\/svg><\/span><\/a><\/li><\/ul><\/div>","protected":false},"excerpt":{"rendered":"<p>\u2b50 Blok zinciri devrimi \u235f D\u00fcnya bir paradigma de\u011fi\u015fiminin ortas\u0131nda\u235f Blok zinciri teknolojisi insanl\u0131\u011f\u0131 daha fazla de\u011fi\u015ftirecek<\/p>","protected":false},"author":1,"featured_media":0,"parent":0,"menu_order":0,"comment_status":"closed","ping_status":"closed","template":"","meta":{"om_disable_all_campaigns":false,"_mi_skip_tracking":false,"footnotes":""},"aioseo_notices":[],"_links":{"self":[{"href":"https:\/\/www.kryptoakademie24.de\/tr\/wp-json\/wp\/v2\/pages\/21670"}],"collection":[{"href":"https:\/\/www.kryptoakademie24.de\/tr\/wp-json\/wp\/v2\/pages"}],"about":[{"href":"https:\/\/www.kryptoakademie24.de\/tr\/wp-json\/wp\/v2\/types\/page"}],"author":[{"embeddable":true,"href":"https:\/\/www.kryptoakademie24.de\/tr\/wp-json\/wp\/v2\/users\/1"}],"replies":[{"embeddable":true,"href":"https:\/\/www.kryptoakademie24.de\/tr\/wp-json\/wp\/v2\/comments?post=21670"}],"version-history":[{"count":26,"href":"https:\/\/www.kryptoakademie24.de\/tr\/wp-json\/wp\/v2\/pages\/21670\/revisions"}],"predecessor-version":[{"id":25759,"href":"https:\/\/www.kryptoakademie24.de\/tr\/wp-json\/wp\/v2\/pages\/21670\/revisions\/25759"}],"wp:attachment":[{"href":"https:\/\/www.kryptoakademie24.de\/tr\/wp-json\/wp\/v2\/media?parent=21670"}],"curies":[{"name":"wp","href":"https:\/\/api.w.org\/{rel}","templated":true}]}}