{"id":25311,"date":"2022-12-13T02:03:00","date_gmt":"2022-12-13T01:03:00","guid":{"rendered":"https:\/\/www.kryptoakademie24.de\/?page_id=25311"},"modified":"2022-12-27T16:13:11","modified_gmt":"2022-12-27T15:13:11","slug":"swap","status":"publish","type":"page","link":"https:\/\/www.kryptoakademie24.de\/tr\/swap","title":{"rendered":"CREO Coin'leri De\u011fi\u015ftirin"},"content":{"rendered":"<div class=\"shariff shariff-align-flex-start shariff-widget-align-flex-start\"><ul class=\"shariff-buttons theme-default orientation-horizontal buttonsize-medium\"><li class=\"shariff-button mastodon shariff-nocustomcolor\" style=\"background-color:#563ACC\"><a href=\"https:\/\/s2f.kytta.dev\/?text=CREO%20Coins%20tauschen https%3A%2F%2Fwww.kryptoakademie24.de%2Ftr%2Fswap\" title=\"Mastodon&#039;da Payla\u015f\" aria-label=\"Mastodon&#039;da Payla\u015f\" role=\"button\" rel=\"noopener nofollow\" class=\"shariff-link\" style=\"; background-color:#6364FF; color:#fff\" target=\"_blank\"><span class=\"shariff-icon\" style=\"\"><svg width=\"75\" height=\"79\" viewbox=\"0 0 75 79\" fill=\"none\" xmlns=\"http:\/\/www.w3.org\/2000\/svg\"><path d=\"M37.813-.025C32.462-.058 27.114.13 21.79.598c-8.544.621-17.214 5.58-20.203 13.931C-1.12 23.318.408 32.622.465 41.65c.375 7.316.943 14.78 3.392 21.73 4.365 9.465 14.781 14.537 24.782 15.385 7.64.698 15.761-.213 22.517-4.026a54.1 54.1 0 0 0 .01-6.232c-6.855 1.316-14.101 2.609-21.049 1.074-3.883-.88-6.876-4.237-7.25-8.215-1.53-3.988 3.78-.43 5.584-.883 9.048 1.224 18.282.776 27.303-.462 7.044-.837 14.26-4.788 16.65-11.833 2.263-6.135 1.215-12.79 1.698-19.177.06-3.84.09-7.692-.262-11.52C72.596 7.844 63.223.981 53.834.684a219.453 219.453 0 0 0-16.022-.71zm11.294 12.882c5.5-.067 10.801 4.143 11.67 9.653.338 1.48.471 3 .471 4.515v21.088h-8.357c-.07-7.588.153-15.182-.131-22.765-.587-4.368-7.04-5.747-9.672-2.397-2.422 3.04-1.47 7.155-1.67 10.735v6.392h-8.307c-.146-4.996.359-10.045-.404-15.002-1.108-4.218-7.809-5.565-10.094-1.666-1.685 3.046-.712 6.634-.976 9.936v14.767h-8.354c.109-8.165-.238-16.344.215-24.5.674-5.346 5.095-10.389 10.676-10.627 4.902-.739 10.103 2.038 12.053 6.631.375 1.435 1.76 1.932 1.994.084 1.844-3.704 5.501-6.739 9.785-6.771.367-.044.735-.068 1.101-.073z\"\/><defs><lineargradient id=\"paint0_linear_549_34\" x1=\"37.0692\" y1=\"0\" x2=\"37.0692\" y2=\"79\" gradientunits=\"userSpaceOnUse\"><stop stop-color=\"#6364FF\"\/><stop offset=\"1\" stop-color=\"#563ACC\"\/><\/lineargradient><\/defs><\/svg><\/span><span class=\"shariff-text\">Payla\u015f<\/span>&nbsp;<\/a><\/li><li class=\"shariff-button facebook shariff-nocustomcolor\" style=\"background-color:#4273c8\"><a href=\"https:\/\/www.facebook.com\/sharer\/sharer.php?u=https%3A%2F%2Fwww.kryptoakademie24.de%2Ftr%2Fswap\" title=\"Facebook&#039;ta Payla\u015f\" aria-label=\"Facebook&#039;ta Payla\u015f\" role=\"button\" rel=\"nofollow\" class=\"shariff-link\" style=\"; background-color:#3b5998; color:#fff\" target=\"_blank\"><span class=\"shariff-icon\" style=\"\"><svg width=\"32px\" height=\"20px\" xmlns=\"http:\/\/www.w3.org\/2000\/svg\" viewbox=\"0 0 18 32\"><path fill=\"#3b5998\" d=\"M17.1 0.2v4.7h-2.8q-1.5 0-2.1 0.6t-0.5 1.9v3.4h5.2l-0.7 5.3h-4.5v13.6h-5.5v-13.6h-4.5v-5.3h4.5v-3.9q0-3.3 1.9-5.2t5-1.8q2.6 0 4.1 0.2z\"\/><\/svg><\/span><span class=\"shariff-text\">Payla\u015f<\/span>&nbsp;<\/a><\/li><li class=\"shariff-button linkedin shariff-nocustomcolor\" style=\"background-color:#1488bf\"><a href=\"https:\/\/www.linkedin.com\/sharing\/share-offsite\/?url=https%3A%2F%2Fwww.kryptoakademie24.de%2Ftr%2Fswap\" title=\"LinkedIn&#039;de Payla\u015f\" aria-label=\"LinkedIn&#039;de Payla\u015f\" role=\"button\" rel=\"noopener nofollow\" class=\"shariff-link\" style=\"; background-color:#0077b5; color:#fff\" target=\"_blank\"><span class=\"shariff-icon\" style=\"\"><svg width=\"32px\" height=\"20px\" xmlns=\"http:\/\/www.w3.org\/2000\/svg\" viewbox=\"0 0 27 32\"><path fill=\"#0077b5\" d=\"M6.2 11.2v17.7h-5.9v-17.7h5.9zM6.6 5.7q0 1.3-0.9 2.2t-2.4 0.9h0q-1.5 0-2.4-0.9t-0.9-2.2 0.9-2.2 2.4-0.9 2.4 0.9 0.9 2.2zM27.4 18.7v10.1h-5.9v-9.5q0-1.9-0.7-2.9t-2.3-1.1q-1.1 0-1.9 0.6t-1.2 1.5q-0.2 0.5-0.2 1.4v9.9h-5.9q0-7.1 0-11.6t0-5.3l0-0.9h5.9v2.6h0q0.4-0.6 0.7-1t1-0.9 1.6-0.8 2-0.3q3 0 4.9 2t1.9 6z\"\/><\/svg><\/span><span class=\"shariff-text\">Payla\u015f<\/span>&nbsp;<\/a><\/li><li class=\"shariff-button info shariff-nocustomcolor\" style=\"background-color:#eee\"><a href=\"https:\/\/www.kryptoakademie24.de\/tr\/whitepaper\/\" title=\"Whitepaper\" aria-label=\"Whitepaper\" role=\"button\" rel=\"noopener \" class=\"shariff-link\" style=\"; background-color:#fff; color:#fff\" target=\"_blank\"><span class=\"shariff-icon\" style=\"\"><svg width=\"32px\" height=\"20px\" xmlns=\"http:\/\/www.w3.org\/2000\/svg\" viewbox=\"0 0 11 32\"><path fill=\"#999\" d=\"M11.4 24v2.3q0 0.5-0.3 0.8t-0.8 0.4h-9.1q-0.5 0-0.8-0.4t-0.4-0.8v-2.3q0-0.5 0.4-0.8t0.8-0.4h1.1v-6.8h-1.1q-0.5 0-0.8-0.4t-0.4-0.8v-2.3q0-0.5 0.4-0.8t0.8-0.4h6.8q0.5 0 0.8 0.4t0.4 0.8v10.3h1.1q0.5 0 0.8 0.4t0.3 0.8zM9.2 3.4v3.4q0 0.5-0.4 0.8t-0.8 0.4h-4.6q-0.4 0-0.8-0.4t-0.4-0.8v-3.4q0-0.4 0.4-0.8t0.8-0.4h4.6q0.5 0 0.8 0.4t0.4 0.8z\"\/><\/svg><\/span><\/a><\/li><\/ul><\/div><p><a href=\"https:\/\/opensea.io\/collection\/creocoin\"><img decoding=\"async\" loading=\"lazy\" class=\"alignnone wp-image-25550 size-full\" src=\"https:\/\/www.kryptoakademie24.de\/wp-content\/uploads\/2022\/12\/coinsresercve-1.png\" alt=\"\" width=\"994\" height=\"119\" srcset=\"https:\/\/www.kryptoakademie24.de\/wp-content\/uploads\/2022\/12\/coinsresercve-1.png 994w, https:\/\/www.kryptoakademie24.de\/wp-content\/uploads\/2022\/12\/coinsresercve-1-300x36.png 300w, https:\/\/www.kryptoakademie24.de\/wp-content\/uploads\/2022\/12\/coinsresercve-1-768x92.png 768w\" sizes=\"(max-width: 994px) 100vw, 994px\" \/><\/a><\/p>\n<blockquote>\n<h4><span style=\"font-size: 13pt;\"><strong>Whatsapp deste\u011fi ile takas<\/strong><\/span><\/h4>\n<\/blockquote>\n<p><span style=\"color: #00ffff;\"><strong>\u235f Whatsapp Deste\u011fi ile para takas edin ve sat\u0131n al\u0131n\u235f<\/strong><\/span><br \/>\nDeste\u011fimizle Whatsapp \u00fczerinden konu\u015fursunuz ve CREO Coin'leri paralar\u0131n\u0131zla g\u00fcvenle de\u011fi\u015ftirebilirsiniz. Mobil verileriniz yaln\u0131zca CREO Coin deste\u011fi i\u00e7in kullan\u0131lacak ve \u00fc\u00e7\u00fcnc\u00fc taraflara aktar\u0131lmayacakt\u0131r.<br \/>\n<strong>\ud83d\ude80 <a href=\"https:\/\/chat.whatsapp.com\/B4wUWDZpWhzFyoitI8y2ST\">Whatsapp grubunu a\u00e7\u0131n<\/a><\/strong><br \/>\n<strong>\u2b50 <a href=\"https:\/\/chat.whatsapp.com\/B4wUWDZpWhzFyoitI8y2ST\">Paralar\u0131 de\u011fi\u015ftirin!<\/a><\/strong><br \/>\n\u2b50\u2b50\u2b50\u2b50\u2b50\u2b50\u2b50\u2b50\u2b50\u2b50\u2b50\u2b50\u2b50\u2b50\u2b50\u2b50<\/p>\n<blockquote>\n<h4><span style=\"font-size: 13pt;\"><strong>NFT S\u00f6zle\u015fmeleri ile De\u011fi\u015fim (Opensea)<\/strong><\/span><\/h4>\n<\/blockquote>\n<p><span style=\"color: #00ffff;\"><strong>Muhtemelen d\u00fcnyadaki en faydal\u0131 teknik inceleme \u235f<\/strong><\/span><br \/>\nOrta\u011f\u0131m\u0131z Opensea ile CREO Coin'leri NFT olarak rezerve edin ve sat\u0131n al\u0131n. Opensea'ya c\u00fczdan\u0131n\u0131zla (Metamask) giri\u015f yap\u0131n ve coin paketlerini oradan sat\u0131n al\u0131n. C\u00fczdan\u0131n\u0131zda Ethereum olmal\u0131 veya banka sa\u011flay\u0131c\u0131s\u0131 arac\u0131l\u0131\u011f\u0131yla c\u00fczdan\u0131n\u0131za y\u00fcklemelisiniz. Transferden sonra, CREO Coins'i 24 saat i\u00e7inde saklanan c\u00fczdan kimli\u011fine g\u00f6nderece\u011fiz. NFT S\u00f6zle\u015fmeleri arac\u0131l\u0131\u011f\u0131yla CREO Coin'leri nas\u0131l sat\u0131n alaca\u011f\u0131n\u0131zla ilgili herhangi bir sorununuz veya sorunuz varsa, l\u00fctfen Coin Destek ekibimizle ileti\u015fime ge\u00e7in<br \/>\n<strong>\ud83d\ude80 <a href=\"https:\/\/chat.whatsapp.com\/B4wUWDZpWhzFyoitI8y2ST\">Opensea'daki t\u00fcm jeton paketleri<\/a><\/strong><br \/>\n<strong>\ud83d\ude80 <a href=\"https:\/\/t.me\/+LHWwpSrrsRYzMjNi\">NFT Destek Ekibi (Telegram)<\/a><\/strong><br \/>\n<strong>\u2b50 <a href=\"https:\/\/opensea.io\/kryptoakademie24\">C\u00fczdan Kryptoakademie24 Opensea!<\/a><\/strong><br \/>\n\u2b50\u2b50\u2b50\u2b50\u2b50\u2b50\u2b50\u2b50\u2b50\u2b50\u2b50\u2b50\u2b50\u2b50\u2b50\u2b50<\/p>\n<blockquote>\n<h4><span style=\"font-size: 13pt;\"><strong> Madeni paralar\u0131n\u0131z i\u00e7in en iyi fiyatlar<\/strong><\/span><\/h4>\n<\/blockquote>\n<p><span style=\"color: #00ffff;\"><strong>\u235f Mevcut piyasa de\u011ferinin \u00fczerinde 30%'ye kadar al\u0131n \u235f<\/strong><\/span><br \/>\nCREO $SEO Coin ile coinlerinizi en iyi fiyatlarla de\u011fi\u015ftirin. Kripto para birimine olan talebe ba\u011fl\u0131 olarak, coin'iniz i\u00e7in mevcut d\u00f6viz kurunun 30 %'sine kadar verece\u011fiz. A\u015fa\u011f\u0131daki coinleri ve tokenleri CREO coinleri ile de\u011fi\u015ftiriyoruz<br \/>\n<strong>\ud83d\ude80 De\u011fi\u015fim de\u011feri : CREO Coin 0,11 Euro<\/strong><br \/>\n<strong>\u2b50 <a href=\"https:\/\/www.kryptoakademie24.de\/tr\/coin\/\">Madeni Para Haritas\u0131n\u0131 Okuyun!<\/a><\/strong><br \/>\n<strong>\u2b50 <a href=\"https:\/\/www.kryptoakademie24.de\/tr\/whitepaper\/\">Teknik raporu okuyun!<\/a><\/strong><br \/>\n<strong>\u2b50 <a href=\"https:\/\/www.kryptoakademie24.de\/tr\/roadmap\/\">CREO Yol Haritas\u0131n\u0131 okuyun!<\/a><\/strong><br \/>\n\u2b50\u2b50\u2b50\u2b50\u2b50\u2b50\u2b50\u2b50\u2b50\u2b50\u2b50\u2b50\u2b50\u2b50\u2b50\u2b50<\/p>","protected":false},"excerpt":{"rendered":"<p>Whatsapp Deste\u011fi ile De\u011fi\u015fim \u235f Whatsapp Deste\u011fi ile coin de\u011fi\u015fimi ve al\u0131m\u0131\u235f Destek ekibimizle Whatsapp \u00fczerinden konu\u015fursunuz ve<\/p>","protected":false},"author":1,"featured_media":0,"parent":0,"menu_order":0,"comment_status":"closed","ping_status":"closed","template":"","meta":{"om_disable_all_campaigns":false,"_mi_skip_tracking":false,"footnotes":""},"aioseo_notices":[],"_links":{"self":[{"href":"https:\/\/www.kryptoakademie24.de\/tr\/wp-json\/wp\/v2\/pages\/25311"}],"collection":[{"href":"https:\/\/www.kryptoakademie24.de\/tr\/wp-json\/wp\/v2\/pages"}],"about":[{"href":"https:\/\/www.kryptoakademie24.de\/tr\/wp-json\/wp\/v2\/types\/page"}],"author":[{"embeddable":true,"href":"https:\/\/www.kryptoakademie24.de\/tr\/wp-json\/wp\/v2\/users\/1"}],"replies":[{"embeddable":true,"href":"https:\/\/www.kryptoakademie24.de\/tr\/wp-json\/wp\/v2\/comments?post=25311"}],"version-history":[{"count":9,"href":"https:\/\/www.kryptoakademie24.de\/tr\/wp-json\/wp\/v2\/pages\/25311\/revisions"}],"predecessor-version":[{"id":25572,"href":"https:\/\/www.kryptoakademie24.de\/tr\/wp-json\/wp\/v2\/pages\/25311\/revisions\/25572"}],"wp:attachment":[{"href":"https:\/\/www.kryptoakademie24.de\/tr\/wp-json\/wp\/v2\/media?parent=25311"}],"curies":[{"name":"wp","href":"https:\/\/api.w.org\/{rel}","templated":true}]}}