{"id":25434,"date":"2022-12-15T09:03:44","date_gmt":"2022-12-15T08:03:44","guid":{"rendered":"https:\/\/www.kryptoakademie24.de\/?page_id=25434"},"modified":"2023-01-30T08:38:42","modified_gmt":"2023-01-30T07:38:42","slug":"metamask","status":"publish","type":"page","link":"https:\/\/www.kryptoakademie24.de\/tr\/metamask","title":{"rendered":""},"content":{"rendered":"<div class=\"shariff shariff-align-flex-start shariff-widget-align-flex-start\"><ul class=\"shariff-buttons theme-default orientation-horizontal buttonsize-medium\"><li class=\"shariff-button mastodon shariff-nocustomcolor\" style=\"background-color:#563ACC\"><a href=\"https:\/\/s2f.kytta.dev\/?text= https%3A%2F%2Fwww.kryptoakademie24.de%2Ftr%2Fmetamask\" title=\"Mastodon&#039;da Payla\u015f\" aria-label=\"Mastodon&#039;da Payla\u015f\" role=\"button\" rel=\"noopener nofollow\" class=\"shariff-link\" style=\"; background-color:#6364FF; color:#fff\" target=\"_blank\"><span class=\"shariff-icon\" style=\"\"><svg width=\"75\" height=\"79\" viewbox=\"0 0 75 79\" fill=\"none\" xmlns=\"http:\/\/www.w3.org\/2000\/svg\"><path d=\"M37.813-.025C32.462-.058 27.114.13 21.79.598c-8.544.621-17.214 5.58-20.203 13.931C-1.12 23.318.408 32.622.465 41.65c.375 7.316.943 14.78 3.392 21.73 4.365 9.465 14.781 14.537 24.782 15.385 7.64.698 15.761-.213 22.517-4.026a54.1 54.1 0 0 0 .01-6.232c-6.855 1.316-14.101 2.609-21.049 1.074-3.883-.88-6.876-4.237-7.25-8.215-1.53-3.988 3.78-.43 5.584-.883 9.048 1.224 18.282.776 27.303-.462 7.044-.837 14.26-4.788 16.65-11.833 2.263-6.135 1.215-12.79 1.698-19.177.06-3.84.09-7.692-.262-11.52C72.596 7.844 63.223.981 53.834.684a219.453 219.453 0 0 0-16.022-.71zm11.294 12.882c5.5-.067 10.801 4.143 11.67 9.653.338 1.48.471 3 .471 4.515v21.088h-8.357c-.07-7.588.153-15.182-.131-22.765-.587-4.368-7.04-5.747-9.672-2.397-2.422 3.04-1.47 7.155-1.67 10.735v6.392h-8.307c-.146-4.996.359-10.045-.404-15.002-1.108-4.218-7.809-5.565-10.094-1.666-1.685 3.046-.712 6.634-.976 9.936v14.767h-8.354c.109-8.165-.238-16.344.215-24.5.674-5.346 5.095-10.389 10.676-10.627 4.902-.739 10.103 2.038 12.053 6.631.375 1.435 1.76 1.932 1.994.084 1.844-3.704 5.501-6.739 9.785-6.771.367-.044.735-.068 1.101-.073z\"\/><defs><lineargradient id=\"paint0_linear_549_34\" x1=\"37.0692\" y1=\"0\" x2=\"37.0692\" y2=\"79\" gradientunits=\"userSpaceOnUse\"><stop stop-color=\"#6364FF\"\/><stop offset=\"1\" stop-color=\"#563ACC\"\/><\/lineargradient><\/defs><\/svg><\/span><span class=\"shariff-text\">Payla\u015f<\/span>&nbsp;<\/a><\/li><li class=\"shariff-button facebook shariff-nocustomcolor\" style=\"background-color:#4273c8\"><a href=\"https:\/\/www.facebook.com\/sharer\/sharer.php?u=https%3A%2F%2Fwww.kryptoakademie24.de%2Ftr%2Fmetamask\" title=\"Facebook&#039;ta Payla\u015f\" aria-label=\"Facebook&#039;ta Payla\u015f\" role=\"button\" rel=\"nofollow\" class=\"shariff-link\" style=\"; background-color:#3b5998; color:#fff\" target=\"_blank\"><span class=\"shariff-icon\" style=\"\"><svg width=\"32px\" height=\"20px\" xmlns=\"http:\/\/www.w3.org\/2000\/svg\" viewbox=\"0 0 18 32\"><path fill=\"#3b5998\" d=\"M17.1 0.2v4.7h-2.8q-1.5 0-2.1 0.6t-0.5 1.9v3.4h5.2l-0.7 5.3h-4.5v13.6h-5.5v-13.6h-4.5v-5.3h4.5v-3.9q0-3.3 1.9-5.2t5-1.8q2.6 0 4.1 0.2z\"\/><\/svg><\/span><span class=\"shariff-text\">Payla\u015f<\/span>&nbsp;<\/a><\/li><li class=\"shariff-button linkedin shariff-nocustomcolor\" style=\"background-color:#1488bf\"><a href=\"https:\/\/www.linkedin.com\/sharing\/share-offsite\/?url=https%3A%2F%2Fwww.kryptoakademie24.de%2Ftr%2Fmetamask\" title=\"LinkedIn&#039;de Payla\u015f\" aria-label=\"LinkedIn&#039;de Payla\u015f\" role=\"button\" rel=\"noopener nofollow\" class=\"shariff-link\" style=\"; background-color:#0077b5; color:#fff\" target=\"_blank\"><span class=\"shariff-icon\" style=\"\"><svg width=\"32px\" height=\"20px\" xmlns=\"http:\/\/www.w3.org\/2000\/svg\" viewbox=\"0 0 27 32\"><path fill=\"#0077b5\" d=\"M6.2 11.2v17.7h-5.9v-17.7h5.9zM6.6 5.7q0 1.3-0.9 2.2t-2.4 0.9h0q-1.5 0-2.4-0.9t-0.9-2.2 0.9-2.2 2.4-0.9 2.4 0.9 0.9 2.2zM27.4 18.7v10.1h-5.9v-9.5q0-1.9-0.7-2.9t-2.3-1.1q-1.1 0-1.9 0.6t-1.2 1.5q-0.2 0.5-0.2 1.4v9.9h-5.9q0-7.1 0-11.6t0-5.3l0-0.9h5.9v2.6h0q0.4-0.6 0.7-1t1-0.9 1.6-0.8 2-0.3q3 0 4.9 2t1.9 6z\"\/><\/svg><\/span><span class=\"shariff-text\">Payla\u015f<\/span>&nbsp;<\/a><\/li><li class=\"shariff-button info shariff-nocustomcolor\" style=\"background-color:#eee\"><a href=\"https:\/\/www.kryptoakademie24.de\/tr\/whitepaper\/\" title=\"Whitepaper\" aria-label=\"Whitepaper\" role=\"button\" rel=\"noopener \" class=\"shariff-link\" style=\"; background-color:#fff; color:#fff\" target=\"_blank\"><span class=\"shariff-icon\" style=\"\"><svg width=\"32px\" height=\"20px\" xmlns=\"http:\/\/www.w3.org\/2000\/svg\" viewbox=\"0 0 11 32\"><path fill=\"#999\" d=\"M11.4 24v2.3q0 0.5-0.3 0.8t-0.8 0.4h-9.1q-0.5 0-0.8-0.4t-0.4-0.8v-2.3q0-0.5 0.4-0.8t0.8-0.4h1.1v-6.8h-1.1q-0.5 0-0.8-0.4t-0.4-0.8v-2.3q0-0.5 0.4-0.8t0.8-0.4h6.8q0.5 0 0.8 0.4t0.4 0.8v10.3h1.1q0.5 0 0.8 0.4t0.3 0.8zM9.2 3.4v3.4q0 0.5-0.4 0.8t-0.8 0.4h-4.6q-0.4 0-0.8-0.4t-0.4-0.8v-3.4q0-0.4 0.4-0.8t0.8-0.4h4.6q0.5 0 0.8 0.4t0.4 0.8z\"\/><\/svg><\/span><\/a><\/li><\/ul><\/div><p><img decoding=\"async\" loading=\"lazy\" class=\"alignnone size-full wp-image-25428\" src=\"https:\/\/www.kryptoakademie24.de\/wp-content\/uploads\/2022\/12\/shutterstock_1083161909-e1671089892115.jpg\" alt=\"\" width=\"1000\" height=\"157\" srcset=\"https:\/\/www.kryptoakademie24.de\/wp-content\/uploads\/2022\/12\/shutterstock_1083161909-e1671089892115.jpg 1000w, https:\/\/www.kryptoakademie24.de\/wp-content\/uploads\/2022\/12\/shutterstock_1083161909-e1671089892115-300x47.jpg 300w, https:\/\/www.kryptoakademie24.de\/wp-content\/uploads\/2022\/12\/shutterstock_1083161909-e1671089892115-768x121.jpg 768w\" sizes=\"(max-width: 1000px) 100vw, 1000px\" \/><\/p>\n<blockquote>\n<h4><span style=\"font-size: 13pt;\"><strong>Metamask C\u00fczdan\u0131 Y\u00fckleyin<\/strong><\/span><\/h4>\n<\/blockquote>\n<hr \/>\n<p><span style=\"color: #00ffff;\"><strong>Blockchain c\u00fczdan\u0131n\u0131 indirin ve y\u00fckleyin \u235f<\/strong><\/span><br \/>\nMetamask C\u00fczdan, Android s\u00fcr\u00fcm\u00fcnde ve Google Chrome taray\u0131c\u0131s\u0131 i\u00e7in bir uzant\u0131 olarak mevcuttur (\u00f6nerilir).<br \/>\n<strong>\ud83d\udc8e <a href=\"https:\/\/chrome.google.com\/webstore\/detail\/metamask\/nkbihfbeogaeaoehlefnkodbefgpgknn?hl=de\">\u0130ndir (Chrome taray\u0131c\u0131)<\/a><\/strong><br \/>\n<strong>\ud83d\udc8e <a href=\"https:\/\/play.google.com\/store\/apps\/details?id=io.metamask&amp;hl=gsw&amp;gl=US\">Android i\u00e7in Ak\u0131ll\u0131 Telefon C\u00fczdan\u0131\u00a0<\/a><\/strong><br \/>\n<strong>\ud83d\udc8e <a href=\"https:\/\/apps.apple.com\/de\/app\/metamask-blockchain-wallet\/id1438144202\">Iphone i\u00e7in Blockchain c\u00fczdan\u0131\u00a0<\/a><\/strong><\/p>\n<hr \/>\n<blockquote>\n<h4><span style=\"font-size: 13pt;\"><strong>CREO Coin'i Metamask'a ekleyin<\/strong><\/span><\/h4>\n<\/blockquote>\n<hr \/>\n<p><span style=\"color: #00ffff;\"><strong>CREO Coin'i \u00f6zel token olarak ekleyin\u235f<\/strong><\/span><br \/>\nCREO Coin'leri Metamask C\u00fczdan\u0131n\u0131za nas\u0131l ekleyece\u011finizi burada ad\u0131m ad\u0131m \u00f6\u011frenebilirsiniz.<\/p>\n<ol>\n<li>Uygulaman\u0131zda\/taray\u0131c\u0131n\u0131zda metamaskeyi a\u00e7\u0131n.<br \/>\n2. Varl\u0131klar sekmesini se\u00e7in.<br \/>\n3. (Belirte\u00e7 i\u00e7e aktar) se\u00e7ene\u011fine kayd\u0131r\u0131n<br \/>\n4. \u00d6zel belirte\u00e7ler i\u00e7in sekmeyi se\u00e7in.<br \/>\n5. S\u00f6zle\u015fme adresini (a\u015fa\u011f\u0131da) kopyalay\u0131p alana yap\u0131\u015ft\u0131r\u0131n<br \/>\n6. \u00d6zel Belirte\u00e7 Ekle'ye t\u0131klay\u0131n<br \/>\n7. Belirteci i\u00e7e aktar \u00fczerine t\u0131klay\u0131n<\/p>\n<hr \/>\n<p><strong>0x6feF19a21b40789D7f59dD38A415222463c8eBF7<\/strong><\/p>\n<hr \/>\n<p><a href=\"https:\/\/vittominacori.github.io\/watch-token\/page\/?hash=0x7b2261646472657373223a22307836666546313961323162343037383944376635396444333841343135323232343633633865424637222c226c6f676f223a2268747470733a2f2f7777772e6b727970746f616b6164656d696532342e64652f77702d636f6e74656e742f75706c6f6164732f323032322f31322f6c6f676f6e657565732e706e67227d&amp;network=mainnet\" target=\"_blank\" rel=\"noopener noreferrer\">\ud83d\udc8e Vittori Github widget'\u0131n\u0131 kullan\u0131n<\/a><br \/>\n<a href=\"https:\/\/etherscan.io\/token\/0x6feF19a21b40789D7f59dD38A415222463c8eBF7\" target=\"_blank\" rel=\"noopener noreferrer\">\ud83d\udc8e T\u00fcm Etherscan tutucu verileri<\/a><br \/>\n<a href=\"https:\/\/www.smartcontracts.tools\/token-watcher\/page\/?hash=0x7b2261646472657373223a22307836666546313961323162343037383944376635396444333841343135323232343633633865424637222c226c6f676f223a2268747470733a2f2f7777772e6b727970746f616b6164656d696532342e64652f77702d636f6e74656e742f75706c6f6164732f323032322f31322f6c6f676f6e657565732e706e67227d&amp;network=ethereum_mainnet\" target=\"_blank\" rel=\"noopener noreferrer\">\ud83d\udc8e Tart\u0131\u015fma \/ Yorumlar (Ak\u0131ll\u0131 S\u00f6zle\u015fme Arac\u0131)<\/a><br \/>\n<a href=\"https:\/\/etherscan.io\/address\/0xe5648cb8a6b58f2d4c77674fbdfcd0eb39e24097\" target=\"_blank\" rel=\"noopener noreferrer\">\ud83d\udc8e Genel C\u00fczdan Adresi <\/a><br \/>\n<a href=\"https:\/\/etherscan.io\/token\/0x6fef19a21b40789d7f59dd38a415222463c8ebf7\" target=\"_blank\" rel=\"noopener noreferrer\">\ud83d\udc8e Etherscan.io taraf\u0131ndan CREO COIN Tracker<\/a><br \/>\n7. Belirteci i\u00e7e aktar \u00fczerine t\u0131klay\u0131n<\/li>\n<\/ol>\n<p><strong>\ud83d\udc8e <a href=\"https:\/\/www.youtube.com\/watch?v=7KO2Ttbqcj4\">Youtube E\u011fitimi <\/a><\/strong><br \/>\n<strong>\ud83d\udc8e <a href=\"https:\/\/play.google.com\/store\/apps\/details?id=io.metamask&amp;hl=gsw&amp;gl=US\">Jetonlar\u0131 i\u00e7e aktarma hakk\u0131nda blog yaz\u0131s\u0131 \u00a0<\/a><\/strong><br \/>\n<strong>S\u00f6zle\u015fme adresi: <\/strong><br \/>\n<span style=\"color: #00ffff;\"><strong>\u235f Video e\u011fitimi Madeni para\/token ekleme \u235f<\/strong><\/span><br \/>\n<iframe loading=\"lazy\" title=\"Talimatlar: Metamask&#039;a belirte\u00e7 ekleme\" src=\"https:\/\/www.youtube.com\/embed\/qpcC-SszEIQ\" width=\"803\" height=\"506\" frameborder=\"0\" allowfullscreen=\"allowfullscreen\"><\/iframe><\/p>\n<hr \/>\n<p><span style=\"color: #00ffff;\"><strong>\u235f Metamask C\u00fczdan hakk\u0131nda t\u00fcm bilgiler \u235f<\/strong><\/span><\/p>\n<p>Metamask, Chrome, Firefox, Brave ve di\u011fer pop\u00fcler web taray\u0131c\u0131lar\u0131 i\u00e7in bir taray\u0131c\u0131 uzant\u0131s\u0131 olarak kullan\u0131labilen bir t\u00fcr kripto c\u00fczdan\u0131d\u0131r. Kullan\u0131c\u0131lar\u0131n kripto para g\u00f6nderip almalar\u0131n\u0131 kolayla\u015ft\u0131rmak ve Ethereum blok zincirindeki merkezi olmayan uygulamalara (dApps) eri\u015fmelerini sa\u011flamak i\u00e7in geli\u015ftirilmi\u015ftir.<\/p>\n<p>Metamask, kullan\u0131c\u0131lar\u0131n \u00f6zel anahtarlar\u0131n\u0131 ve di\u011fer \u00f6nemli bilgilerini g\u00fcvenli bir \u015fekilde saklar ve Ether ve ERC-20 tokenleri gibi kripto para birimleri g\u00f6nderip almalar\u0131na olanak tan\u0131r. Kullan\u0131c\u0131lar ayr\u0131ca farkl\u0131 kripto para adresleri aras\u0131nda ge\u00e7i\u015f yaparak birden fazla kripto para hesab\u0131n\u0131 y\u00f6netebilir.<\/p>\n<p>Metamask ayr\u0131ca Ethereum blok zincirinde dApp'leri kullanmak i\u00e7in kolay bir yol sunar. DApp'ler, blok zinciri \u00fczerinde \u00e7al\u0131\u015fan ve Metamask c\u00fczdan\u0131na sahip olduklar\u0131 s\u00fcrece herhangi bir kullan\u0131c\u0131 taraf\u0131ndan kullan\u0131labilen merkezi olmayan uygulamalard\u0131r. Bu uygulamalar, kripto para ticareti yapmak, kripto para \u00f6d\u00fcn\u00e7 vermek veya merkezi olmayan otoritelerde oy kullanmak gibi \u00e7e\u015fitli i\u015flevler ve hizmetler sunar.<\/p>\n<p>Metamask'\u0131 kullanmak i\u00e7in kullan\u0131c\u0131n\u0131n \u00f6nce taray\u0131c\u0131 uzant\u0131s\u0131n\u0131 indirmesi ve kurmas\u0131 gerekir. Bu yap\u0131ld\u0131ktan sonra, kullan\u0131c\u0131 yeni bir kripto para hesab\u0131 olu\u015fturabilir veya mevcut bir hesab\u0131 i\u00e7e aktarabilir. Kullan\u0131c\u0131 daha sonra kripto para g\u00f6nderip alabilir ve Ethereum blok zincirinde dApp'leri kullanabilir.<\/p>\n<p>Metamask, kripto para birimlerini y\u00f6netmek ve Ethereum blok zincirinde dApp'leri kullanmak i\u00e7in g\u00fcvenli ve kolay bir yol sundu\u011fu i\u00e7in kripto para kullan\u0131c\u0131lar\u0131 aras\u0131nda pop\u00fcler bir se\u00e7imdir. Ancak, kripto paralar\u0131n\u0131n g\u00fcvende kalmas\u0131n\u0131 sa\u011flamak i\u00e7in kullan\u0131c\u0131lar\u0131n \u00f6zel anahtarlar\u0131n\u0131 dikkatli bir \u015fekilde saklamalar\u0131 ve Metamask c\u00fczdanlar\u0131n\u0131 hacklenmeye kar\u015f\u0131 korumalar\u0131 \u00f6nemlidir<\/p>\n<p>.<br \/>\n<strong>\ud83d\udc8e <a href=\"https:\/\/opensea.io\/collection\/creocoin\">CREO \u00d6n Sat\u0131\u015f Paketleri (Opensea)<\/a><\/strong><br \/>\n<strong>\ud83d\udc8e <a href=\"https:\/\/www.kryptoakademie24.de\/tr\/masterpass\/\">CREO Coin NFT Masterpass<\/a><\/strong><br \/>\n<strong>\ud83d\udc8e <a href=\"https:\/\/www.kryptoakademie24.de\/tr\/whitepaper\/\">CREO Coin Teknik Dok\u00fcman\u0131<\/a><\/strong><\/p>\n<hr \/>","protected":false},"excerpt":{"rendered":"<p>Metamask Wallet'\u0131 y\u00fckleyin \u235f Blockchain c\u00fczdan\u0131n\u0131 indirin ve y\u00fckleyin \u235f Metamask Wallet'\u0131n Android s\u00fcr\u00fcm\u00fc mevcuttur<\/p>","protected":false},"author":1,"featured_media":0,"parent":0,"menu_order":0,"comment_status":"closed","ping_status":"closed","template":"","meta":{"om_disable_all_campaigns":false,"_mi_skip_tracking":false,"footnotes":""},"aioseo_notices":[],"_links":{"self":[{"href":"https:\/\/www.kryptoakademie24.de\/tr\/wp-json\/wp\/v2\/pages\/25434"}],"collection":[{"href":"https:\/\/www.kryptoakademie24.de\/tr\/wp-json\/wp\/v2\/pages"}],"about":[{"href":"https:\/\/www.kryptoakademie24.de\/tr\/wp-json\/wp\/v2\/types\/page"}],"author":[{"embeddable":true,"href":"https:\/\/www.kryptoakademie24.de\/tr\/wp-json\/wp\/v2\/users\/1"}],"replies":[{"embeddable":true,"href":"https:\/\/www.kryptoakademie24.de\/tr\/wp-json\/wp\/v2\/comments?post=25434"}],"version-history":[{"count":24,"href":"https:\/\/www.kryptoakademie24.de\/tr\/wp-json\/wp\/v2\/pages\/25434\/revisions"}],"predecessor-version":[{"id":25865,"href":"https:\/\/www.kryptoakademie24.de\/tr\/wp-json\/wp\/v2\/pages\/25434\/revisions\/25865"}],"wp:attachment":[{"href":"https:\/\/www.kryptoakademie24.de\/tr\/wp-json\/wp\/v2\/media?parent=25434"}],"curies":[{"name":"wp","href":"https:\/\/api.w.org\/{rel}","templated":true}]}}