{"id":25527,"date":"2022-12-23T09:57:57","date_gmt":"2022-12-23T08:57:57","guid":{"rendered":"https:\/\/www.kryptoakademie24.de\/?page_id=25527"},"modified":"2022-12-23T11:08:55","modified_gmt":"2022-12-23T10:08:55","slug":"openai","status":"publish","type":"page","link":"https:\/\/www.kryptoakademie24.de\/tr\/openai","title":{"rendered":""},"content":{"rendered":"<div class=\"shariff shariff-align-flex-start shariff-widget-align-flex-start\"><ul class=\"shariff-buttons theme-default orientation-horizontal buttonsize-medium\"><li class=\"shariff-button mastodon shariff-nocustomcolor\" style=\"background-color:#563ACC\"><a href=\"https:\/\/s2f.kytta.dev\/?text= https%3A%2F%2Fwww.kryptoakademie24.de%2Ftr%2Fopenai\" title=\"Mastodon&#039;da Payla\u015f\" aria-label=\"Mastodon&#039;da Payla\u015f\" role=\"button\" rel=\"noopener nofollow\" class=\"shariff-link\" style=\"; background-color:#6364FF; color:#fff\" target=\"_blank\"><span class=\"shariff-icon\" style=\"\"><svg width=\"75\" height=\"79\" viewbox=\"0 0 75 79\" fill=\"none\" xmlns=\"http:\/\/www.w3.org\/2000\/svg\"><path d=\"M37.813-.025C32.462-.058 27.114.13 21.79.598c-8.544.621-17.214 5.58-20.203 13.931C-1.12 23.318.408 32.622.465 41.65c.375 7.316.943 14.78 3.392 21.73 4.365 9.465 14.781 14.537 24.782 15.385 7.64.698 15.761-.213 22.517-4.026a54.1 54.1 0 0 0 .01-6.232c-6.855 1.316-14.101 2.609-21.049 1.074-3.883-.88-6.876-4.237-7.25-8.215-1.53-3.988 3.78-.43 5.584-.883 9.048 1.224 18.282.776 27.303-.462 7.044-.837 14.26-4.788 16.65-11.833 2.263-6.135 1.215-12.79 1.698-19.177.06-3.84.09-7.692-.262-11.52C72.596 7.844 63.223.981 53.834.684a219.453 219.453 0 0 0-16.022-.71zm11.294 12.882c5.5-.067 10.801 4.143 11.67 9.653.338 1.48.471 3 .471 4.515v21.088h-8.357c-.07-7.588.153-15.182-.131-22.765-.587-4.368-7.04-5.747-9.672-2.397-2.422 3.04-1.47 7.155-1.67 10.735v6.392h-8.307c-.146-4.996.359-10.045-.404-15.002-1.108-4.218-7.809-5.565-10.094-1.666-1.685 3.046-.712 6.634-.976 9.936v14.767h-8.354c.109-8.165-.238-16.344.215-24.5.674-5.346 5.095-10.389 10.676-10.627 4.902-.739 10.103 2.038 12.053 6.631.375 1.435 1.76 1.932 1.994.084 1.844-3.704 5.501-6.739 9.785-6.771.367-.044.735-.068 1.101-.073z\"\/><defs><lineargradient id=\"paint0_linear_549_34\" x1=\"37.0692\" y1=\"0\" x2=\"37.0692\" y2=\"79\" gradientunits=\"userSpaceOnUse\"><stop stop-color=\"#6364FF\"\/><stop offset=\"1\" stop-color=\"#563ACC\"\/><\/lineargradient><\/defs><\/svg><\/span><span class=\"shariff-text\">Payla\u015f<\/span>&nbsp;<\/a><\/li><li class=\"shariff-button facebook shariff-nocustomcolor\" style=\"background-color:#4273c8\"><a href=\"https:\/\/www.facebook.com\/sharer\/sharer.php?u=https%3A%2F%2Fwww.kryptoakademie24.de%2Ftr%2Fopenai\" title=\"Facebook&#039;ta Payla\u015f\" aria-label=\"Facebook&#039;ta Payla\u015f\" role=\"button\" rel=\"nofollow\" class=\"shariff-link\" style=\"; background-color:#3b5998; color:#fff\" target=\"_blank\"><span class=\"shariff-icon\" style=\"\"><svg width=\"32px\" height=\"20px\" xmlns=\"http:\/\/www.w3.org\/2000\/svg\" viewbox=\"0 0 18 32\"><path fill=\"#3b5998\" d=\"M17.1 0.2v4.7h-2.8q-1.5 0-2.1 0.6t-0.5 1.9v3.4h5.2l-0.7 5.3h-4.5v13.6h-5.5v-13.6h-4.5v-5.3h4.5v-3.9q0-3.3 1.9-5.2t5-1.8q2.6 0 4.1 0.2z\"\/><\/svg><\/span><span class=\"shariff-text\">Payla\u015f<\/span>&nbsp;<\/a><\/li><li class=\"shariff-button linkedin shariff-nocustomcolor\" style=\"background-color:#1488bf\"><a href=\"https:\/\/www.linkedin.com\/sharing\/share-offsite\/?url=https%3A%2F%2Fwww.kryptoakademie24.de%2Ftr%2Fopenai\" title=\"LinkedIn&#039;de Payla\u015f\" aria-label=\"LinkedIn&#039;de Payla\u015f\" role=\"button\" rel=\"noopener nofollow\" class=\"shariff-link\" style=\"; background-color:#0077b5; color:#fff\" target=\"_blank\"><span class=\"shariff-icon\" style=\"\"><svg width=\"32px\" height=\"20px\" xmlns=\"http:\/\/www.w3.org\/2000\/svg\" viewbox=\"0 0 27 32\"><path fill=\"#0077b5\" d=\"M6.2 11.2v17.7h-5.9v-17.7h5.9zM6.6 5.7q0 1.3-0.9 2.2t-2.4 0.9h0q-1.5 0-2.4-0.9t-0.9-2.2 0.9-2.2 2.4-0.9 2.4 0.9 0.9 2.2zM27.4 18.7v10.1h-5.9v-9.5q0-1.9-0.7-2.9t-2.3-1.1q-1.1 0-1.9 0.6t-1.2 1.5q-0.2 0.5-0.2 1.4v9.9h-5.9q0-7.1 0-11.6t0-5.3l0-0.9h5.9v2.6h0q0.4-0.6 0.7-1t1-0.9 1.6-0.8 2-0.3q3 0 4.9 2t1.9 6z\"\/><\/svg><\/span><span class=\"shariff-text\">Payla\u015f<\/span>&nbsp;<\/a><\/li><li class=\"shariff-button info shariff-nocustomcolor\" style=\"background-color:#eee\"><a href=\"https:\/\/www.kryptoakademie24.de\/tr\/whitepaper\/\" title=\"Whitepaper\" aria-label=\"Whitepaper\" role=\"button\" rel=\"noopener \" class=\"shariff-link\" style=\"; background-color:#fff; color:#fff\" target=\"_blank\"><span class=\"shariff-icon\" style=\"\"><svg width=\"32px\" height=\"20px\" xmlns=\"http:\/\/www.w3.org\/2000\/svg\" viewbox=\"0 0 11 32\"><path fill=\"#999\" d=\"M11.4 24v2.3q0 0.5-0.3 0.8t-0.8 0.4h-9.1q-0.5 0-0.8-0.4t-0.4-0.8v-2.3q0-0.5 0.4-0.8t0.8-0.4h1.1v-6.8h-1.1q-0.5 0-0.8-0.4t-0.4-0.8v-2.3q0-0.5 0.4-0.8t0.8-0.4h6.8q0.5 0 0.8 0.4t0.4 0.8v10.3h1.1q0.5 0 0.8 0.4t0.3 0.8zM9.2 3.4v3.4q0 0.5-0.4 0.8t-0.8 0.4h-4.6q-0.4 0-0.8-0.4t-0.4-0.8v-3.4q0-0.4 0.4-0.8t0.8-0.4h4.6q0.5 0 0.8 0.4t0.4 0.8z\"\/><\/svg><\/span><\/a><\/li><\/ul><\/div><p><img decoding=\"async\" loading=\"lazy\" class=\"alignnone wp-image-25428 size-full\" src=\"https:\/\/www.kryptoakademie24.de\/wp-content\/uploads\/2022\/12\/shutterstock_1083161909-e1671089892115.jpg\" alt=\"\" width=\"1000\" height=\"157\" srcset=\"https:\/\/www.kryptoakademie24.de\/wp-content\/uploads\/2022\/12\/shutterstock_1083161909-e1671089892115.jpg 1000w, https:\/\/www.kryptoakademie24.de\/wp-content\/uploads\/2022\/12\/shutterstock_1083161909-e1671089892115-300x47.jpg 300w, https:\/\/www.kryptoakademie24.de\/wp-content\/uploads\/2022\/12\/shutterstock_1083161909-e1671089892115-768x121.jpg 768w\" sizes=\"(max-width: 1000px) 100vw, 1000px\" \/><\/p>\n<blockquote>\n<h5><strong>Chatbot GPT OpenAi Arac\u0131<\/strong><\/h5>\n<\/blockquote>\n<hr \/>\n<p>Toplum i\u00e7in katma de\u011fer sa\u011flayan yapay zeka olanaklar\u0131 bizi b\u00fcy\u00fcl\u00fcyor. Chatbot GPT gibi dil kavramlar\u0131, do\u011fru bilgiyi daha h\u0131zl\u0131 ve daha ayr\u0131nt\u0131l\u0131 bir \u015fekilde kamuoyuna sunma potansiyeline sahiptir.<\/p>\n<p><span style=\"color: #00ffff;\"><strong>\u235f Yapay zekaya sahip devrim niteli\u011findeki sohbet robotu \u235f<\/strong><\/span><br \/>\n<strong>\u2b50 Madeni para sat\u0131n al\u0131n ve destekleyin<\/strong><br \/>\n<strong>\u2b50 <a href=\"https:\/\/www.kryptoakademie24.de\/tr\/kryptonews\/chatbot-gpt-openai-k-i-texte-schreiben.html\/\">Chatbot OpenAi G\u00fcncellemeleri<\/a><\/strong><br \/>\n<strong>\u2b50 K.I. OpenAi Deste\u011fi<\/strong><\/p>\n<hr \/>\n<blockquote>\n<h5><strong>K.I. Ara\u015ft\u0131rma Merkezi<\/strong><\/h5>\n<\/blockquote>\n<hr \/>\n<p>Kendimize yapay zeka alan\u0131nda dil ara\u015ft\u0131rmalar\u0131n\u0131 ilerletme hedefi koyduk. Ara\u015ft\u0131rma merkezimizde, \u00f6zellikle arama motoru optimizasyonunda kullan\u0131lacak ara\u00e7lar i\u00e7in uygulamalar ve ara\u00e7lar geli\u015ftiriyoruz.<\/p>\n<p><span style=\"color: #00ffff;\"><strong>\u235f Yapay zekaya sahip devrim niteli\u011findeki sohbet robotu \u235f<\/strong><\/span><br \/>\n<strong>\u2b50 SEO ara\u00e7lar\u0131<\/strong><br \/>\n<strong>\u2b50 <a href=\"https:\/\/www.kryptoakademie24.de\/tr\/kryptonews\/chatbot-gpt-openai-k-i-texte-schreiben.html\/\">Chatbot OpenAi G\u00fcncellemeleri<\/a><\/strong><br \/>\n<strong>\u2b50 A.I. Ara\u015ft\u0131rma<\/strong><\/p>\n<hr \/>\n<blockquote>\n<h5><strong>GPT OpenAi sohbet robotu nedir?<\/strong><\/h5>\n<\/blockquote>\n<hr \/>\n<p>GPT (Generative Pre-training Transformer) OpenAI taraf\u0131ndan geli\u015ftirilen ve metin \u00fcretmek i\u00e7in kullan\u0131lan bir sinir a\u011f\u0131 modelidir. \u0130nsan sesine benzeyen ve anlaml\u0131 c\u00fcmleler olu\u015fturan metinleri otomatik olarak olu\u015fturmak i\u00e7in kullan\u0131labilir.<\/p>\n<p>Sohbet robotu, kullan\u0131c\u0131lar\u0131n metin veya sesli mesajlar kullanarak bir bilgisayarla ileti\u015fim kurmas\u0131n\u0131 sa\u011flayan bir yaz\u0131l\u0131md\u0131r. Chatbotlar, kullan\u0131c\u0131lar\u0131n sorular\u0131 yan\u0131tlamas\u0131na veya sorunlar\u0131 \u00e7\u00f6zmesine yard\u0131mc\u0131 olmak i\u00e7in m\u00fc\u015fteri hizmetleri platformlar\u0131 gibi \u00e7e\u015fitli uygulamalarda kullan\u0131labilir.<\/p>\n<p>GPT'nin kullan\u0131c\u0131lara anlaml\u0131 yan\u0131tlar sa\u011flamak i\u00e7in bir sohbet botunun par\u00e7as\u0131 olarak kullan\u0131lmas\u0131 m\u00fcmk\u00fcnd\u00fcr. Bu durumda GPT, chatbottan kullan\u0131c\u0131ya g\u00f6nderilen metnin olu\u015fturulmas\u0131na yard\u0131mc\u0131 olacakt\u0131r. Bununla birlikte, GPT'nin sohbet botlar\u0131nda kullan\u0131labilece\u011fi ba\u015fka yollar da vard\u0131r, \u00f6rne\u011fin kullan\u0131c\u0131 taraf\u0131ndan girilecek metni tahmin etmek veya kullan\u0131c\u0131n\u0131n niyetini tan\u0131mak gibi.<\/p>\n<p><span style=\"color: #00ffff;\"><strong>\u235f Yapay zekaya sahip devrim niteli\u011findeki sohbet robotu \u235f<\/strong><\/span><br \/>\n<strong>\u2b50 SEO ara\u00e7lar\u0131<\/strong><br \/>\n<strong>\u2b50 <a href=\"https:\/\/chat.openai.com\/chat\">Chatbot OpenAi web sitesi<\/a><\/strong><br \/>\n<strong>\u2b50 A.I. ara\u015ft\u0131rma g\u00fcncellemeleri<\/strong><\/p>\n<hr \/>\n<p><img decoding=\"async\" loading=\"lazy\" class=\"alignnone wp-image-25428 size-full\" src=\"https:\/\/www.kryptoakademie24.de\/wp-content\/uploads\/2022\/12\/shutterstock_1083161909-e1671089892115.jpg\" alt=\"\" width=\"1000\" height=\"157\" srcset=\"https:\/\/www.kryptoakademie24.de\/wp-content\/uploads\/2022\/12\/shutterstock_1083161909-e1671089892115.jpg 1000w, https:\/\/www.kryptoakademie24.de\/wp-content\/uploads\/2022\/12\/shutterstock_1083161909-e1671089892115-300x47.jpg 300w, https:\/\/www.kryptoakademie24.de\/wp-content\/uploads\/2022\/12\/shutterstock_1083161909-e1671089892115-768x121.jpg 768w\" sizes=\"(max-width: 1000px) 100vw, 1000px\" \/><\/p>\n<div class=\"shariff shariff-align-flex-start shariff-widget-align-flex-start\"><ul class=\"shariff-buttons theme-default orientation-horizontal buttonsize-medium\"><li class=\"shariff-button mastodon shariff-nocustomcolor\" style=\"background-color:#563ACC\"><a href=\"https:\/\/s2f.kytta.dev\/?text= https%3A%2F%2Fwww.kryptoakademie24.de%2Ftr%2Fopenai\" title=\"Mastodon&#039;da Payla\u015f\" aria-label=\"Mastodon&#039;da Payla\u015f\" role=\"button\" rel=\"noopener nofollow\" class=\"shariff-link\" style=\"; background-color:#6364FF; color:#fff\" target=\"_blank\"><span class=\"shariff-icon\" style=\"\"><svg width=\"75\" height=\"79\" viewbox=\"0 0 75 79\" fill=\"none\" xmlns=\"http:\/\/www.w3.org\/2000\/svg\"><path d=\"M37.813-.025C32.462-.058 27.114.13 21.79.598c-8.544.621-17.214 5.58-20.203 13.931C-1.12 23.318.408 32.622.465 41.65c.375 7.316.943 14.78 3.392 21.73 4.365 9.465 14.781 14.537 24.782 15.385 7.64.698 15.761-.213 22.517-4.026a54.1 54.1 0 0 0 .01-6.232c-6.855 1.316-14.101 2.609-21.049 1.074-3.883-.88-6.876-4.237-7.25-8.215-1.53-3.988 3.78-.43 5.584-.883 9.048 1.224 18.282.776 27.303-.462 7.044-.837 14.26-4.788 16.65-11.833 2.263-6.135 1.215-12.79 1.698-19.177.06-3.84.09-7.692-.262-11.52C72.596 7.844 63.223.981 53.834.684a219.453 219.453 0 0 0-16.022-.71zm11.294 12.882c5.5-.067 10.801 4.143 11.67 9.653.338 1.48.471 3 .471 4.515v21.088h-8.357c-.07-7.588.153-15.182-.131-22.765-.587-4.368-7.04-5.747-9.672-2.397-2.422 3.04-1.47 7.155-1.67 10.735v6.392h-8.307c-.146-4.996.359-10.045-.404-15.002-1.108-4.218-7.809-5.565-10.094-1.666-1.685 3.046-.712 6.634-.976 9.936v14.767h-8.354c.109-8.165-.238-16.344.215-24.5.674-5.346 5.095-10.389 10.676-10.627 4.902-.739 10.103 2.038 12.053 6.631.375 1.435 1.76 1.932 1.994.084 1.844-3.704 5.501-6.739 9.785-6.771.367-.044.735-.068 1.101-.073z\"\/><defs><lineargradient id=\"paint0_linear_549_34\" x1=\"37.0692\" y1=\"0\" x2=\"37.0692\" y2=\"79\" gradientunits=\"userSpaceOnUse\"><stop stop-color=\"#6364FF\"\/><stop offset=\"1\" stop-color=\"#563ACC\"\/><\/lineargradient><\/defs><\/svg><\/span><span class=\"shariff-text\">Payla\u015f<\/span>&nbsp;<\/a><\/li><li class=\"shariff-button facebook shariff-nocustomcolor\" style=\"background-color:#4273c8\"><a href=\"https:\/\/www.facebook.com\/sharer\/sharer.php?u=https%3A%2F%2Fwww.kryptoakademie24.de%2Ftr%2Fopenai\" title=\"Facebook&#039;ta Payla\u015f\" aria-label=\"Facebook&#039;ta Payla\u015f\" role=\"button\" rel=\"nofollow\" class=\"shariff-link\" style=\"; background-color:#3b5998; color:#fff\" target=\"_blank\"><span class=\"shariff-icon\" style=\"\"><svg width=\"32px\" height=\"20px\" xmlns=\"http:\/\/www.w3.org\/2000\/svg\" viewbox=\"0 0 18 32\"><path fill=\"#3b5998\" d=\"M17.1 0.2v4.7h-2.8q-1.5 0-2.1 0.6t-0.5 1.9v3.4h5.2l-0.7 5.3h-4.5v13.6h-5.5v-13.6h-4.5v-5.3h4.5v-3.9q0-3.3 1.9-5.2t5-1.8q2.6 0 4.1 0.2z\"\/><\/svg><\/span><span class=\"shariff-text\">Payla\u015f<\/span>&nbsp;<\/a><\/li><li class=\"shariff-button linkedin shariff-nocustomcolor\" style=\"background-color:#1488bf\"><a href=\"https:\/\/www.linkedin.com\/sharing\/share-offsite\/?url=https%3A%2F%2Fwww.kryptoakademie24.de%2Ftr%2Fopenai\" title=\"LinkedIn&#039;de Payla\u015f\" aria-label=\"LinkedIn&#039;de Payla\u015f\" role=\"button\" rel=\"noopener nofollow\" class=\"shariff-link\" style=\"; background-color:#0077b5; color:#fff\" target=\"_blank\"><span class=\"shariff-icon\" style=\"\"><svg width=\"32px\" height=\"20px\" xmlns=\"http:\/\/www.w3.org\/2000\/svg\" viewbox=\"0 0 27 32\"><path fill=\"#0077b5\" d=\"M6.2 11.2v17.7h-5.9v-17.7h5.9zM6.6 5.7q0 1.3-0.9 2.2t-2.4 0.9h0q-1.5 0-2.4-0.9t-0.9-2.2 0.9-2.2 2.4-0.9 2.4 0.9 0.9 2.2zM27.4 18.7v10.1h-5.9v-9.5q0-1.9-0.7-2.9t-2.3-1.1q-1.1 0-1.9 0.6t-1.2 1.5q-0.2 0.5-0.2 1.4v9.9h-5.9q0-7.1 0-11.6t0-5.3l0-0.9h5.9v2.6h0q0.4-0.6 0.7-1t1-0.9 1.6-0.8 2-0.3q3 0 4.9 2t1.9 6z\"\/><\/svg><\/span><span class=\"shariff-text\">Payla\u015f<\/span>&nbsp;<\/a><\/li><li class=\"shariff-button info shariff-nocustomcolor\" style=\"background-color:#eee\"><a href=\"https:\/\/www.kryptoakademie24.de\/tr\/whitepaper\/\" title=\"Whitepaper\" aria-label=\"Whitepaper\" role=\"button\" rel=\"noopener \" class=\"shariff-link\" style=\"; background-color:#fff; color:#fff\" target=\"_blank\"><span class=\"shariff-icon\" style=\"\"><svg width=\"32px\" height=\"20px\" xmlns=\"http:\/\/www.w3.org\/2000\/svg\" viewbox=\"0 0 11 32\"><path fill=\"#999\" d=\"M11.4 24v2.3q0 0.5-0.3 0.8t-0.8 0.4h-9.1q-0.5 0-0.8-0.4t-0.4-0.8v-2.3q0-0.5 0.4-0.8t0.8-0.4h1.1v-6.8h-1.1q-0.5 0-0.8-0.4t-0.4-0.8v-2.3q0-0.5 0.4-0.8t0.8-0.4h6.8q0.5 0 0.8 0.4t0.4 0.8v10.3h1.1q0.5 0 0.8 0.4t0.3 0.8zM9.2 3.4v3.4q0 0.5-0.4 0.8t-0.8 0.4h-4.6q-0.4 0-0.8-0.4t-0.4-0.8v-3.4q0-0.4 0.4-0.8t0.8-0.4h4.6q0.5 0 0.8 0.4t0.4 0.8z\"\/><\/svg><\/span><\/a><\/li><\/ul><\/div>","protected":false},"excerpt":{"rendered":"<p>Chatbot GPT OpenAi Arac\u0131 Yapay zekan\u0131n toplum i\u00e7in katma de\u011fer sa\u011flayan olanaklar\u0131ndan b\u00fcy\u00fcleniyoruz. Dil kavramlar\u0131<\/p>","protected":false},"author":1,"featured_media":25528,"parent":0,"menu_order":0,"comment_status":"closed","ping_status":"closed","template":"","meta":{"om_disable_all_campaigns":false,"_mi_skip_tracking":false,"footnotes":""},"aioseo_notices":[],"_links":{"self":[{"href":"https:\/\/www.kryptoakademie24.de\/tr\/wp-json\/wp\/v2\/pages\/25527"}],"collection":[{"href":"https:\/\/www.kryptoakademie24.de\/tr\/wp-json\/wp\/v2\/pages"}],"about":[{"href":"https:\/\/www.kryptoakademie24.de\/tr\/wp-json\/wp\/v2\/types\/page"}],"author":[{"embeddable":true,"href":"https:\/\/www.kryptoakademie24.de\/tr\/wp-json\/wp\/v2\/users\/1"}],"replies":[{"embeddable":true,"href":"https:\/\/www.kryptoakademie24.de\/tr\/wp-json\/wp\/v2\/comments?post=25527"}],"version-history":[{"count":6,"href":"https:\/\/www.kryptoakademie24.de\/tr\/wp-json\/wp\/v2\/pages\/25527\/revisions"}],"predecessor-version":[{"id":25549,"href":"https:\/\/www.kryptoakademie24.de\/tr\/wp-json\/wp\/v2\/pages\/25527\/revisions\/25549"}],"wp:featuredmedia":[{"embeddable":true,"href":"https:\/\/www.kryptoakademie24.de\/tr\/wp-json\/wp\/v2\/media\/25528"}],"wp:attachment":[{"href":"https:\/\/www.kryptoakademie24.de\/tr\/wp-json\/wp\/v2\/media?parent=25527"}],"curies":[{"name":"wp","href":"https:\/\/api.w.org\/{rel}","templated":true}]}}