{"id":26046,"date":"2023-07-19T09:48:39","date_gmt":"2023-07-19T07:48:39","guid":{"rendered":"https:\/\/www.kryptoakademie24.de\/?page_id=26046"},"modified":"2023-09-21T11:35:44","modified_gmt":"2023-09-21T09:35:44","slug":"wiesbaden-blockchain","status":"publish","type":"page","link":"https:\/\/www.kryptoakademie24.de\/tr\/wiesbaden-blockchain","title":{"rendered":"Wiesbaden'de kripto ve blok zinciri i\u00e7in ajans"},"content":{"rendered":"<div class=\"shariff shariff-align-flex-start shariff-widget-align-flex-start\"><ul class=\"shariff-buttons theme-default orientation-horizontal buttonsize-medium\"><li class=\"shariff-button mastodon shariff-nocustomcolor\" style=\"background-color:#563ACC\"><a href=\"https:\/\/s2f.kytta.dev\/?text=Agentur%20in%20Wiesbaden%20f%C3%BCr%20Krypto%20und%20Blockchain https%3A%2F%2Fwww.kryptoakademie24.de%2Ftr%2Fwiesbaden-blockchain\" title=\"Mastodon&#039;da Payla\u015f\" aria-label=\"Mastodon&#039;da Payla\u015f\" role=\"button\" rel=\"noopener nofollow\" class=\"shariff-link\" style=\"; background-color:#6364FF; color:#fff\" target=\"_blank\"><span class=\"shariff-icon\" style=\"\"><svg width=\"75\" height=\"79\" viewbox=\"0 0 75 79\" fill=\"none\" xmlns=\"http:\/\/www.w3.org\/2000\/svg\"><path d=\"M37.813-.025C32.462-.058 27.114.13 21.79.598c-8.544.621-17.214 5.58-20.203 13.931C-1.12 23.318.408 32.622.465 41.65c.375 7.316.943 14.78 3.392 21.73 4.365 9.465 14.781 14.537 24.782 15.385 7.64.698 15.761-.213 22.517-4.026a54.1 54.1 0 0 0 .01-6.232c-6.855 1.316-14.101 2.609-21.049 1.074-3.883-.88-6.876-4.237-7.25-8.215-1.53-3.988 3.78-.43 5.584-.883 9.048 1.224 18.282.776 27.303-.462 7.044-.837 14.26-4.788 16.65-11.833 2.263-6.135 1.215-12.79 1.698-19.177.06-3.84.09-7.692-.262-11.52C72.596 7.844 63.223.981 53.834.684a219.453 219.453 0 0 0-16.022-.71zm11.294 12.882c5.5-.067 10.801 4.143 11.67 9.653.338 1.48.471 3 .471 4.515v21.088h-8.357c-.07-7.588.153-15.182-.131-22.765-.587-4.368-7.04-5.747-9.672-2.397-2.422 3.04-1.47 7.155-1.67 10.735v6.392h-8.307c-.146-4.996.359-10.045-.404-15.002-1.108-4.218-7.809-5.565-10.094-1.666-1.685 3.046-.712 6.634-.976 9.936v14.767h-8.354c.109-8.165-.238-16.344.215-24.5.674-5.346 5.095-10.389 10.676-10.627 4.902-.739 10.103 2.038 12.053 6.631.375 1.435 1.76 1.932 1.994.084 1.844-3.704 5.501-6.739 9.785-6.771.367-.044.735-.068 1.101-.073z\"\/><defs><lineargradient id=\"paint0_linear_549_34\" x1=\"37.0692\" y1=\"0\" x2=\"37.0692\" y2=\"79\" gradientunits=\"userSpaceOnUse\"><stop stop-color=\"#6364FF\"\/><stop offset=\"1\" stop-color=\"#563ACC\"\/><\/lineargradient><\/defs><\/svg><\/span><span class=\"shariff-text\">Payla\u015f<\/span>&nbsp;<\/a><\/li><li class=\"shariff-button facebook shariff-nocustomcolor\" style=\"background-color:#4273c8\"><a href=\"https:\/\/www.facebook.com\/sharer\/sharer.php?u=https%3A%2F%2Fwww.kryptoakademie24.de%2Ftr%2Fwiesbaden-blockchain\" title=\"Facebook&#039;ta Payla\u015f\" aria-label=\"Facebook&#039;ta Payla\u015f\" role=\"button\" rel=\"nofollow\" class=\"shariff-link\" style=\"; background-color:#3b5998; color:#fff\" target=\"_blank\"><span class=\"shariff-icon\" style=\"\"><svg width=\"32px\" height=\"20px\" xmlns=\"http:\/\/www.w3.org\/2000\/svg\" viewbox=\"0 0 18 32\"><path fill=\"#3b5998\" d=\"M17.1 0.2v4.7h-2.8q-1.5 0-2.1 0.6t-0.5 1.9v3.4h5.2l-0.7 5.3h-4.5v13.6h-5.5v-13.6h-4.5v-5.3h4.5v-3.9q0-3.3 1.9-5.2t5-1.8q2.6 0 4.1 0.2z\"\/><\/svg><\/span><span class=\"shariff-text\">Payla\u015f<\/span>&nbsp;<\/a><\/li><li class=\"shariff-button linkedin shariff-nocustomcolor\" style=\"background-color:#1488bf\"><a href=\"https:\/\/www.linkedin.com\/sharing\/share-offsite\/?url=https%3A%2F%2Fwww.kryptoakademie24.de%2Ftr%2Fwiesbaden-blockchain\" title=\"LinkedIn&#039;de Payla\u015f\" aria-label=\"LinkedIn&#039;de Payla\u015f\" role=\"button\" rel=\"noopener nofollow\" class=\"shariff-link\" style=\"; background-color:#0077b5; color:#fff\" target=\"_blank\"><span class=\"shariff-icon\" style=\"\"><svg width=\"32px\" height=\"20px\" xmlns=\"http:\/\/www.w3.org\/2000\/svg\" viewbox=\"0 0 27 32\"><path fill=\"#0077b5\" d=\"M6.2 11.2v17.7h-5.9v-17.7h5.9zM6.6 5.7q0 1.3-0.9 2.2t-2.4 0.9h0q-1.5 0-2.4-0.9t-0.9-2.2 0.9-2.2 2.4-0.9 2.4 0.9 0.9 2.2zM27.4 18.7v10.1h-5.9v-9.5q0-1.9-0.7-2.9t-2.3-1.1q-1.1 0-1.9 0.6t-1.2 1.5q-0.2 0.5-0.2 1.4v9.9h-5.9q0-7.1 0-11.6t0-5.3l0-0.9h5.9v2.6h0q0.4-0.6 0.7-1t1-0.9 1.6-0.8 2-0.3q3 0 4.9 2t1.9 6z\"\/><\/svg><\/span><span class=\"shariff-text\">Payla\u015f<\/span>&nbsp;<\/a><\/li><li class=\"shariff-button info shariff-nocustomcolor\" style=\"background-color:#eee\"><a href=\"https:\/\/www.kryptoakademie24.de\/tr\/whitepaper\/\" title=\"Whitepaper\" aria-label=\"Whitepaper\" role=\"button\" rel=\"noopener \" class=\"shariff-link\" style=\"; background-color:#fff; color:#fff\" target=\"_blank\"><span class=\"shariff-icon\" style=\"\"><svg width=\"32px\" height=\"20px\" xmlns=\"http:\/\/www.w3.org\/2000\/svg\" viewbox=\"0 0 11 32\"><path fill=\"#999\" d=\"M11.4 24v2.3q0 0.5-0.3 0.8t-0.8 0.4h-9.1q-0.5 0-0.8-0.4t-0.4-0.8v-2.3q0-0.5 0.4-0.8t0.8-0.4h1.1v-6.8h-1.1q-0.5 0-0.8-0.4t-0.4-0.8v-2.3q0-0.5 0.4-0.8t0.8-0.4h6.8q0.5 0 0.8 0.4t0.4 0.8v10.3h1.1q0.5 0 0.8 0.4t0.3 0.8zM9.2 3.4v3.4q0 0.5-0.4 0.8t-0.8 0.4h-4.6q-0.4 0-0.8-0.4t-0.4-0.8v-3.4q0-0.4 0.4-0.8t0.8-0.4h4.6q0.5 0 0.8 0.4t0.4 0.8z\"\/><\/svg><\/span><\/a><\/li><\/ul><\/div><p>Kripto ve blok zinciri \u00e7\u00f6z\u00fcmleri i\u00e7in profesyonel ve uzun s\u00fcredir deneyimli bir ajans\u0131z. Uzmanlardan olu\u015fan g\u00fc\u00e7l\u00fc bir ekip ve geni\u015f uzmanl\u0131\u011f\u0131m\u0131zla, kripto para birimleri ve blok zinciri teknolojilerinin uygulanmas\u0131 ve kullan\u0131m\u0131 konusunda \u015firketleri destekleme konusunda uzman\u0131z. Amac\u0131m\u0131z, m\u00fc\u015fterilerimizin bu yenilik\u00e7i teknolojilerin faydalar\u0131n\u0131 fark etmelerine ve i\u015flerini dijital d\u00fcnyada ba\u015far\u0131l\u0131 bir \u015fekilde konumland\u0131rmalar\u0131na yard\u0131mc\u0131 olmakt\u0131r.<\/p>\n<p>Ajans\u0131m\u0131z, m\u00fc\u015fterilerimizin \u00f6zel gereksinimlerine g\u00f6re uyarlanm\u0131\u015f \u00e7e\u015fitli hizmetler sunmaktad\u0131r. Bunlar \u015funlar\u0131 i\u00e7erir:<\/p>\n<ol>\n<li><span style=\"color: #00ccff;\"><strong>Dan\u0131\u015fmanl\u0131k ve strateji geli\u015ftirme<\/strong><\/span>M\u00fc\u015fterilerimizin bireysel ihtiya\u00e7lar\u0131n\u0131 analiz ediyor ve kripto para birimlerinin ve blok zinciri \u00e7\u00f6z\u00fcmlerinin i\u015f modellerine entegrasyonunu kolayla\u015ft\u0131rmak i\u00e7in \u00f6zel stratejiler geli\u015ftiriyoruz. Uzman ekibimiz, bilin\u00e7li kararlar alman\u0131za ve en uygun \u00e7\u00f6z\u00fcmleri bulman\u0131za yard\u0131mc\u0131 olmak i\u00e7in haz\u0131rd\u0131r.<\/li>\n<li><span style=\"color: #00ccff;\"><strong>Geli\u015ftirme ve uygulama<\/strong><\/span>Ak\u0131ll\u0131 s\u00f6zle\u015fmelerin olu\u015fturulmas\u0131 ve y\u00f6netimi, merkezi olmayan uygulamalar\u0131n (DApps) uygulanmas\u0131 ve kripto para birimleri i\u00e7in \u00f6deme sistemlerinin entegrasyonu dahil olmak \u00fczere blok zinciri teknolojilerinin geli\u015ftirilmesi ve uygulanmas\u0131nda m\u00fc\u015fterilerimizi destekliyoruz.<\/li>\n<li><strong><span style=\"color: #00ccff;\">G\u00fcvenlik \u00e7\u00f6z\u00fcmleri<\/span>:<\/strong> M\u00fc\u015fterilerimizin g\u00fcvenli\u011fine b\u00fcy\u00fck \u00f6nem veriyoruz. Bu nedenle kripto para birimleri ve blok zinciri sistemleri i\u00e7in denetimler, s\u0131zma testleri ve olas\u0131 g\u00fcvenlik a\u00e7\u0131klar\u0131n\u0131 belirleyip ortadan kald\u0131rmaya y\u00f6nelik g\u00fcvenlik incelemeleri de dahil olmak \u00fczere kapsaml\u0131 g\u00fcvenlik \u00e7\u00f6z\u00fcmleri sunuyoruz.<\/li>\n<li><strong><span style=\"color: #00ccff;\">E\u011fitim kurslar\u0131 ve at\u00f6lye \u00e7al\u0131\u015fmalar\u0131<\/span>:<\/strong> M\u00fc\u015fterilerimizin kripto ve blok zinciri alan\u0131ndaki bilgi ve becerilerini art\u0131rmak i\u00e7in e\u011fitim kurslar\u0131 ve at\u00f6lye \u00e7al\u0131\u015fmalar\u0131 sunuyoruz. Uzmanlar\u0131m\u0131z, teknolojinin daha iyi anla\u015f\u0131lmas\u0131n\u0131 sa\u011flamak ve farkl\u0131 i\u015f alanlar\u0131ndaki uygulamalar\u0131n\u0131 ke\u015ffetmek i\u00e7in uzmanl\u0131klar\u0131n\u0131 ve deneyimlerini payla\u015f\u0131yor.<\/li>\n<\/ol>\n<p>Ajans\u0131m\u0131z, uzun y\u0131llara dayanan deneyimi, kripto para birimleri ve blok zinciri teknolojilerindeki uzmanl\u0131\u011f\u0131 ve m\u00fc\u015fteri odakl\u0131l\u0131\u011f\u0131 ile \u00f6ne \u00e7\u0131kmaktad\u0131r. Farkl\u0131 sekt\u00f6rlerden \u00e7ok \u00e7e\u015fitli \u015firketlerle ba\u015far\u0131l\u0131 bir \u015fekilde \u00e7al\u0131\u015farak blok zincirinin faydalar\u0131n\u0131 fark etmelerine ve i\u015f zorluklar\u0131na yenilik\u00e7i \u00e7\u00f6z\u00fcmler geli\u015ftirmelerine yard\u0131mc\u0131 olduk.<\/p>\n<p>Kripto ve blok zinciri alan\u0131nda g\u00fcvenilir ve yetkin bir ortak ar\u0131yorsan\u0131z, do\u011fru se\u00e7im biziz. Daha fazla bilgi almak veya ki\u015fisel bir dan\u0131\u015fmanl\u0131k ayarlamak i\u00e7in bizimle ileti\u015fime ge\u00e7mekten \u00e7ekinmeyin. Blockchain projelerinizi ger\u00e7ekle\u015ftirmenize yard\u0131mc\u0131 olmak i\u00e7in sab\u0131rs\u0131zlan\u0131yoruz.<\/p>\n<ul>\n<li><strong>\ud83d\udc8e Dan\u0131\u015fmanl\u0131k ve konseptler<\/strong><\/li>\n<li>\ud83d\udc8eKendi ICO'nuzu ve madeni paran\u0131z\u0131 olu\u015fturun<\/li>\n<li>\ud83d\udc8e Ak\u0131ll\u0131 s\u00f6zle\u015fme \u00e7\u00f6z\u00fcmleri<\/li>\n<li>\ud83d\udc8e Ko\u00e7luk ve seminerler<\/li>\n<\/ul>\n<p><iframe loading=\"lazy\" title=\"JavaScript ile Blockchain, Solidity ve Full Stack Web3 Geli\u015ftirmeyi \u00d6\u011frenin - 32 Saatlik Kurs\" src=\"https:\/\/www.youtube.com\/embed\/gyMwXuJrbJQ\" width=\"853\" height=\"480\" frameborder=\"0\" allowfullscreen=\"allowfullscreen\"><\/iframe><\/p>\n<div class=\"shariff shariff-align-flex-start shariff-widget-align-flex-start\"><ul class=\"shariff-buttons theme-default orientation-horizontal buttonsize-medium\"><li class=\"shariff-button mastodon shariff-nocustomcolor\" style=\"background-color:#563ACC\"><a href=\"https:\/\/s2f.kytta.dev\/?text=Agentur%20in%20Wiesbaden%20f%C3%BCr%20Krypto%20und%20Blockchain https%3A%2F%2Fwww.kryptoakademie24.de%2Ftr%2Fwiesbaden-blockchain\" title=\"Mastodon&#039;da Payla\u015f\" aria-label=\"Mastodon&#039;da Payla\u015f\" role=\"button\" rel=\"noopener nofollow\" class=\"shariff-link\" style=\"; background-color:#6364FF; color:#fff\" target=\"_blank\"><span class=\"shariff-icon\" style=\"\"><svg width=\"75\" height=\"79\" viewbox=\"0 0 75 79\" fill=\"none\" xmlns=\"http:\/\/www.w3.org\/2000\/svg\"><path d=\"M37.813-.025C32.462-.058 27.114.13 21.79.598c-8.544.621-17.214 5.58-20.203 13.931C-1.12 23.318.408 32.622.465 41.65c.375 7.316.943 14.78 3.392 21.73 4.365 9.465 14.781 14.537 24.782 15.385 7.64.698 15.761-.213 22.517-4.026a54.1 54.1 0 0 0 .01-6.232c-6.855 1.316-14.101 2.609-21.049 1.074-3.883-.88-6.876-4.237-7.25-8.215-1.53-3.988 3.78-.43 5.584-.883 9.048 1.224 18.282.776 27.303-.462 7.044-.837 14.26-4.788 16.65-11.833 2.263-6.135 1.215-12.79 1.698-19.177.06-3.84.09-7.692-.262-11.52C72.596 7.844 63.223.981 53.834.684a219.453 219.453 0 0 0-16.022-.71zm11.294 12.882c5.5-.067 10.801 4.143 11.67 9.653.338 1.48.471 3 .471 4.515v21.088h-8.357c-.07-7.588.153-15.182-.131-22.765-.587-4.368-7.04-5.747-9.672-2.397-2.422 3.04-1.47 7.155-1.67 10.735v6.392h-8.307c-.146-4.996.359-10.045-.404-15.002-1.108-4.218-7.809-5.565-10.094-1.666-1.685 3.046-.712 6.634-.976 9.936v14.767h-8.354c.109-8.165-.238-16.344.215-24.5.674-5.346 5.095-10.389 10.676-10.627 4.902-.739 10.103 2.038 12.053 6.631.375 1.435 1.76 1.932 1.994.084 1.844-3.704 5.501-6.739 9.785-6.771.367-.044.735-.068 1.101-.073z\"\/><defs><lineargradient id=\"paint0_linear_549_34\" x1=\"37.0692\" y1=\"0\" x2=\"37.0692\" y2=\"79\" gradientunits=\"userSpaceOnUse\"><stop stop-color=\"#6364FF\"\/><stop offset=\"1\" stop-color=\"#563ACC\"\/><\/lineargradient><\/defs><\/svg><\/span><span class=\"shariff-text\">Payla\u015f<\/span>&nbsp;<\/a><\/li><li class=\"shariff-button facebook shariff-nocustomcolor\" style=\"background-color:#4273c8\"><a href=\"https:\/\/www.facebook.com\/sharer\/sharer.php?u=https%3A%2F%2Fwww.kryptoakademie24.de%2Ftr%2Fwiesbaden-blockchain\" title=\"Facebook&#039;ta Payla\u015f\" aria-label=\"Facebook&#039;ta Payla\u015f\" role=\"button\" rel=\"nofollow\" class=\"shariff-link\" style=\"; background-color:#3b5998; color:#fff\" target=\"_blank\"><span class=\"shariff-icon\" style=\"\"><svg width=\"32px\" height=\"20px\" xmlns=\"http:\/\/www.w3.org\/2000\/svg\" viewbox=\"0 0 18 32\"><path fill=\"#3b5998\" d=\"M17.1 0.2v4.7h-2.8q-1.5 0-2.1 0.6t-0.5 1.9v3.4h5.2l-0.7 5.3h-4.5v13.6h-5.5v-13.6h-4.5v-5.3h4.5v-3.9q0-3.3 1.9-5.2t5-1.8q2.6 0 4.1 0.2z\"\/><\/svg><\/span><span class=\"shariff-text\">Payla\u015f<\/span>&nbsp;<\/a><\/li><li class=\"shariff-button linkedin shariff-nocustomcolor\" style=\"background-color:#1488bf\"><a href=\"https:\/\/www.linkedin.com\/sharing\/share-offsite\/?url=https%3A%2F%2Fwww.kryptoakademie24.de%2Ftr%2Fwiesbaden-blockchain\" title=\"LinkedIn&#039;de Payla\u015f\" aria-label=\"LinkedIn&#039;de Payla\u015f\" role=\"button\" rel=\"noopener nofollow\" class=\"shariff-link\" style=\"; background-color:#0077b5; color:#fff\" target=\"_blank\"><span class=\"shariff-icon\" style=\"\"><svg width=\"32px\" height=\"20px\" xmlns=\"http:\/\/www.w3.org\/2000\/svg\" viewbox=\"0 0 27 32\"><path fill=\"#0077b5\" d=\"M6.2 11.2v17.7h-5.9v-17.7h5.9zM6.6 5.7q0 1.3-0.9 2.2t-2.4 0.9h0q-1.5 0-2.4-0.9t-0.9-2.2 0.9-2.2 2.4-0.9 2.4 0.9 0.9 2.2zM27.4 18.7v10.1h-5.9v-9.5q0-1.9-0.7-2.9t-2.3-1.1q-1.1 0-1.9 0.6t-1.2 1.5q-0.2 0.5-0.2 1.4v9.9h-5.9q0-7.1 0-11.6t0-5.3l0-0.9h5.9v2.6h0q0.4-0.6 0.7-1t1-0.9 1.6-0.8 2-0.3q3 0 4.9 2t1.9 6z\"\/><\/svg><\/span><span class=\"shariff-text\">Payla\u015f<\/span>&nbsp;<\/a><\/li><li class=\"shariff-button info shariff-nocustomcolor\" style=\"background-color:#eee\"><a href=\"https:\/\/www.kryptoakademie24.de\/tr\/whitepaper\/\" title=\"Whitepaper\" aria-label=\"Whitepaper\" role=\"button\" rel=\"noopener \" class=\"shariff-link\" style=\"; background-color:#fff; color:#fff\" target=\"_blank\"><span class=\"shariff-icon\" style=\"\"><svg width=\"32px\" height=\"20px\" xmlns=\"http:\/\/www.w3.org\/2000\/svg\" viewbox=\"0 0 11 32\"><path fill=\"#999\" d=\"M11.4 24v2.3q0 0.5-0.3 0.8t-0.8 0.4h-9.1q-0.5 0-0.8-0.4t-0.4-0.8v-2.3q0-0.5 0.4-0.8t0.8-0.4h1.1v-6.8h-1.1q-0.5 0-0.8-0.4t-0.4-0.8v-2.3q0-0.5 0.4-0.8t0.8-0.4h6.8q0.5 0 0.8 0.4t0.4 0.8v10.3h1.1q0.5 0 0.8 0.4t0.3 0.8zM9.2 3.4v3.4q0 0.5-0.4 0.8t-0.8 0.4h-4.6q-0.4 0-0.8-0.4t-0.4-0.8v-3.4q0-0.4 0.4-0.8t0.8-0.4h4.6q0.5 0 0.8 0.4t0.4 0.8z\"\/><\/svg><\/span><\/a><\/li><\/ul><\/div>","protected":false},"excerpt":{"rendered":"<p>Kripto ve blok zinciri \u00e7\u00f6z\u00fcmleri i\u00e7in profesyonel ve uzun s\u00fcredir deneyimli bir ajans\u0131z. Uzmanlardan olu\u015fan g\u00fc\u00e7l\u00fc bir ekiple ve<\/p>","protected":false},"author":1,"featured_media":25750,"parent":0,"menu_order":0,"comment_status":"closed","ping_status":"closed","template":"","meta":{"om_disable_all_campaigns":false,"_mi_skip_tracking":false,"footnotes":""},"aioseo_notices":[],"_links":{"self":[{"href":"https:\/\/www.kryptoakademie24.de\/tr\/wp-json\/wp\/v2\/pages\/26046"}],"collection":[{"href":"https:\/\/www.kryptoakademie24.de\/tr\/wp-json\/wp\/v2\/pages"}],"about":[{"href":"https:\/\/www.kryptoakademie24.de\/tr\/wp-json\/wp\/v2\/types\/page"}],"author":[{"embeddable":true,"href":"https:\/\/www.kryptoakademie24.de\/tr\/wp-json\/wp\/v2\/users\/1"}],"replies":[{"embeddable":true,"href":"https:\/\/www.kryptoakademie24.de\/tr\/wp-json\/wp\/v2\/comments?post=26046"}],"version-history":[{"count":3,"href":"https:\/\/www.kryptoakademie24.de\/tr\/wp-json\/wp\/v2\/pages\/26046\/revisions"}],"predecessor-version":[{"id":26163,"href":"https:\/\/www.kryptoakademie24.de\/tr\/wp-json\/wp\/v2\/pages\/26046\/revisions\/26163"}],"wp:featuredmedia":[{"embeddable":true,"href":"https:\/\/www.kryptoakademie24.de\/tr\/wp-json\/wp\/v2\/media\/25750"}],"wp:attachment":[{"href":"https:\/\/www.kryptoakademie24.de\/tr\/wp-json\/wp\/v2\/media?parent=26046"}],"curies":[{"name":"wp","href":"https:\/\/api.w.org\/{rel}","templated":true}]}}