{"id":26073,"date":"2023-07-28T09:57:37","date_gmt":"2023-07-28T07:57:37","guid":{"rendered":"https:\/\/www.kryptoakademie24.de\/?page_id=26073"},"modified":"2023-07-28T09:57:37","modified_gmt":"2023-07-28T07:57:37","slug":"blockchain-mannheim","status":"publish","type":"page","link":"https:\/\/www.kryptoakademie24.de\/tr\/blockchain-mannheim","title":{"rendered":"Mannheim'da bir blockchain ajans\u0131 m\u0131 ar\u0131yorsunuz?"},"content":{"rendered":"<div class=\"shariff shariff-align-flex-start shariff-widget-align-flex-start\"><ul class=\"shariff-buttons theme-default orientation-horizontal buttonsize-medium\"><li class=\"shariff-button mastodon shariff-nocustomcolor\" style=\"background-color:#563ACC\"><a href=\"https:\/\/s2f.kytta.dev\/?text=Blockchain%20Agentur%20in%20Mannheim%20gesucht%3F https%3A%2F%2Fwww.kryptoakademie24.de%2Ftr%2Fblockchain-mannheim\" title=\"Mastodon&#039;da Payla\u015f\" aria-label=\"Mastodon&#039;da Payla\u015f\" role=\"button\" rel=\"noopener nofollow\" class=\"shariff-link\" style=\"; background-color:#6364FF; color:#fff\" target=\"_blank\"><span class=\"shariff-icon\" style=\"\"><svg width=\"75\" height=\"79\" viewbox=\"0 0 75 79\" fill=\"none\" xmlns=\"http:\/\/www.w3.org\/2000\/svg\"><path d=\"M37.813-.025C32.462-.058 27.114.13 21.79.598c-8.544.621-17.214 5.58-20.203 13.931C-1.12 23.318.408 32.622.465 41.65c.375 7.316.943 14.78 3.392 21.73 4.365 9.465 14.781 14.537 24.782 15.385 7.64.698 15.761-.213 22.517-4.026a54.1 54.1 0 0 0 .01-6.232c-6.855 1.316-14.101 2.609-21.049 1.074-3.883-.88-6.876-4.237-7.25-8.215-1.53-3.988 3.78-.43 5.584-.883 9.048 1.224 18.282.776 27.303-.462 7.044-.837 14.26-4.788 16.65-11.833 2.263-6.135 1.215-12.79 1.698-19.177.06-3.84.09-7.692-.262-11.52C72.596 7.844 63.223.981 53.834.684a219.453 219.453 0 0 0-16.022-.71zm11.294 12.882c5.5-.067 10.801 4.143 11.67 9.653.338 1.48.471 3 .471 4.515v21.088h-8.357c-.07-7.588.153-15.182-.131-22.765-.587-4.368-7.04-5.747-9.672-2.397-2.422 3.04-1.47 7.155-1.67 10.735v6.392h-8.307c-.146-4.996.359-10.045-.404-15.002-1.108-4.218-7.809-5.565-10.094-1.666-1.685 3.046-.712 6.634-.976 9.936v14.767h-8.354c.109-8.165-.238-16.344.215-24.5.674-5.346 5.095-10.389 10.676-10.627 4.902-.739 10.103 2.038 12.053 6.631.375 1.435 1.76 1.932 1.994.084 1.844-3.704 5.501-6.739 9.785-6.771.367-.044.735-.068 1.101-.073z\"\/><defs><lineargradient id=\"paint0_linear_549_34\" x1=\"37.0692\" y1=\"0\" x2=\"37.0692\" y2=\"79\" gradientunits=\"userSpaceOnUse\"><stop stop-color=\"#6364FF\"\/><stop offset=\"1\" stop-color=\"#563ACC\"\/><\/lineargradient><\/defs><\/svg><\/span><span class=\"shariff-text\">Payla\u015f<\/span>&nbsp;<\/a><\/li><li class=\"shariff-button facebook shariff-nocustomcolor\" style=\"background-color:#4273c8\"><a href=\"https:\/\/www.facebook.com\/sharer\/sharer.php?u=https%3A%2F%2Fwww.kryptoakademie24.de%2Ftr%2Fblockchain-mannheim\" title=\"Facebook&#039;ta Payla\u015f\" aria-label=\"Facebook&#039;ta Payla\u015f\" role=\"button\" rel=\"nofollow\" class=\"shariff-link\" style=\"; background-color:#3b5998; color:#fff\" target=\"_blank\"><span class=\"shariff-icon\" style=\"\"><svg width=\"32px\" height=\"20px\" xmlns=\"http:\/\/www.w3.org\/2000\/svg\" viewbox=\"0 0 18 32\"><path fill=\"#3b5998\" d=\"M17.1 0.2v4.7h-2.8q-1.5 0-2.1 0.6t-0.5 1.9v3.4h5.2l-0.7 5.3h-4.5v13.6h-5.5v-13.6h-4.5v-5.3h4.5v-3.9q0-3.3 1.9-5.2t5-1.8q2.6 0 4.1 0.2z\"\/><\/svg><\/span><span class=\"shariff-text\">Payla\u015f<\/span>&nbsp;<\/a><\/li><li class=\"shariff-button linkedin shariff-nocustomcolor\" style=\"background-color:#1488bf\"><a href=\"https:\/\/www.linkedin.com\/sharing\/share-offsite\/?url=https%3A%2F%2Fwww.kryptoakademie24.de%2Ftr%2Fblockchain-mannheim\" title=\"LinkedIn&#039;de Payla\u015f\" aria-label=\"LinkedIn&#039;de Payla\u015f\" role=\"button\" rel=\"noopener nofollow\" class=\"shariff-link\" style=\"; background-color:#0077b5; color:#fff\" target=\"_blank\"><span class=\"shariff-icon\" style=\"\"><svg width=\"32px\" height=\"20px\" xmlns=\"http:\/\/www.w3.org\/2000\/svg\" viewbox=\"0 0 27 32\"><path fill=\"#0077b5\" d=\"M6.2 11.2v17.7h-5.9v-17.7h5.9zM6.6 5.7q0 1.3-0.9 2.2t-2.4 0.9h0q-1.5 0-2.4-0.9t-0.9-2.2 0.9-2.2 2.4-0.9 2.4 0.9 0.9 2.2zM27.4 18.7v10.1h-5.9v-9.5q0-1.9-0.7-2.9t-2.3-1.1q-1.1 0-1.9 0.6t-1.2 1.5q-0.2 0.5-0.2 1.4v9.9h-5.9q0-7.1 0-11.6t0-5.3l0-0.9h5.9v2.6h0q0.4-0.6 0.7-1t1-0.9 1.6-0.8 2-0.3q3 0 4.9 2t1.9 6z\"\/><\/svg><\/span><span class=\"shariff-text\">Payla\u015f<\/span>&nbsp;<\/a><\/li><li class=\"shariff-button info shariff-nocustomcolor\" style=\"background-color:#eee\"><a href=\"https:\/\/www.kryptoakademie24.de\/tr\/whitepaper\/\" title=\"Whitepaper\" aria-label=\"Whitepaper\" role=\"button\" rel=\"noopener \" class=\"shariff-link\" style=\"; background-color:#fff; color:#fff\" target=\"_blank\"><span class=\"shariff-icon\" style=\"\"><svg width=\"32px\" height=\"20px\" xmlns=\"http:\/\/www.w3.org\/2000\/svg\" viewbox=\"0 0 11 32\"><path fill=\"#999\" d=\"M11.4 24v2.3q0 0.5-0.3 0.8t-0.8 0.4h-9.1q-0.5 0-0.8-0.4t-0.4-0.8v-2.3q0-0.5 0.4-0.8t0.8-0.4h1.1v-6.8h-1.1q-0.5 0-0.8-0.4t-0.4-0.8v-2.3q0-0.5 0.4-0.8t0.8-0.4h6.8q0.5 0 0.8 0.4t0.4 0.8v10.3h1.1q0.5 0 0.8 0.4t0.3 0.8zM9.2 3.4v3.4q0 0.5-0.4 0.8t-0.8 0.4h-4.6q-0.4 0-0.8-0.4t-0.4-0.8v-3.4q0-0.4 0.4-0.8t0.8-0.4h4.6q0.5 0 0.8 0.4t0.4 0.8z\"\/><\/svg><\/span><\/a><\/li><\/ul><\/div><p><strong>Mannheim'da Blockchain: Mannheim Blockchain Ajans\u0131 ile gelece\u011fi \u015fekillendirmek<\/strong><\/p>\n<p>Zengin bir k\u00fclt\u00fcrel mirasa ve ekonomik dinamizme sahip bir \u015fehir olan Mannheim, geli\u015fmekte olan bir sekt\u00f6r olan blockchain teknolojisinin merkezinde yer al\u0131yor. Dijital d\u00f6n\u00fc\u015f\u00fcm\u00fcn ya\u015fand\u0131\u011f\u0131 bu d\u00f6nemde \u015firketler i\u015f s\u00fcre\u00e7lerini optimize etmek, g\u00fcvenliklerini art\u0131rmak ve m\u00fc\u015fteri sadakatini geli\u015ftirmek i\u00e7in yenilik\u00e7i \u00e7\u00f6z\u00fcmler ar\u0131yor. Blockchain \u00e7\u00f6z\u00fcmlerinin uygulanmas\u0131 ve dan\u0131\u015fmanl\u0131\u011f\u0131nda \u00f6nc\u00fc olan Mannheim Blockchain Ajans\u0131, bu zorluklara yan\u0131t sunuyor.<\/p>\n<p><strong>Blok zinciri sekt\u00f6r\u00fcnde \u00f6nc\u00fc<\/strong><\/p>\n<p>Mannheim Blockchain Ajans\u0131, blockchain uygulamalar\u0131 ve \u00e7\u00f6z\u00fcmlerinin geli\u015ftirilmesinde uzmanl\u0131klar\u0131n\u0131 ve deneyimlerini kullanan y\u00fcksek nitelikli blockchain uzmanlar\u0131ndan olu\u015fan bir ekipten olu\u015fmaktad\u0131r. Bu devrim niteli\u011findeki teknolojiye duyduklar\u0131 tutkuyla, t\u00fcm sekt\u00f6rlerdeki \u015firketleri kapsaml\u0131 tavsiyeler ve birinci s\u0131n\u0131f hizmetlerle destekliyorlar.<\/p>\n<p><strong>Bireysel ihtiya\u00e7lar i\u00e7in dan\u0131\u015fmanl\u0131k ve uygulama<\/strong><\/p>\n<p>Blockchain Agentur Mannheim, her \u015firketin kendine \u00f6zg\u00fc ihtiya\u00e7lar\u0131 oldu\u011funu kabul eder. Bu nedenle, m\u00fc\u015fterilerinin gereksinimlerine ve hedeflerine m\u00fckemmel bir \u015fekilde uyarlanm\u0131\u015f blok zinciri \u00e7\u00f6z\u00fcmlerinin \u00f6zelle\u015ftirilmi\u015f geli\u015ftirilmesine odaklanmaktad\u0131r. Ekip, ilk dan\u0131\u015fmanl\u0131ktan tam uygulamaya kadar m\u00fc\u015fterilerine e\u015flik eder ve onlar\u0131 blok zincirini verimli bir \u015fekilde entegre etmeleri ve i\u015f de\u011ferlerini art\u0131rmalar\u0131 konusunda destekler.<\/p>\n<p><strong>Ak\u0131ll\u0131 s\u00f6zle\u015fmeler ve g\u00fcvenli i\u015flemler<\/strong><\/p>\n<p>Blockchain teknolojisinin \u00f6nemli bir y\u00f6n\u00fc ak\u0131ll\u0131 s\u00f6zle\u015fmelerdir - insan m\u00fcdahalesi olmadan g\u00fcvenilir i\u015flemlere olanak tan\u0131yan kendi kendini y\u00fcr\u00fcten s\u00f6zle\u015fmeler. Mannheim Blockchain Ajans\u0131, \u015firketlerin verimli i\u015f s\u00fcre\u00e7leri olu\u015fturmalar\u0131na ve taraflar aras\u0131nda g\u00fcven in\u015fa etmelerine yard\u0131mc\u0131 olmak i\u00e7in \u00f6zelle\u015ftirilmi\u015f ak\u0131ll\u0131 s\u00f6zle\u015fmeler geli\u015ftirmektedir.<\/p>\n<p><strong>G\u00fcvenlik ve veri koruma en y\u00fcksek \u00f6nceli\u011fe sahiptir<\/strong><\/p>\n<p>Mannheim Blockchain Agency'de blockchain \u00e7\u00f6z\u00fcmlerinin g\u00fcvenli\u011fi en \u00f6nemli \u00f6nceliktir. Ekip, s\u0131k\u0131 g\u00fcvenlik \u00f6nlemleri ve veri koruma y\u00f6nergeleri ile m\u00fc\u015fterilerinin verilerinin korunmas\u0131n\u0131 ve i\u015flemlerinin g\u00fcvenli bir \u015fekilde ger\u00e7ekle\u015ftirilmesini sa\u011flar.<\/p>\n<p><strong>Blockchain tokenizasyonu - dijital varl\u0131klar\u0131n gelece\u011fi<\/strong><\/p>\n<p>Ajans ayr\u0131ca blok zincirinde benzersiz dijital tokenlerin olu\u015fturulabildi\u011fi varl\u0131klar\u0131n tokenle\u015ftirilmesi konusunda da destek sunmaktad\u0131r. \u0130ster g\u00fcvenlik tokenleri, ister hizmet tokenleri ya da de\u011fi\u015ftirilemez tokenler (NFT) olsun - Mannheim Blockchain Ajans\u0131, \u015firketlerin kendi token ekosistemlerini geli\u015ftirmelerini ve yenilik\u00e7i kullan\u0131m durumlar\u0131n\u0131 ger\u00e7ekle\u015ftirmelerini sa\u011flar.<\/p>\n<p><strong>Mannheim Blockchain Ajans\u0131 - gelecek i\u00e7in orta\u011f\u0131n\u0131z<\/strong><\/p>\n<p>Mannheim Blockchain Ajans\u0131, blockchain gelece\u011fine giden yolda ilerlemek isteyen \u015firketler i\u00e7in g\u00fcvenilir bir ortakt\u0131r. Blockchain teknolojisindeki derinlemesine bilgi ve uzmanl\u0131klar\u0131yla, blockchain'in f\u0131rsatlar\u0131ndan ve zorluklar\u0131ndan tam olarak yararlanan \u00f6zelle\u015ftirilmi\u015f \u00e7\u00f6z\u00fcmler sunarlar.<\/p>\n<p>\u015eirketinizi gelecek i\u00e7in donatmak istiyorsan\u0131z, Mannheim Blockchain Ajans\u0131 ile blockchain teknolojisinin olanaklar\u0131n\u0131 ke\u015ffetmelisiniz. Uzmanlar\u0131n size tavsiyelerde bulunmas\u0131na ve \u015firketinizin gelece\u011fini blockchain \u00e7\u00f6z\u00fcmleriyle \u015fekillendirmesine izin verin.<\/p>\n<p>Blockchain ajans\u0131m\u0131z, \u015firketlerin blockchain teknolojisini benimsemelerine ve uygulamalar\u0131na yard\u0131mc\u0131 olmak i\u00e7in \u00e7e\u015fitli hizmetler sunmaktad\u0131r. \u0130\u015fte bir blok zinciri ajans\u0131 taraf\u0131ndan sunulan en yayg\u0131n hizmetlerden baz\u0131lar\u0131:<\/p>\n<ol>\n<li><strong>Blockchain dan\u0131\u015fmanl\u0131\u011f\u0131:<\/strong> Ajans, \u015firketleri blok zinciri teknolojisinin olanaklar\u0131 ve potansiyeli hakk\u0131nda e\u011fitmek ve \u00f6zelle\u015ftirilmi\u015f bir blok zinciri stratejisi geli\u015ftirmelerine destek olmak i\u00e7in kapsaml\u0131 dan\u0131\u015fmanl\u0131k hizmetleri sunmaktad\u0131r.<\/li>\n<li><strong>Blockchain geli\u015ftirme<\/strong>Ajans, ak\u0131ll\u0131 s\u00f6zle\u015fmelerin, merkezi olmayan uygulamalar\u0131n (DApps) ve di\u011fer blok zinciri uygulamalar\u0131n\u0131n programlanmas\u0131 ve uygulanmas\u0131 da dahil olmak \u00fczere \u00f6zelle\u015ftirilmi\u015f blok zinciri \u00e7\u00f6z\u00fcmleri geli\u015ftirmektedir.<\/li>\n<li><strong>Tokenle\u015ftirme<\/strong>Ajans, blok zincirinde al\u0131n\u0131p sat\u0131labilen ve y\u00f6netilebilen benzersiz dijital tokenlar olu\u015fturarak \u015firketlerin varl\u0131klar\u0131n\u0131 tokenla\u015ft\u0131rmalar\u0131na yard\u0131mc\u0131 oluyor.<\/li>\n<li><strong>G\u00fcvenlik kontrolleri<\/strong>Ajans, geli\u015ftirilen blok zinciri \u00e7\u00f6z\u00fcmlerindeki olas\u0131 g\u00fcvenlik a\u00e7\u0131klar\u0131n\u0131 belirlemek ve ortadan kald\u0131rmak i\u00e7in kapsaml\u0131 g\u00fcvenlik denetimleri ger\u00e7ekle\u015ftirmektedir.<\/li>\n<li><strong>Mevcut sistemlerin entegrasyonu<\/strong>Ajans, verimlili\u011fi ve \u015feffafl\u0131\u011f\u0131 art\u0131rmak i\u00e7in \u015firketlerin blok zinciri teknolojisini mevcut i\u015f s\u00fcre\u00e7lerine ve sistemlerine entegre etmelerine yard\u0131mc\u0131 oluyor.<\/li>\n<li><strong>Ak\u0131ll\u0131 s\u00f6zle\u015fmelerin geli\u015ftirilmesi<\/strong>Ajans, insan etkile\u015fimine ihtiya\u00e7 duymadan i\u015flemleri otomatik ve g\u00fcvenilir bir \u015fekilde i\u015fleyen ak\u0131ll\u0131 s\u00f6zle\u015fmeler geli\u015ftiriyor.<\/li>\n<li><strong>E\u011fitim kurslar\u0131 ve at\u00f6lye \u00e7al\u0131\u015fmalar\u0131<\/strong>Ajans, \u015firketleri blok zinciri teknolojisinin nas\u0131l \u00e7al\u0131\u015ft\u0131\u011f\u0131 konusunda e\u011fitmek ve onlara blok zinciri projelerini ba\u015far\u0131yla uygulamak i\u00e7in ihtiya\u00e7 duyduklar\u0131 uzmanl\u0131\u011f\u0131 sa\u011flamak i\u00e7in e\u011fitim kurslar\u0131 ve at\u00f6lye \u00e7al\u0131\u015fmalar\u0131 sunmaktad\u0131r.<\/li>\n<li><strong>Kripto para birimlerinin geli\u015fimi<\/strong>Ajans, \u015firketleri kendi kripto para birimlerini geli\u015ftirmeleri konusunda desteklemekte ve bunlar\u0131n y\u00f6netimi ve kullan\u0131m\u0131 konusunda onlara dan\u0131\u015fmanl\u0131k yapmaktad\u0131r.<\/li>\n<li><strong>Merkezi olmayan kimlik \u00e7\u00f6z\u00fcmlerinin uygulanmas\u0131<\/strong>Ajans, kullan\u0131c\u0131lar\u0131n g\u00fcvenli\u011fini ve kimlik do\u011frulamas\u0131n\u0131 iyile\u015ftirmek i\u00e7in merkezi olmayan kimlik \u00e7\u00f6z\u00fcmleri geli\u015ftirmektedir.<\/li>\n<li><strong>Blockchain pazarlama ve ticarile\u015ftirme<\/strong>Ajans, \u015firketleri blok zinciri projelerini pazarlamada destekliyor ve eri\u015fimlerini en \u00fcst d\u00fczeye \u00e7\u0131karmalar\u0131na ve hedef kitlelerine ula\u015fmalar\u0131na yard\u0131mc\u0131 oluyor.<\/li>\n<\/ol>\n<hr \/>\n<p>&nbsp;<\/p>","protected":false},"excerpt":{"rendered":"<p>Mannheim'da Blockchain: Mannheim Blockchain Ajans\u0131 ile gelece\u011fi \u015fekillendirmek Zengin bir k\u00fclt\u00fcrel mirasa ve ekonomik yap\u0131ya sahip bir \u015fehir olan Mannheim<\/p>","protected":false},"author":1,"featured_media":0,"parent":0,"menu_order":0,"comment_status":"closed","ping_status":"closed","template":"","meta":{"om_disable_all_campaigns":false,"_mi_skip_tracking":false,"footnotes":""},"aioseo_notices":[],"_links":{"self":[{"href":"https:\/\/www.kryptoakademie24.de\/tr\/wp-json\/wp\/v2\/pages\/26073"}],"collection":[{"href":"https:\/\/www.kryptoakademie24.de\/tr\/wp-json\/wp\/v2\/pages"}],"about":[{"href":"https:\/\/www.kryptoakademie24.de\/tr\/wp-json\/wp\/v2\/types\/page"}],"author":[{"embeddable":true,"href":"https:\/\/www.kryptoakademie24.de\/tr\/wp-json\/wp\/v2\/users\/1"}],"replies":[{"embeddable":true,"href":"https:\/\/www.kryptoakademie24.de\/tr\/wp-json\/wp\/v2\/comments?post=26073"}],"version-history":[{"count":1,"href":"https:\/\/www.kryptoakademie24.de\/tr\/wp-json\/wp\/v2\/pages\/26073\/revisions"}],"predecessor-version":[{"id":26074,"href":"https:\/\/www.kryptoakademie24.de\/tr\/wp-json\/wp\/v2\/pages\/26073\/revisions\/26074"}],"wp:attachment":[{"href":"https:\/\/www.kryptoakademie24.de\/tr\/wp-json\/wp\/v2\/media?parent=26073"}],"curies":[{"name":"wp","href":"https:\/\/api.w.org\/{rel}","templated":true}]}}