{"id":26075,"date":"2023-07-28T10:01:23","date_gmt":"2023-07-28T08:01:23","guid":{"rendered":"https:\/\/www.kryptoakademie24.de\/?page_id=26075"},"modified":"2023-07-28T10:01:23","modified_gmt":"2023-07-28T08:01:23","slug":"blockchain-kaiserslautern","status":"publish","type":"page","link":"https:\/\/www.kryptoakademie24.de\/tr\/blockchain-kaiserslautern","title":{"rendered":"Kaiserslautern'de Blockchain ajans\u0131"},"content":{"rendered":"<div class=\"shariff shariff-align-flex-start shariff-widget-align-flex-start\"><ul class=\"shariff-buttons theme-default orientation-horizontal buttonsize-medium\"><li class=\"shariff-button mastodon shariff-nocustomcolor\" style=\"background-color:#563ACC\"><a href=\"https:\/\/s2f.kytta.dev\/?text=Blockchain%20Agentur%20in%20Kaiserslautern https%3A%2F%2Fwww.kryptoakademie24.de%2Ftr%2Fblockchain-kaiserslautern\" title=\"Mastodon&#039;da Payla\u015f\" aria-label=\"Mastodon&#039;da Payla\u015f\" role=\"button\" rel=\"noopener nofollow\" class=\"shariff-link\" style=\"; background-color:#6364FF; color:#fff\" target=\"_blank\"><span class=\"shariff-icon\" style=\"\"><svg width=\"75\" height=\"79\" viewbox=\"0 0 75 79\" fill=\"none\" xmlns=\"http:\/\/www.w3.org\/2000\/svg\"><path d=\"M37.813-.025C32.462-.058 27.114.13 21.79.598c-8.544.621-17.214 5.58-20.203 13.931C-1.12 23.318.408 32.622.465 41.65c.375 7.316.943 14.78 3.392 21.73 4.365 9.465 14.781 14.537 24.782 15.385 7.64.698 15.761-.213 22.517-4.026a54.1 54.1 0 0 0 .01-6.232c-6.855 1.316-14.101 2.609-21.049 1.074-3.883-.88-6.876-4.237-7.25-8.215-1.53-3.988 3.78-.43 5.584-.883 9.048 1.224 18.282.776 27.303-.462 7.044-.837 14.26-4.788 16.65-11.833 2.263-6.135 1.215-12.79 1.698-19.177.06-3.84.09-7.692-.262-11.52C72.596 7.844 63.223.981 53.834.684a219.453 219.453 0 0 0-16.022-.71zm11.294 12.882c5.5-.067 10.801 4.143 11.67 9.653.338 1.48.471 3 .471 4.515v21.088h-8.357c-.07-7.588.153-15.182-.131-22.765-.587-4.368-7.04-5.747-9.672-2.397-2.422 3.04-1.47 7.155-1.67 10.735v6.392h-8.307c-.146-4.996.359-10.045-.404-15.002-1.108-4.218-7.809-5.565-10.094-1.666-1.685 3.046-.712 6.634-.976 9.936v14.767h-8.354c.109-8.165-.238-16.344.215-24.5.674-5.346 5.095-10.389 10.676-10.627 4.902-.739 10.103 2.038 12.053 6.631.375 1.435 1.76 1.932 1.994.084 1.844-3.704 5.501-6.739 9.785-6.771.367-.044.735-.068 1.101-.073z\"\/><defs><lineargradient id=\"paint0_linear_549_34\" x1=\"37.0692\" y1=\"0\" x2=\"37.0692\" y2=\"79\" gradientunits=\"userSpaceOnUse\"><stop stop-color=\"#6364FF\"\/><stop offset=\"1\" stop-color=\"#563ACC\"\/><\/lineargradient><\/defs><\/svg><\/span><span class=\"shariff-text\">Payla\u015f<\/span>&nbsp;<\/a><\/li><li class=\"shariff-button facebook shariff-nocustomcolor\" style=\"background-color:#4273c8\"><a href=\"https:\/\/www.facebook.com\/sharer\/sharer.php?u=https%3A%2F%2Fwww.kryptoakademie24.de%2Ftr%2Fblockchain-kaiserslautern\" title=\"Facebook&#039;ta Payla\u015f\" aria-label=\"Facebook&#039;ta Payla\u015f\" role=\"button\" rel=\"nofollow\" class=\"shariff-link\" style=\"; background-color:#3b5998; color:#fff\" target=\"_blank\"><span class=\"shariff-icon\" style=\"\"><svg width=\"32px\" height=\"20px\" xmlns=\"http:\/\/www.w3.org\/2000\/svg\" viewbox=\"0 0 18 32\"><path fill=\"#3b5998\" d=\"M17.1 0.2v4.7h-2.8q-1.5 0-2.1 0.6t-0.5 1.9v3.4h5.2l-0.7 5.3h-4.5v13.6h-5.5v-13.6h-4.5v-5.3h4.5v-3.9q0-3.3 1.9-5.2t5-1.8q2.6 0 4.1 0.2z\"\/><\/svg><\/span><span class=\"shariff-text\">Payla\u015f<\/span>&nbsp;<\/a><\/li><li class=\"shariff-button linkedin shariff-nocustomcolor\" style=\"background-color:#1488bf\"><a href=\"https:\/\/www.linkedin.com\/sharing\/share-offsite\/?url=https%3A%2F%2Fwww.kryptoakademie24.de%2Ftr%2Fblockchain-kaiserslautern\" title=\"LinkedIn&#039;de Payla\u015f\" aria-label=\"LinkedIn&#039;de Payla\u015f\" role=\"button\" rel=\"noopener nofollow\" class=\"shariff-link\" style=\"; background-color:#0077b5; color:#fff\" target=\"_blank\"><span class=\"shariff-icon\" style=\"\"><svg width=\"32px\" height=\"20px\" xmlns=\"http:\/\/www.w3.org\/2000\/svg\" viewbox=\"0 0 27 32\"><path fill=\"#0077b5\" d=\"M6.2 11.2v17.7h-5.9v-17.7h5.9zM6.6 5.7q0 1.3-0.9 2.2t-2.4 0.9h0q-1.5 0-2.4-0.9t-0.9-2.2 0.9-2.2 2.4-0.9 2.4 0.9 0.9 2.2zM27.4 18.7v10.1h-5.9v-9.5q0-1.9-0.7-2.9t-2.3-1.1q-1.1 0-1.9 0.6t-1.2 1.5q-0.2 0.5-0.2 1.4v9.9h-5.9q0-7.1 0-11.6t0-5.3l0-0.9h5.9v2.6h0q0.4-0.6 0.7-1t1-0.9 1.6-0.8 2-0.3q3 0 4.9 2t1.9 6z\"\/><\/svg><\/span><span class=\"shariff-text\">Payla\u015f<\/span>&nbsp;<\/a><\/li><li class=\"shariff-button info shariff-nocustomcolor\" style=\"background-color:#eee\"><a href=\"https:\/\/www.kryptoakademie24.de\/tr\/whitepaper\/\" title=\"Whitepaper\" aria-label=\"Whitepaper\" role=\"button\" rel=\"noopener \" class=\"shariff-link\" style=\"; background-color:#fff; color:#fff\" target=\"_blank\"><span class=\"shariff-icon\" style=\"\"><svg width=\"32px\" height=\"20px\" xmlns=\"http:\/\/www.w3.org\/2000\/svg\" viewbox=\"0 0 11 32\"><path fill=\"#999\" d=\"M11.4 24v2.3q0 0.5-0.3 0.8t-0.8 0.4h-9.1q-0.5 0-0.8-0.4t-0.4-0.8v-2.3q0-0.5 0.4-0.8t0.8-0.4h1.1v-6.8h-1.1q-0.5 0-0.8-0.4t-0.4-0.8v-2.3q0-0.5 0.4-0.8t0.8-0.4h6.8q0.5 0 0.8 0.4t0.4 0.8v10.3h1.1q0.5 0 0.8 0.4t0.3 0.8zM9.2 3.4v3.4q0 0.5-0.4 0.8t-0.8 0.4h-4.6q-0.4 0-0.8-0.4t-0.4-0.8v-3.4q0-0.4 0.4-0.8t0.8-0.4h4.6q0.5 0 0.8 0.4t0.4 0.8z\"\/><\/svg><\/span><\/a><\/li><\/ul><\/div><p><strong>Gelece\u011finiz i\u00e7in Blockchain yenilikleri:<\/strong> G\u00fcvenilir Kaiserslautern blockchain ajans\u0131n\u0131z<\/p>\n<p>Yenilik\u00e7i blok zinciri \u00e7\u00f6z\u00fcmleri i\u00e7in lider hizmet sa\u011flay\u0131c\u0131n\u0131z Kaiserslautern Blockchain Solutions'a ho\u015f geldiniz! Blockchain teknolojisi uzmanlar\u0131 olarak, Kaiserslautern ve \u00f6tesindeki \u015firketleri dijital gelece\u011fe yolculuklar\u0131nda destekleme ve bu devrim niteli\u011findeki teknolojinin tam potansiyelini ger\u00e7ekle\u015ftirmelerine yard\u0131mc\u0131 olma konusunda tutkuluyuz.<\/p>\n<p><strong>Hizmetlerimiz:<\/strong><\/p>\n<p>1. <strong>Blockchain dan\u0131\u015fmanl\u0131\u011f\u0131:<\/strong> Deneyimli ekibimiz size blockchain teknolojisi hakk\u0131nda kapsaml\u0131 bilgi ve tavsiyeler sunmak i\u00e7in haz\u0131rd\u0131r. Birlikte, \u015firketiniz i\u00e7in f\u0131rsatlar\u0131 ve potansiyeli belirleyecek ve i\u015f hedeflerinizi destekleyen \u00f6zelle\u015ftirilmi\u015f blok zinciri stratejileri geli\u015ftirece\u011fiz.<\/p>\n<p>2. <strong>Blockchain geli\u015ftirme<\/strong>D\u00fc\u015f\u00fcnceden uygulamaya - fikirlerinizi ger\u00e7e\u011fe d\u00f6n\u00fc\u015ft\u00fcr\u00fcyoruz. Uzman ekibimiz, i\u015f s\u00fcre\u00e7lerinize verimlilik ve \u015feffafl\u0131k getiren ak\u0131ll\u0131 s\u00f6zle\u015fmeler ve merkezi olmayan uygulamalar (DApps) dahil olmak \u00fczere \u00f6zelle\u015ftirilmi\u015f blok zinciri \u00e7\u00f6z\u00fcmleri geli\u015ftirir.<\/p>\n<p>3. <strong>Tokenle\u015ftirme:<\/strong> Kendi token ekosisteminizi olu\u015fturun! \u0130ster g\u00fcvenlik tokenleri, ister hizmet tokenleri veya de\u011fi\u015ftirilemez tokenler (NFT) olsun - varl\u0131klar\u0131n\u0131z\u0131 blok zincirinde tokenle\u015ftirmeniz ve yeni i\u015f f\u0131rsatlar\u0131 a\u00e7man\u0131z i\u00e7in sizi destekliyoruz.<\/p>\n<p>4. <strong>G\u00fcvenlik ve veri koruma<\/strong>Verilerinizin ve i\u015flemlerinizin g\u00fcvenli\u011fi bizim i\u00e7in \u00f6nemlidir. Kapsaml\u0131 g\u00fcvenlik \u00f6nlemlerimiz ve veri koruma y\u00f6nergelerimiz ile hassas bilgilerinizin korunmas\u0131n\u0131 garanti ediyoruz.<\/p>\n<p><strong>Neden bizi se\u00e7melisiniz?<\/strong><\/p>\n<p>1.<strong> Uzmanl\u0131k alan\u0131:<\/strong> Ekibimiz, blok zinciri \u00e7\u00f6z\u00fcmlerinin geli\u015ftirilmesinde kapsaml\u0131 uzmanl\u0131\u011fa ve deneyime sahip y\u00fcksek nitelikli blok zinciri uzmanlar\u0131ndan olu\u015fmaktad\u0131r.<\/p>\n<p>2. <strong>\u00d6zelle\u015ftirilmi\u015f \u00e7\u00f6z\u00fcmler<\/strong>Her \u015firketin benzersiz oldu\u011funu biliyoruz. Bu nedenle, gereksinimlerinize ve hedeflerinize m\u00fckemmel \u015fekilde uyarlanm\u0131\u015f \u00f6zelle\u015ftirilmi\u015f \u00e7\u00f6z\u00fcmler geli\u015ftiriyoruz.<\/p>\n<p>3. <strong>M\u00fc\u015fteri odakl\u0131l\u0131k<\/strong>Sizin memnuniyetiniz bizim \u00f6nceli\u011fimizdir. Sizi dinliyor ve beklentilerinizi a\u015fmak i\u00e7in elimizden gelen her \u015feyi yap\u0131yoruz.<\/p>\n<p>4. <strong>G\u00fcven ve \u015feffafl\u0131k<\/strong>\u0130\u015fbirli\u011fimizde g\u00fcven ve a\u00e7\u0131kl\u0131\u011fa b\u00fcy\u00fck \u00f6nem veriyoruz. Bizimle emin ellerdesiniz.<\/p>\n<p>Dijital gelece\u011finizi birlikte \u015fekillendirelim!<\/p>\n<p>Y\u00fck\u00fcml\u00fcl\u00fck i\u00e7ermeyen bir dan\u0131\u015fmanl\u0131k i\u00e7in bug\u00fcn bizimle ileti\u015fime ge\u00e7in ve Kaiserslautern Blockchain \u00c7\u00f6z\u00fcmlerinin i\u015finizi bir sonraki seviyeye nas\u0131l ta\u015f\u0131yabilece\u011fini \u00f6\u011frenin. Blockchain'in sonsuz olanaklar\u0131n\u0131 ke\u015ffedin ve sekt\u00f6r\u00fcn\u00fczde \u00f6nc\u00fc olun.<\/p>\n<p>Kaiserslautern Blockchain \u00c7\u00f6z\u00fcmleriniz - Gelece\u011finiz i\u00e7in yenilikler.<\/p>\n<p>&nbsp;<\/p>\n<p>Bir blok zinciri ajans\u0131, \u015firketlerin blok zinciri teknolojisini uygulamalar\u0131na ve kullanmalar\u0131na yard\u0131mc\u0131 olmak i\u00e7in \u00e7e\u015fitli hizmetler sunar. \u0130\u015fte bir blok zinciri ajans\u0131 taraf\u0131ndan sunulan hizmetlerin kapsaml\u0131 bir listesi:<\/p>\n<ol>\n<li><strong>Blockchain dan\u0131\u015fmanl\u0131\u011f\u0131<\/strong>\u015eirketleri blockchain teknolojisinin i\u015f s\u00fcre\u00e7lerine nas\u0131l entegre edilebilece\u011fi konusunda bilgilendirmek i\u00e7in kapsaml\u0131 tavsiye ve analizler.<\/li>\n<li><strong>Ak\u0131ll\u0131 s\u00f6zle\u015fme geli\u015ftirme<\/strong>Otomatik ve g\u00fcvenilir i\u015flemlere olanak tan\u0131yan ak\u0131ll\u0131 s\u00f6zle\u015fmelerin programlanmas\u0131.<\/li>\n<li><strong>Tokenle\u015ftirme:<\/strong> Blok zincirinde dijital tokenlerin (g\u00fcvenlik tokenleri, hizmet tokenleri, NFT'ler) geli\u015ftirilmesi ve \u00e7\u0131kar\u0131lmas\u0131.<\/li>\n<li><strong>Blockchain geli\u015ftirme<\/strong>\u015eirketin \u00f6zel gereksinimlerine g\u00f6re uyarlanm\u0131\u015f \u00f6zelle\u015ftirilmi\u015f blok zinciri \u00e7\u00f6z\u00fcmlerinin geli\u015ftirilmesi ve uygulanmas\u0131.<\/li>\n<li><strong>Merkezi olmayan uygulamalar (DApps)<\/strong>Blok zinciri \u00fczerinde \u00e7al\u0131\u015fan ve yenilik\u00e7i \u00e7\u00f6z\u00fcmler sunan merkezi olmayan uygulamalar\u0131n geli\u015ftirilmesi.<\/li>\n<li><strong>Blockchain entegrasyonu:<\/strong> Blok zincirinin mevcut i\u015f s\u00fcre\u00e7lerine ve sistemlerine entegrasyonu.<\/li>\n<li><strong>Blok zinciri g\u00fcvenli\u011fi:<\/strong> Blok zinciri altyap\u0131s\u0131n\u0131 korumak i\u00e7in g\u00fcvenlik denetimleri yapmak ve g\u00fcvenlik \u00e7\u00f6z\u00fcmleri uygulamak.<\/li>\n<li><strong>Kripto c\u00fczdan geli\u015ftirme:<\/strong> Kripto para birimlerini ve dijital varl\u0131klar\u0131 y\u00f6netmek i\u00e7in g\u00fcvenli dijital c\u00fczdanlar\u0131n geli\u015ftirilmesi.<\/li>\n<li><strong>Token ekosistem y\u00f6netimi:<\/strong> Bir token ekosisteminin y\u00f6netimi ve pazarlanmas\u0131nda destek.<\/li>\n<li><strong>E\u011fitim kurslar\u0131 ve at\u00f6lye \u00e7al\u0131\u015fmalar\u0131<\/strong>Blockchain teknolojisinin temel d\u00fczeyde anla\u015f\u0131lmas\u0131n\u0131 sa\u011flamak i\u00e7in \u015firket \u00e7al\u0131\u015fanlar\u0131n\u0131n e\u011fitimi.<\/li>\n<li><strong>Blockchain pazarlamas\u0131<\/strong>Blok zinciri projelerinin ve kripto para birimlerinin ticarile\u015ftirilmesinde destek.<\/li>\n<li><strong>Blockchain uyumlulu\u011fu<\/strong>D\u00fczenleyici konular ve yasal gerekliliklere uyum konusunda dan\u0131\u015fmanl\u0131k ve destek.<\/li>\n<li><strong>Kripto \u00f6deme entegrasyonu<\/strong>Kripto para birimlerinin e-ticaret platformlar\u0131na bir \u00f6deme arac\u0131 olarak entegre edilmesi.<\/li>\n<li><strong>Tedarik zinciri takibi:<\/strong> Tedarik zincirini takip etmek ve g\u00fcvence alt\u0131na almak i\u00e7in blok zinciri teknolojisini kullan\u0131n.<\/li>\n<li><strong>Kimlik y\u00f6netimi:<\/strong> Dijital kimlikleri g\u00fcvenli bir \u015fekilde y\u00f6netmek i\u00e7in merkezi olmayan kimlik \u00e7\u00f6z\u00fcmleri geli\u015ftirin.<\/li>\n<li><strong>Blockchain analizi<\/strong>: \u0130\u00e7g\u00f6r\u00fc ve istihbarat elde etmek i\u00e7in blockchain verilerini analiz edin.<\/li>\n<li>Blockchain prototipleme: Blockchain projelerinin i\u015flevselli\u011fini ve fizibilitesini g\u00f6stermek i\u00e7in prototiplerin olu\u015fturulmas\u0131.<\/li>\n<\/ol>","protected":false},"excerpt":{"rendered":"<p>Gelece\u011finiz i\u00e7in Blockchain yenilikleri: G\u00fcvenilir Kaiserslautern Blockchain ajans\u0131n\u0131z Kaiserslautern Blockchain Solutions'a ho\u015f geldiniz - yenilik\u00e7i blockchain \u00e7\u00f6z\u00fcmleri i\u00e7in lider hizmet sa\u011flay\u0131c\u0131n\u0131z.<\/p>","protected":false},"author":1,"featured_media":0,"parent":0,"menu_order":0,"comment_status":"closed","ping_status":"closed","template":"","meta":{"om_disable_all_campaigns":false,"_mi_skip_tracking":false,"footnotes":""},"aioseo_notices":[],"_links":{"self":[{"href":"https:\/\/www.kryptoakademie24.de\/tr\/wp-json\/wp\/v2\/pages\/26075"}],"collection":[{"href":"https:\/\/www.kryptoakademie24.de\/tr\/wp-json\/wp\/v2\/pages"}],"about":[{"href":"https:\/\/www.kryptoakademie24.de\/tr\/wp-json\/wp\/v2\/types\/page"}],"author":[{"embeddable":true,"href":"https:\/\/www.kryptoakademie24.de\/tr\/wp-json\/wp\/v2\/users\/1"}],"replies":[{"embeddable":true,"href":"https:\/\/www.kryptoakademie24.de\/tr\/wp-json\/wp\/v2\/comments?post=26075"}],"version-history":[{"count":1,"href":"https:\/\/www.kryptoakademie24.de\/tr\/wp-json\/wp\/v2\/pages\/26075\/revisions"}],"predecessor-version":[{"id":26076,"href":"https:\/\/www.kryptoakademie24.de\/tr\/wp-json\/wp\/v2\/pages\/26075\/revisions\/26076"}],"wp:attachment":[{"href":"https:\/\/www.kryptoakademie24.de\/tr\/wp-json\/wp\/v2\/media?parent=26075"}],"curies":[{"name":"wp","href":"https:\/\/api.w.org\/{rel}","templated":true}]}}