{"id":26106,"date":"2023-08-15T17:43:44","date_gmt":"2023-08-15T15:43:44","guid":{"rendered":"https:\/\/www.kryptoakademie24.de\/?page_id=26106"},"modified":"2023-08-15T17:44:29","modified_gmt":"2023-08-15T15:44:29","slug":"blockchain-agentur-muenchen","status":"publish","type":"page","link":"https:\/\/www.kryptoakademie24.de\/tr\/blockchain-agentur-muenchen","title":{"rendered":"Blockchain Ajans\u0131 M\u00fcnih"},"content":{"rendered":"<div class=\"shariff shariff-align-flex-start shariff-widget-align-flex-start\"><ul class=\"shariff-buttons theme-default orientation-horizontal buttonsize-medium\"><li class=\"shariff-button mastodon shariff-nocustomcolor\" style=\"background-color:#563ACC\"><a href=\"https:\/\/s2f.kytta.dev\/?text=Blockchain%20Agentur%20M%C3%BCnchen https%3A%2F%2Fwww.kryptoakademie24.de%2Ftr%2Fblockchain-agentur-muenchen\" title=\"Mastodon&#039;da Payla\u015f\" aria-label=\"Mastodon&#039;da Payla\u015f\" role=\"button\" rel=\"noopener nofollow\" class=\"shariff-link\" style=\"; background-color:#6364FF; color:#fff\" target=\"_blank\"><span class=\"shariff-icon\" style=\"\"><svg width=\"75\" height=\"79\" viewbox=\"0 0 75 79\" fill=\"none\" xmlns=\"http:\/\/www.w3.org\/2000\/svg\"><path d=\"M37.813-.025C32.462-.058 27.114.13 21.79.598c-8.544.621-17.214 5.58-20.203 13.931C-1.12 23.318.408 32.622.465 41.65c.375 7.316.943 14.78 3.392 21.73 4.365 9.465 14.781 14.537 24.782 15.385 7.64.698 15.761-.213 22.517-4.026a54.1 54.1 0 0 0 .01-6.232c-6.855 1.316-14.101 2.609-21.049 1.074-3.883-.88-6.876-4.237-7.25-8.215-1.53-3.988 3.78-.43 5.584-.883 9.048 1.224 18.282.776 27.303-.462 7.044-.837 14.26-4.788 16.65-11.833 2.263-6.135 1.215-12.79 1.698-19.177.06-3.84.09-7.692-.262-11.52C72.596 7.844 63.223.981 53.834.684a219.453 219.453 0 0 0-16.022-.71zm11.294 12.882c5.5-.067 10.801 4.143 11.67 9.653.338 1.48.471 3 .471 4.515v21.088h-8.357c-.07-7.588.153-15.182-.131-22.765-.587-4.368-7.04-5.747-9.672-2.397-2.422 3.04-1.47 7.155-1.67 10.735v6.392h-8.307c-.146-4.996.359-10.045-.404-15.002-1.108-4.218-7.809-5.565-10.094-1.666-1.685 3.046-.712 6.634-.976 9.936v14.767h-8.354c.109-8.165-.238-16.344.215-24.5.674-5.346 5.095-10.389 10.676-10.627 4.902-.739 10.103 2.038 12.053 6.631.375 1.435 1.76 1.932 1.994.084 1.844-3.704 5.501-6.739 9.785-6.771.367-.044.735-.068 1.101-.073z\"\/><defs><lineargradient id=\"paint0_linear_549_34\" x1=\"37.0692\" y1=\"0\" x2=\"37.0692\" y2=\"79\" gradientunits=\"userSpaceOnUse\"><stop stop-color=\"#6364FF\"\/><stop offset=\"1\" stop-color=\"#563ACC\"\/><\/lineargradient><\/defs><\/svg><\/span><span class=\"shariff-text\">Payla\u015f<\/span>&nbsp;<\/a><\/li><li class=\"shariff-button facebook shariff-nocustomcolor\" style=\"background-color:#4273c8\"><a href=\"https:\/\/www.facebook.com\/sharer\/sharer.php?u=https%3A%2F%2Fwww.kryptoakademie24.de%2Ftr%2Fblockchain-agentur-muenchen\" title=\"Facebook&#039;ta Payla\u015f\" aria-label=\"Facebook&#039;ta Payla\u015f\" role=\"button\" rel=\"nofollow\" class=\"shariff-link\" style=\"; background-color:#3b5998; color:#fff\" target=\"_blank\"><span class=\"shariff-icon\" style=\"\"><svg width=\"32px\" height=\"20px\" xmlns=\"http:\/\/www.w3.org\/2000\/svg\" viewbox=\"0 0 18 32\"><path fill=\"#3b5998\" d=\"M17.1 0.2v4.7h-2.8q-1.5 0-2.1 0.6t-0.5 1.9v3.4h5.2l-0.7 5.3h-4.5v13.6h-5.5v-13.6h-4.5v-5.3h4.5v-3.9q0-3.3 1.9-5.2t5-1.8q2.6 0 4.1 0.2z\"\/><\/svg><\/span><span class=\"shariff-text\">Payla\u015f<\/span>&nbsp;<\/a><\/li><li class=\"shariff-button linkedin shariff-nocustomcolor\" style=\"background-color:#1488bf\"><a href=\"https:\/\/www.linkedin.com\/sharing\/share-offsite\/?url=https%3A%2F%2Fwww.kryptoakademie24.de%2Ftr%2Fblockchain-agentur-muenchen\" title=\"LinkedIn&#039;de Payla\u015f\" aria-label=\"LinkedIn&#039;de Payla\u015f\" role=\"button\" rel=\"noopener nofollow\" class=\"shariff-link\" style=\"; background-color:#0077b5; color:#fff\" target=\"_blank\"><span class=\"shariff-icon\" style=\"\"><svg width=\"32px\" height=\"20px\" xmlns=\"http:\/\/www.w3.org\/2000\/svg\" viewbox=\"0 0 27 32\"><path fill=\"#0077b5\" d=\"M6.2 11.2v17.7h-5.9v-17.7h5.9zM6.6 5.7q0 1.3-0.9 2.2t-2.4 0.9h0q-1.5 0-2.4-0.9t-0.9-2.2 0.9-2.2 2.4-0.9 2.4 0.9 0.9 2.2zM27.4 18.7v10.1h-5.9v-9.5q0-1.9-0.7-2.9t-2.3-1.1q-1.1 0-1.9 0.6t-1.2 1.5q-0.2 0.5-0.2 1.4v9.9h-5.9q0-7.1 0-11.6t0-5.3l0-0.9h5.9v2.6h0q0.4-0.6 0.7-1t1-0.9 1.6-0.8 2-0.3q3 0 4.9 2t1.9 6z\"\/><\/svg><\/span><span class=\"shariff-text\">Payla\u015f<\/span>&nbsp;<\/a><\/li><li class=\"shariff-button info shariff-nocustomcolor\" style=\"background-color:#eee\"><a href=\"https:\/\/www.kryptoakademie24.de\/tr\/whitepaper\/\" title=\"Whitepaper\" aria-label=\"Whitepaper\" role=\"button\" rel=\"noopener \" class=\"shariff-link\" style=\"; background-color:#fff; color:#fff\" target=\"_blank\"><span class=\"shariff-icon\" style=\"\"><svg width=\"32px\" height=\"20px\" xmlns=\"http:\/\/www.w3.org\/2000\/svg\" viewbox=\"0 0 11 32\"><path fill=\"#999\" d=\"M11.4 24v2.3q0 0.5-0.3 0.8t-0.8 0.4h-9.1q-0.5 0-0.8-0.4t-0.4-0.8v-2.3q0-0.5 0.4-0.8t0.8-0.4h1.1v-6.8h-1.1q-0.5 0-0.8-0.4t-0.4-0.8v-2.3q0-0.5 0.4-0.8t0.8-0.4h6.8q0.5 0 0.8 0.4t0.4 0.8v10.3h1.1q0.5 0 0.8 0.4t0.3 0.8zM9.2 3.4v3.4q0 0.5-0.4 0.8t-0.8 0.4h-4.6q-0.4 0-0.8-0.4t-0.4-0.8v-3.4q0-0.4 0.4-0.8t0.8-0.4h4.6q0.5 0 0.8 0.4t0.4 0.8z\"\/><\/svg><\/span><\/a><\/li><\/ul><\/div><p><strong>Blockchain Ajans\u0131 M\u00fcnih'e ho\u015f geldiniz!<\/strong><\/p>\n<p>Canl\u0131 bir \u015fehir olan M\u00fcnih'te blockchain teknolojisi ve inovasyon konusunda g\u00fcvenilir orta\u011f\u0131n\u0131z\u0131z. \u00d6nde gelen bir blok zinciri ajans\u0131 olarak, \u015firketlerin, devlet kurumlar\u0131n\u0131n ve kurulu\u015flar\u0131n bu devrim niteli\u011findeki teknolojiden yararlanmalar\u0131 ve hedeflerine ula\u015fmalar\u0131 i\u00e7in \u00f6zel \u00e7\u00f6z\u00fcmler sunuyoruz.<\/p>\n<p><img decoding=\"async\" loading=\"lazy\" class=\"alignnone size-full wp-image-25681\" src=\"https:\/\/www.kryptoakademie24.de\/wp-content\/uploads\/2023\/01\/kryxptoverse.gif\" alt=\"\" width=\"770\" height=\"135\" \/><\/p>\n<p><strong>Hizmetlerimiz:<\/strong><\/p>\n<ol>\n<li><strong>Dan\u0131\u015fmanl\u0131k ve strateji:<\/strong> Uzmanlar\u0131m\u0131z, blok zincirinin sekt\u00f6r\u00fcn\u00fcz\u00fc nas\u0131l de\u011fi\u015ftirebilece\u011fini anlaman\u0131za yard\u0131mc\u0131 olur. \u0130\u015f s\u00fcre\u00e7lerinizi optimize eden ve inovasyonu te\u015fvik eden \u00f6zelle\u015ftirilmi\u015f blok zinciri stratejileri geli\u015ftiriyoruz.<\/li>\n<li><strong>Blok zinciri \u00e7\u00f6z\u00fcmlerinin geli\u015ftirilmesi:<\/strong> Fikirden uygulamaya - deneyimli ekibimiz ihtiya\u00e7lar\u0131n\u0131z\u0131 kar\u015f\u0131layan \u00f6zelle\u015ftirilmi\u015f blok zinciri uygulamalar\u0131 geli\u015ftiriyor. \u0130ster tedarik zinciri takibi, ister merkezi olmayan finansal hizmetler veya dijital kimlikler olsun, vizyonunuzu ger\u00e7e\u011fe d\u00f6n\u00fc\u015ft\u00fcr\u00fcyoruz.<\/li>\n<li><strong>Ak\u0131ll\u0131 s\u00f6zle\u015fme geli\u015ftirme:<\/strong> Uzmanlar\u0131m\u0131z, \u015feffaf ve g\u00fcvenli i\u015flemlere olanak tan\u0131yan ak\u0131ll\u0131 s\u00f6zle\u015fmeler tasarlama ve programlama konusunda uzmanla\u015fm\u0131\u015ft\u0131r. Ak\u0131ll\u0131 s\u00f6zle\u015fme \u00e7\u00f6z\u00fcmlerimizle i\u015f s\u00fcre\u00e7lerini otomatikle\u015ftirin ve verimlili\u011fi art\u0131r\u0131n.<\/li>\n<li><strong>Tokenle\u015ftirme ve ICO dan\u0131\u015fmanl\u0131\u011f\u0131:<\/strong> Kendi tokenlar\u0131n\u0131z\u0131 \u00e7\u0131karmay\u0131 veya bir ICO (\u0130lk Para Arz\u0131) planlamay\u0131 d\u00fc\u015f\u00fcn\u00fcyorsan\u0131z, orta\u011f\u0131n\u0131z biziz. Varl\u0131klar\u0131n tokenle\u015ftirilmesinden yasal uygunlu\u011fa kadar kapsaml\u0131 tavsiyeler sunuyoruz.<\/li>\n<li><strong>Entegrasyon ve e\u011fitim:<\/strong> Blok zinciri teknolojisinin mevcut BT altyap\u0131n\u0131za sorunsuz bir \u015fekilde entegre edilmesinde size destek oluyoruz. E\u011fitim programlar\u0131m\u0131z size ve ekibinize teknolojiden en iyi \u015fekilde yararlanman\u0131z i\u00e7in gereken bilgileri sa\u011flar.<\/li>\n<\/ol>\n<p><strong>Neden bizi se\u00e7melisiniz?<\/strong><\/p>\n<ul>\n<li><strong>Yerel varl\u0131k:<\/strong> M\u00fcnih merkezli bir \u015firket olarak m\u00fc\u015fterilerimize yak\u0131n\u0131z ve \u015fehrimizin \u00f6zel ihtiya\u00e7lar\u0131n\u0131 anl\u0131yoruz.<\/li>\n<li><strong>Tecr\u00fcbe:<\/strong> Blok zinciri \u00e7\u00f6z\u00fcmlerinin geli\u015ftirilmesinde etkileyici bir ge\u00e7mi\u015fe sahip olarak, birinci s\u0131n\u0131f uzmanl\u0131k sunuyoruz.<\/li>\n<li><strong>M\u00fc\u015fteri odakl\u0131l\u0131k:<\/strong> \u0130htiya\u00e7lar\u0131n\u0131za \u00f6ncelik veriyor ve size \u00f6zel \u00e7\u00f6z\u00fcmler geli\u015ftirmek i\u00e7in sizinle yak\u0131n i\u015fbirli\u011fi i\u00e7inde \u00e7al\u0131\u015f\u0131yoruz.<\/li>\n<li><strong>\u0130novasyon:<\/strong> Blockchain bizim tutkumuz. Her zaman teknolojinin en ileri noktas\u0131nda kal\u0131yor ve her projeye yenilik\u00e7i fikirler getiriyoruz.<\/li>\n<\/ul>\n<p>Bizimle ileti\u015fime ge\u00e7in ve blockchain'in i\u015finizi nas\u0131l d\u00f6n\u00fc\u015ft\u00fcrebilece\u011fini ke\u015ffedin. Uzmanlar\u0131m\u0131z sorular\u0131n\u0131z\u0131 yan\u0131tlamaya ve projenizi ileriye ta\u015f\u0131maya haz\u0131r. \u0130novasyon ve teknolojinin gelenek ve ilerlemeyle bulu\u015ftu\u011fu Blockchain Ajans\u0131 M\u00fcnih'e ho\u015f geldiniz.<\/p>\n<div class=\"shariff shariff-align-flex-start shariff-widget-align-flex-start\"><ul class=\"shariff-buttons theme-default orientation-horizontal buttonsize-medium\"><li class=\"shariff-button mastodon shariff-nocustomcolor\" style=\"background-color:#563ACC\"><a href=\"https:\/\/s2f.kytta.dev\/?text=Blockchain%20Agentur%20M%C3%BCnchen https%3A%2F%2Fwww.kryptoakademie24.de%2Ftr%2Fblockchain-agentur-muenchen\" title=\"Mastodon&#039;da Payla\u015f\" aria-label=\"Mastodon&#039;da Payla\u015f\" role=\"button\" rel=\"noopener nofollow\" class=\"shariff-link\" style=\"; background-color:#6364FF; color:#fff\" target=\"_blank\"><span class=\"shariff-icon\" style=\"\"><svg width=\"75\" height=\"79\" viewbox=\"0 0 75 79\" fill=\"none\" xmlns=\"http:\/\/www.w3.org\/2000\/svg\"><path d=\"M37.813-.025C32.462-.058 27.114.13 21.79.598c-8.544.621-17.214 5.58-20.203 13.931C-1.12 23.318.408 32.622.465 41.65c.375 7.316.943 14.78 3.392 21.73 4.365 9.465 14.781 14.537 24.782 15.385 7.64.698 15.761-.213 22.517-4.026a54.1 54.1 0 0 0 .01-6.232c-6.855 1.316-14.101 2.609-21.049 1.074-3.883-.88-6.876-4.237-7.25-8.215-1.53-3.988 3.78-.43 5.584-.883 9.048 1.224 18.282.776 27.303-.462 7.044-.837 14.26-4.788 16.65-11.833 2.263-6.135 1.215-12.79 1.698-19.177.06-3.84.09-7.692-.262-11.52C72.596 7.844 63.223.981 53.834.684a219.453 219.453 0 0 0-16.022-.71zm11.294 12.882c5.5-.067 10.801 4.143 11.67 9.653.338 1.48.471 3 .471 4.515v21.088h-8.357c-.07-7.588.153-15.182-.131-22.765-.587-4.368-7.04-5.747-9.672-2.397-2.422 3.04-1.47 7.155-1.67 10.735v6.392h-8.307c-.146-4.996.359-10.045-.404-15.002-1.108-4.218-7.809-5.565-10.094-1.666-1.685 3.046-.712 6.634-.976 9.936v14.767h-8.354c.109-8.165-.238-16.344.215-24.5.674-5.346 5.095-10.389 10.676-10.627 4.902-.739 10.103 2.038 12.053 6.631.375 1.435 1.76 1.932 1.994.084 1.844-3.704 5.501-6.739 9.785-6.771.367-.044.735-.068 1.101-.073z\"\/><defs><lineargradient id=\"paint0_linear_549_34\" x1=\"37.0692\" y1=\"0\" x2=\"37.0692\" y2=\"79\" gradientunits=\"userSpaceOnUse\"><stop stop-color=\"#6364FF\"\/><stop offset=\"1\" stop-color=\"#563ACC\"\/><\/lineargradient><\/defs><\/svg><\/span><span class=\"shariff-text\">Payla\u015f<\/span>&nbsp;<\/a><\/li><li class=\"shariff-button facebook shariff-nocustomcolor\" style=\"background-color:#4273c8\"><a href=\"https:\/\/www.facebook.com\/sharer\/sharer.php?u=https%3A%2F%2Fwww.kryptoakademie24.de%2Ftr%2Fblockchain-agentur-muenchen\" title=\"Facebook&#039;ta Payla\u015f\" aria-label=\"Facebook&#039;ta Payla\u015f\" role=\"button\" rel=\"nofollow\" class=\"shariff-link\" style=\"; background-color:#3b5998; color:#fff\" target=\"_blank\"><span class=\"shariff-icon\" style=\"\"><svg width=\"32px\" height=\"20px\" xmlns=\"http:\/\/www.w3.org\/2000\/svg\" viewbox=\"0 0 18 32\"><path fill=\"#3b5998\" d=\"M17.1 0.2v4.7h-2.8q-1.5 0-2.1 0.6t-0.5 1.9v3.4h5.2l-0.7 5.3h-4.5v13.6h-5.5v-13.6h-4.5v-5.3h4.5v-3.9q0-3.3 1.9-5.2t5-1.8q2.6 0 4.1 0.2z\"\/><\/svg><\/span><span class=\"shariff-text\">Payla\u015f<\/span>&nbsp;<\/a><\/li><li class=\"shariff-button linkedin shariff-nocustomcolor\" style=\"background-color:#1488bf\"><a href=\"https:\/\/www.linkedin.com\/sharing\/share-offsite\/?url=https%3A%2F%2Fwww.kryptoakademie24.de%2Ftr%2Fblockchain-agentur-muenchen\" title=\"LinkedIn&#039;de Payla\u015f\" aria-label=\"LinkedIn&#039;de Payla\u015f\" role=\"button\" rel=\"noopener nofollow\" class=\"shariff-link\" style=\"; background-color:#0077b5; color:#fff\" target=\"_blank\"><span class=\"shariff-icon\" style=\"\"><svg width=\"32px\" height=\"20px\" xmlns=\"http:\/\/www.w3.org\/2000\/svg\" viewbox=\"0 0 27 32\"><path fill=\"#0077b5\" d=\"M6.2 11.2v17.7h-5.9v-17.7h5.9zM6.6 5.7q0 1.3-0.9 2.2t-2.4 0.9h0q-1.5 0-2.4-0.9t-0.9-2.2 0.9-2.2 2.4-0.9 2.4 0.9 0.9 2.2zM27.4 18.7v10.1h-5.9v-9.5q0-1.9-0.7-2.9t-2.3-1.1q-1.1 0-1.9 0.6t-1.2 1.5q-0.2 0.5-0.2 1.4v9.9h-5.9q0-7.1 0-11.6t0-5.3l0-0.9h5.9v2.6h0q0.4-0.6 0.7-1t1-0.9 1.6-0.8 2-0.3q3 0 4.9 2t1.9 6z\"\/><\/svg><\/span><span class=\"shariff-text\">Payla\u015f<\/span>&nbsp;<\/a><\/li><li class=\"shariff-button info shariff-nocustomcolor\" style=\"background-color:#eee\"><a href=\"https:\/\/www.kryptoakademie24.de\/tr\/whitepaper\/\" title=\"Whitepaper\" aria-label=\"Whitepaper\" role=\"button\" rel=\"noopener \" class=\"shariff-link\" style=\"; background-color:#fff; color:#fff\" target=\"_blank\"><span class=\"shariff-icon\" style=\"\"><svg width=\"32px\" height=\"20px\" xmlns=\"http:\/\/www.w3.org\/2000\/svg\" viewbox=\"0 0 11 32\"><path fill=\"#999\" d=\"M11.4 24v2.3q0 0.5-0.3 0.8t-0.8 0.4h-9.1q-0.5 0-0.8-0.4t-0.4-0.8v-2.3q0-0.5 0.4-0.8t0.8-0.4h1.1v-6.8h-1.1q-0.5 0-0.8-0.4t-0.4-0.8v-2.3q0-0.5 0.4-0.8t0.8-0.4h6.8q0.5 0 0.8 0.4t0.4 0.8v10.3h1.1q0.5 0 0.8 0.4t0.3 0.8zM9.2 3.4v3.4q0 0.5-0.4 0.8t-0.8 0.4h-4.6q-0.4 0-0.8-0.4t-0.4-0.8v-3.4q0-0.4 0.4-0.8t0.8-0.4h4.6q0.5 0 0.8 0.4t0.4 0.8z\"\/><\/svg><\/span><\/a><\/li><\/ul><\/div>","protected":false},"excerpt":{"rendered":"<p>Blockchain Ajans\u0131 M\u00fcnih'e ho\u015f geldiniz! Hareketli bir \u015fehir olan M\u00fcnih'te blockchain teknolojisi ve inovasyon i\u00e7in g\u00fcvenilir orta\u011f\u0131n\u0131z\u0131z.<\/p>","protected":false},"author":1,"featured_media":0,"parent":0,"menu_order":0,"comment_status":"closed","ping_status":"closed","template":"","meta":{"om_disable_all_campaigns":false,"_mi_skip_tracking":false,"footnotes":""},"aioseo_notices":[],"_links":{"self":[{"href":"https:\/\/www.kryptoakademie24.de\/tr\/wp-json\/wp\/v2\/pages\/26106"}],"collection":[{"href":"https:\/\/www.kryptoakademie24.de\/tr\/wp-json\/wp\/v2\/pages"}],"about":[{"href":"https:\/\/www.kryptoakademie24.de\/tr\/wp-json\/wp\/v2\/types\/page"}],"author":[{"embeddable":true,"href":"https:\/\/www.kryptoakademie24.de\/tr\/wp-json\/wp\/v2\/users\/1"}],"replies":[{"embeddable":true,"href":"https:\/\/www.kryptoakademie24.de\/tr\/wp-json\/wp\/v2\/comments?post=26106"}],"version-history":[{"count":1,"href":"https:\/\/www.kryptoakademie24.de\/tr\/wp-json\/wp\/v2\/pages\/26106\/revisions"}],"predecessor-version":[{"id":26107,"href":"https:\/\/www.kryptoakademie24.de\/tr\/wp-json\/wp\/v2\/pages\/26106\/revisions\/26107"}],"wp:attachment":[{"href":"https:\/\/www.kryptoakademie24.de\/tr\/wp-json\/wp\/v2\/media?parent=26106"}],"curies":[{"name":"wp","href":"https:\/\/api.w.org\/{rel}","templated":true}]}}