{"id":26109,"date":"2023-08-15T17:48:21","date_gmt":"2023-08-15T15:48:21","guid":{"rendered":"https:\/\/www.kryptoakademie24.de\/?page_id=26109"},"modified":"2023-09-22T12:26:41","modified_gmt":"2023-09-22T10:26:41","slug":"blockchain-agentur-koeln","status":"publish","type":"page","link":"https:\/\/www.kryptoakademie24.de\/tr\/blockchain-agentur-koeln","title":{"rendered":"Blockchain Ajans\u0131 K\u00f6ln"},"content":{"rendered":"<div class=\"shariff shariff-align-flex-start shariff-widget-align-flex-start\"><ul class=\"shariff-buttons theme-default orientation-horizontal buttonsize-medium\"><li class=\"shariff-button mastodon shariff-nocustomcolor\" style=\"background-color:#563ACC\"><a href=\"https:\/\/s2f.kytta.dev\/?text=Blockchain%20Agentur%20K%C3%B6ln https%3A%2F%2Fwww.kryptoakademie24.de%2Ftr%2Fblockchain-agentur-koeln\" title=\"Mastodon&#039;da Payla\u015f\" aria-label=\"Mastodon&#039;da Payla\u015f\" role=\"button\" rel=\"noopener nofollow\" class=\"shariff-link\" style=\"; background-color:#6364FF; color:#fff\" target=\"_blank\"><span class=\"shariff-icon\" style=\"\"><svg width=\"75\" height=\"79\" viewbox=\"0 0 75 79\" fill=\"none\" xmlns=\"http:\/\/www.w3.org\/2000\/svg\"><path d=\"M37.813-.025C32.462-.058 27.114.13 21.79.598c-8.544.621-17.214 5.58-20.203 13.931C-1.12 23.318.408 32.622.465 41.65c.375 7.316.943 14.78 3.392 21.73 4.365 9.465 14.781 14.537 24.782 15.385 7.64.698 15.761-.213 22.517-4.026a54.1 54.1 0 0 0 .01-6.232c-6.855 1.316-14.101 2.609-21.049 1.074-3.883-.88-6.876-4.237-7.25-8.215-1.53-3.988 3.78-.43 5.584-.883 9.048 1.224 18.282.776 27.303-.462 7.044-.837 14.26-4.788 16.65-11.833 2.263-6.135 1.215-12.79 1.698-19.177.06-3.84.09-7.692-.262-11.52C72.596 7.844 63.223.981 53.834.684a219.453 219.453 0 0 0-16.022-.71zm11.294 12.882c5.5-.067 10.801 4.143 11.67 9.653.338 1.48.471 3 .471 4.515v21.088h-8.357c-.07-7.588.153-15.182-.131-22.765-.587-4.368-7.04-5.747-9.672-2.397-2.422 3.04-1.47 7.155-1.67 10.735v6.392h-8.307c-.146-4.996.359-10.045-.404-15.002-1.108-4.218-7.809-5.565-10.094-1.666-1.685 3.046-.712 6.634-.976 9.936v14.767h-8.354c.109-8.165-.238-16.344.215-24.5.674-5.346 5.095-10.389 10.676-10.627 4.902-.739 10.103 2.038 12.053 6.631.375 1.435 1.76 1.932 1.994.084 1.844-3.704 5.501-6.739 9.785-6.771.367-.044.735-.068 1.101-.073z\"\/><defs><lineargradient id=\"paint0_linear_549_34\" x1=\"37.0692\" y1=\"0\" x2=\"37.0692\" y2=\"79\" gradientunits=\"userSpaceOnUse\"><stop stop-color=\"#6364FF\"\/><stop offset=\"1\" stop-color=\"#563ACC\"\/><\/lineargradient><\/defs><\/svg><\/span><span class=\"shariff-text\">Payla\u015f<\/span>&nbsp;<\/a><\/li><li class=\"shariff-button facebook shariff-nocustomcolor\" style=\"background-color:#4273c8\"><a href=\"https:\/\/www.facebook.com\/sharer\/sharer.php?u=https%3A%2F%2Fwww.kryptoakademie24.de%2Ftr%2Fblockchain-agentur-koeln\" title=\"Facebook&#039;ta Payla\u015f\" aria-label=\"Facebook&#039;ta Payla\u015f\" role=\"button\" rel=\"nofollow\" class=\"shariff-link\" style=\"; background-color:#3b5998; color:#fff\" target=\"_blank\"><span class=\"shariff-icon\" style=\"\"><svg width=\"32px\" height=\"20px\" xmlns=\"http:\/\/www.w3.org\/2000\/svg\" viewbox=\"0 0 18 32\"><path fill=\"#3b5998\" d=\"M17.1 0.2v4.7h-2.8q-1.5 0-2.1 0.6t-0.5 1.9v3.4h5.2l-0.7 5.3h-4.5v13.6h-5.5v-13.6h-4.5v-5.3h4.5v-3.9q0-3.3 1.9-5.2t5-1.8q2.6 0 4.1 0.2z\"\/><\/svg><\/span><span class=\"shariff-text\">Payla\u015f<\/span>&nbsp;<\/a><\/li><li class=\"shariff-button linkedin shariff-nocustomcolor\" style=\"background-color:#1488bf\"><a href=\"https:\/\/www.linkedin.com\/sharing\/share-offsite\/?url=https%3A%2F%2Fwww.kryptoakademie24.de%2Ftr%2Fblockchain-agentur-koeln\" title=\"LinkedIn&#039;de Payla\u015f\" aria-label=\"LinkedIn&#039;de Payla\u015f\" role=\"button\" rel=\"noopener nofollow\" class=\"shariff-link\" style=\"; background-color:#0077b5; color:#fff\" target=\"_blank\"><span class=\"shariff-icon\" style=\"\"><svg width=\"32px\" height=\"20px\" xmlns=\"http:\/\/www.w3.org\/2000\/svg\" viewbox=\"0 0 27 32\"><path fill=\"#0077b5\" d=\"M6.2 11.2v17.7h-5.9v-17.7h5.9zM6.6 5.7q0 1.3-0.9 2.2t-2.4 0.9h0q-1.5 0-2.4-0.9t-0.9-2.2 0.9-2.2 2.4-0.9 2.4 0.9 0.9 2.2zM27.4 18.7v10.1h-5.9v-9.5q0-1.9-0.7-2.9t-2.3-1.1q-1.1 0-1.9 0.6t-1.2 1.5q-0.2 0.5-0.2 1.4v9.9h-5.9q0-7.1 0-11.6t0-5.3l0-0.9h5.9v2.6h0q0.4-0.6 0.7-1t1-0.9 1.6-0.8 2-0.3q3 0 4.9 2t1.9 6z\"\/><\/svg><\/span><span class=\"shariff-text\">Payla\u015f<\/span>&nbsp;<\/a><\/li><li class=\"shariff-button info shariff-nocustomcolor\" style=\"background-color:#eee\"><a href=\"https:\/\/www.kryptoakademie24.de\/tr\/whitepaper\/\" title=\"Whitepaper\" aria-label=\"Whitepaper\" role=\"button\" rel=\"noopener \" class=\"shariff-link\" style=\"; background-color:#fff; color:#fff\" target=\"_blank\"><span class=\"shariff-icon\" style=\"\"><svg width=\"32px\" height=\"20px\" xmlns=\"http:\/\/www.w3.org\/2000\/svg\" viewbox=\"0 0 11 32\"><path fill=\"#999\" d=\"M11.4 24v2.3q0 0.5-0.3 0.8t-0.8 0.4h-9.1q-0.5 0-0.8-0.4t-0.4-0.8v-2.3q0-0.5 0.4-0.8t0.8-0.4h1.1v-6.8h-1.1q-0.5 0-0.8-0.4t-0.4-0.8v-2.3q0-0.5 0.4-0.8t0.8-0.4h6.8q0.5 0 0.8 0.4t0.4 0.8v10.3h1.1q0.5 0 0.8 0.4t0.3 0.8zM9.2 3.4v3.4q0 0.5-0.4 0.8t-0.8 0.4h-4.6q-0.4 0-0.8-0.4t-0.4-0.8v-3.4q0-0.4 0.4-0.8t0.8-0.4h4.6q0.5 0 0.8 0.4t0.4 0.8z\"\/><\/svg><\/span><\/a><\/li><\/ul><\/div><p><span style=\"color: #00ccff;\"><strong>Blockchain Cologne'a ho\u015f geldiniz: Blockchain \u00e7\u00f6z\u00fcmleri i\u00e7in uzmanlar\u0131n\u0131z<\/strong><\/span><\/p>\n<p>K\u00f6ln'de yenilik\u00e7i blockchain \u00e7\u00f6z\u00fcmleri mi ar\u0131yorsunuz? Do\u011fru yere geldiniz. Blockchain Cologne, blockchain teknolojilerinin entegrasyonu ve geli\u015ftirilmesi i\u00e7in g\u00fcvenilir ve deneyimli ajans\u0131n\u0131zd\u0131r. \u015eirketinizi gelece\u011fe ta\u015f\u0131yacak \u00f6zelle\u015ftirilmi\u015f \u00e7\u00f6z\u00fcmler sunuyoruz.<\/p>\n<p><strong>Hizmetlerimiz:<\/strong><\/p>\n<ol>\n<li><strong><span style=\"color: #00ccff;\">Blockchain geli\u015ftirme<\/span>:<\/strong> Blok zinciri geli\u015ftiricilerinden olu\u015fan deneyimli ekibimiz, i\u015f ihtiya\u00e7lar\u0131n\u0131za m\u00fckemmel \u015fekilde uyarlanm\u0131\u015f \u00f6zelle\u015ftirilmi\u015f blok zinciri \u00e7\u00f6z\u00fcmleri olu\u015fturur. Konseptten uygulamaya kadar - sizi teminat alt\u0131na ald\u0131k.<\/li>\n<li><strong><span style=\"color: #00ccff;\">Ak\u0131ll\u0131 S\u00f6zle\u015fmeler<\/span>:<\/strong> \u0130\u015f s\u00fcre\u00e7lerini otomatikle\u015ftirmek ve verimlili\u011fi art\u0131rmak i\u00e7in ak\u0131ll\u0131 s\u00f6zle\u015fmelerin potansiyelinden yararlan\u0131n. Tam olarak ihtiya\u00e7lar\u0131n\u0131za g\u00f6re uyarlanm\u0131\u015f ak\u0131ll\u0131 s\u00f6zle\u015fmeler geli\u015ftiriyoruz.<\/li>\n<li><strong><span style=\"color: #00ccff;\">Kripto Para Birimleri ve ICO'lar<\/span>:<\/strong> Kendi kripto para biriminizi olu\u015fturmak m\u0131 istiyorsunuz yoksa bir \u0130lk Para Arz\u0131 (ICO) m\u0131 planl\u0131yorsunuz? Bu alanda kapsaml\u0131 tavsiye ve destek sunuyoruz.<\/li>\n<li><strong><span style=\"color: #00ccff;\">Blockchain dan\u0131\u015fmanl\u0131\u011f\u0131<\/span>:<\/strong> Uzmanlar\u0131m\u0131z, blockchain teknolojisi hakk\u0131ndaki sorular\u0131n\u0131z\u0131 yan\u0131tlamak ve \u015firketiniz i\u00e7in en iyi \u00e7\u00f6z\u00fcmleri bulmak i\u00e7in haz\u0131rd\u0131r.<\/li>\n<li><strong><span style=\"color: #00ccff;\">Mevcut sistemlerin entegrasyonu<\/span>:<\/strong> Sorunsuz bir ge\u00e7i\u015f ve maksimum verimlilik sa\u011flamak i\u00e7in blok zincirini mevcut sistemlerinize sorunsuz bir \u015fekilde entegre etmenize yard\u0131mc\u0131 oluyoruz.<\/li>\n<\/ol>\n<p><span style=\"color: #00ccff;\"><strong>Neden Blockchain K\u00f6ln'\u00fc se\u00e7melisiniz?<\/strong><\/span><\/p>\n<ul>\n<li><span style=\"color: #00ccff;\"><strong>Yerel uzmanl\u0131k:<\/strong><\/span> K\u00f6ln merkezli bir ajans olarak, b\u00f6lgesel pazar\u0131 ve \u015firketinizin \u00f6zel gereksinimlerini anl\u0131yoruz.<\/li>\n<li><strong><span style=\"color: #00ccff;\">Deneyim ve uzmanl\u0131k<\/span>:<\/strong> Ekibimiz blok zinciri geli\u015ftirme ve dan\u0131\u015fmanl\u0131k alanlar\u0131nda uzun y\u0131llara dayanan deneyime sahiptir.<\/li>\n<li><span style=\"color: #00ccff;\"><strong>M\u00fc\u015fteri merkezli yakla\u015f\u0131m:<\/strong><\/span> Bireysel gereksinimlerinizi anlamak ve size \u00f6zel \u00e7\u00f6z\u00fcmler sunmak i\u00e7in sizinle yak\u0131n i\u015fbirli\u011fi i\u00e7inde \u00e7al\u0131\u015f\u0131yoruz.<\/li>\n<li><span style=\"color: #00ccff;\"><strong>Sicil kayd\u0131:<\/strong><\/span> \u00c7e\u015fitli sekt\u00f6rlerdeki \u015firketler i\u00e7in blockchain projelerini ba\u015far\u0131yla uygulad\u0131k.<\/li>\n<\/ul>\n<p><span style=\"color: #00ccff;\"><strong>K\u00f6ln'deki i\u015fletmeniz i\u00e7in blockchain kullanmaya haz\u0131r m\u0131s\u0131n\u0131z? Hizmetlerimiz hakk\u0131nda daha fazla bilgi edinmek ve \u00fccretsiz bir dan\u0131\u015fmanl\u0131k ayarlamak i\u00e7in bug\u00fcn bize ula\u015f\u0131n. Gelece\u011fi birlikte \u015fekillendirelim!<\/strong><\/span><\/p>\n<p><img decoding=\"async\" loading=\"lazy\" class=\"alignnone size-full wp-image-25428\" src=\"https:\/\/www.kryptoakademie24.de\/wp-content\/uploads\/2022\/12\/shutterstock_1083161909-e1671089892115.jpg\" alt=\"\" width=\"1000\" height=\"157\" srcset=\"https:\/\/www.kryptoakademie24.de\/wp-content\/uploads\/2022\/12\/shutterstock_1083161909-e1671089892115.jpg 1000w, https:\/\/www.kryptoakademie24.de\/wp-content\/uploads\/2022\/12\/shutterstock_1083161909-e1671089892115-300x47.jpg 300w, https:\/\/www.kryptoakademie24.de\/wp-content\/uploads\/2022\/12\/shutterstock_1083161909-e1671089892115-768x121.jpg 768w\" sizes=\"(max-width: 1000px) 100vw, 1000px\" \/><\/p>\n<p>Canl\u0131 K\u00f6ln \u015fehrinde blockchain teknolojisi ve inovasyon konusunda lider orta\u011f\u0131n\u0131z\u0131z. Tan\u0131nm\u0131\u015f bir blok zinciri ajans\u0131 olarak, \u015firketlerin, devlet kurumlar\u0131n\u0131n ve kurulu\u015flar\u0131n bu \u00e7\u0131\u011f\u0131r a\u00e7an teknolojinin d\u00f6n\u00fc\u015ft\u00fcr\u00fcc\u00fc g\u00fcc\u00fcnden yararlanmalar\u0131 ve hedeflerine ula\u015fmalar\u0131 i\u00e7in birinci s\u0131n\u0131f \u00e7\u00f6z\u00fcmler sunuyoruz.<\/p>\n<p>**Hizmetlerimiz:**<\/p>\n<p>1. Dan\u0131\u015fmanl\u0131k ve strateji:** Uzmanlar\u0131m\u0131z, sekt\u00f6r\u00fcn\u00fcz i\u00e7in blok zincirinin potansiyelini fark etmenize yard\u0131mc\u0131 olur. \u0130\u015f s\u00fcre\u00e7lerinizde devrim yaratan ve ileriye d\u00f6n\u00fck de\u011fi\u015fimi te\u015fvik eden \u00f6zelle\u015ftirilmi\u015f blok zinciri stratejileri geli\u015ftiriyoruz.<\/p>\n<p>2. **<strong>Blockchain \u00e7\u00f6z\u00fcmlerinin geli\u015ftirilmesi<\/strong>Konsept geli\u015ftirmeden hayata ge\u00e7irmeye kadar deneyimli ekibimiz, gereksinimlerinizi kar\u015f\u0131layan \u00f6zelle\u015ftirilmi\u015f blok zinciri uygulamalar\u0131 olu\u015fturur. \u0130ster tedarik zinciri takibi, ister merkezi olmayan finansal hizmetler veya dijital tan\u0131mlama olsun, vizyonunuzu ger\u00e7e\u011fe d\u00f6n\u00fc\u015ft\u00fcr\u00fcyoruz.<\/p>\n<p>3 **Ak\u0131ll\u0131 S\u00f6zle\u015fme Geli\u015ftirme:** Uzmanl\u0131\u011f\u0131m\u0131z, \u015feffaf ve g\u00fcvenli i\u015flemler sa\u011flayan ak\u0131ll\u0131 s\u00f6zle\u015fmeler tasarlamay\u0131 ve programlamay\u0131 i\u00e7erir. Ak\u0131ll\u0131 s\u00f6zle\u015fme \u00e7\u00f6z\u00fcmlerimizle s\u00fcre\u00e7leri otomatikle\u015ftirin ve verimlili\u011fi optimize edin.<\/p>\n<p>4. **<strong>Tokenle\u015ftirme ve ICO dan\u0131\u015fmanl\u0131\u011f\u0131<\/strong>Kendi tokenlerinizi olu\u015fturmay\u0131 veya bir ICO (\u0130lk Para Arz\u0131) ger\u00e7ekle\u015ftirmeyi d\u00fc\u015f\u00fcn\u00fcyorsan\u0131z, yetkin orta\u011f\u0131n\u0131z biziz. Varl\u0131k tokenizasyonundan yasal d\u00fczenlemelere uygunlu\u011fa kadar kapsaml\u0131 tavsiyeler sunuyoruz.<\/p>\n<p>5. **<strong>Entegrasyon ve e\u011fitim<\/strong>Blok zincirini mevcut BT yap\u0131n\u0131za sorunsuz bir \u015fekilde entegre etmenizde size destek oluyoruz. E\u011fitim programlar\u0131m\u0131z size ve ekibinize teknolojiden en iyi \u015fekilde yararlanman\u0131z i\u00e7in gereken uzmanl\u0131\u011f\u0131 sa\u011flar.<\/p>\n<p>**Neden bizi se\u00e7melisiniz?<\/p>\n<p>- Yerel mevcudiyet:** K\u00f6ln merkezli bir \u015firket olarak m\u00fc\u015fterilerimize yak\u0131n\u0131z ve \u015fehrimizin \u00f6zel gereksinimlerini anl\u0131yoruz.<\/p>\n<p>- Deneyim:** Blockchain \u00e7\u00f6z\u00fcmleri geli\u015ftirmede etkileyici bir ge\u00e7mi\u015fe sahip olarak, birinci s\u0131n\u0131f uzmanl\u0131k sunuyoruz.<\/p>\n<p>&#8211; **<strong>M\u00fc\u015fteri odakl\u0131l\u0131k<\/strong>\u0130steklerinize \u00f6ncelik veriyor ve size \u00f6zel \u00e7\u00f6z\u00fcmler geli\u015ftirmek i\u00e7in sizinle yak\u0131n i\u015fbirli\u011fi i\u00e7inde \u00e7al\u0131\u015f\u0131yoruz.<\/p>\n<p>- \u0130novasyon:** Blockchain bizim tutkumuz. Her zaman teknolojinin en ileri noktas\u0131nda kal\u0131yor ve her projeye yenilik\u00e7i fikirler getiriyoruz.<\/p>\n<p>Bizimle ileti\u015fime ge\u00e7in ve blockchain'in i\u015finizi nas\u0131l d\u00f6n\u00fc\u015ft\u00fcrebilece\u011fini ke\u015ffedin. Uzmanlar\u0131m\u0131z sorular\u0131n\u0131z\u0131 yan\u0131tlamaya ve projenizi ileriye ta\u015f\u0131maya haz\u0131r. \u0130novasyon ve teknolojinin gelenek ve ilerlemeyle bulu\u015ftu\u011fu Blockchain Agency K\u00f6ln'e ho\u015f geldiniz.<\/p>","protected":false},"excerpt":{"rendered":"<p>Blockchain K\u00f6ln'e ho\u015f geldiniz: Blockchain \u00e7\u00f6z\u00fcmleri i\u00e7in uzmanlar\u0131n\u0131z K\u00f6ln'de yenilik\u00e7i blockchain \u00e7\u00f6z\u00fcmleri mi ar\u0131yorsunuz? Do\u011fru yere geldiniz.<\/p>","protected":false},"author":1,"featured_media":0,"parent":0,"menu_order":0,"comment_status":"closed","ping_status":"closed","template":"","meta":{"om_disable_all_campaigns":false,"_mi_skip_tracking":false,"footnotes":""},"aioseo_notices":[],"_links":{"self":[{"href":"https:\/\/www.kryptoakademie24.de\/tr\/wp-json\/wp\/v2\/pages\/26109"}],"collection":[{"href":"https:\/\/www.kryptoakademie24.de\/tr\/wp-json\/wp\/v2\/pages"}],"about":[{"href":"https:\/\/www.kryptoakademie24.de\/tr\/wp-json\/wp\/v2\/types\/page"}],"author":[{"embeddable":true,"href":"https:\/\/www.kryptoakademie24.de\/tr\/wp-json\/wp\/v2\/users\/1"}],"replies":[{"embeddable":true,"href":"https:\/\/www.kryptoakademie24.de\/tr\/wp-json\/wp\/v2\/comments?post=26109"}],"version-history":[{"count":4,"href":"https:\/\/www.kryptoakademie24.de\/tr\/wp-json\/wp\/v2\/pages\/26109\/revisions"}],"predecessor-version":[{"id":26165,"href":"https:\/\/www.kryptoakademie24.de\/tr\/wp-json\/wp\/v2\/pages\/26109\/revisions\/26165"}],"wp:attachment":[{"href":"https:\/\/www.kryptoakademie24.de\/tr\/wp-json\/wp\/v2\/media?parent=26109"}],"curies":[{"name":"wp","href":"https:\/\/api.w.org\/{rel}","templated":true}]}}